{"id":1452,"date":"2021-06-15T14:23:23","date_gmt":"2021-06-15T14:23:23","guid":{"rendered":"http:\/\/www.topolis.se\/?page_id=1452"},"modified":"2024-03-04T08:59:10","modified_gmt":"2024-03-04T08:59:10","slug":"handlavede-udendorsmobler","status":"publish","type":"page","link":"https:\/\/www.topolis.se\/da\/handgjorda-utemobler\/","title":{"rendered":"Udend\u00f8rs m\u00f8bler"},"content":{"rendered":"<div data-elementor-type=\"wp-page\" data-elementor-id=\"1452\" class=\"elementor elementor-1452\" data-elementor-post-type=\"page\">\n\t\t\t\t\t\t<section class=\"elementor-section elementor-top-section elementor-element elementor-element-79280b8 elementor-section-height-min-height elementor-section-boxed elementor-section-height-default elementor-section-items-middle\" data-id=\"79280b8\" data-element_type=\"section\" data-settings=\"{&quot;background_background&quot;:&quot;classic&quot;}\">\n\t\t\t\t\t\t\t<div class=\"elementor-background-overlay\"><\/div>\n\t\t\t\t\t\t\t<div class=\"elementor-container elementor-column-gap-default\">\n\t\t\t\t\t<div class=\"elementor-column elementor-col-50 elementor-top-column elementor-element elementor-element-6701a400\" data-id=\"6701a400\" data-element_type=\"column\">\n\t\t\t<div class=\"elementor-widget-wrap\">\n\t\t\t\t\t\t\t<\/div>\n\t\t<\/div>\n\t\t\t\t<div class=\"elementor-column elementor-col-50 elementor-top-column elementor-element elementor-element-6c9faa4\" data-id=\"6c9faa4\" data-element_type=\"column\">\n\t\t\t<div class=\"elementor-widget-wrap\">\n\t\t\t\t\t\t\t<\/div>\n\t\t<\/div>\n\t\t\t\t\t<\/div>\n\t\t<\/section>\n\t\t\t\t<section class=\"elementor-section elementor-top-section elementor-element elementor-element-5339fa00 elementor-section-boxed elementor-section-height-default elementor-section-height-default\" data-id=\"5339fa00\" data-element_type=\"section\">\n\t\t\t\t\t\t<div class=\"elementor-container elementor-column-gap-default\">\n\t\t\t\t\t<div class=\"elementor-column elementor-col-100 elementor-top-column elementor-element elementor-element-11a11643\" data-id=\"11a11643\" data-element_type=\"column\">\n\t\t\t<div class=\"elementor-widget-wrap elementor-element-populated\">\n\t\t\t\t\t\t<div class=\"elementor-element elementor-element-48dd45db elementor-widget elementor-widget-heading\" data-id=\"48dd45db\" data-element_type=\"widget\" data-widget_type=\"heading.default\">\n\t\t\t\t<div class=\"elementor-widget-container\">\n\t\t\t<h1 class=\"elementor-heading-title elementor-size-default\">H\u00e5ndlavede udend\u00f8rs m\u00f8bler<\/h1>\t\t<\/div>\n\t\t\t\t<\/div>\n\t\t\t\t<div class=\"elementor-element elementor-element-0ac346d elementor-widget elementor-widget-text-editor\" data-id=\"0ac346d\" data-element_type=\"widget\" data-widget_type=\"text-editor.default\">\n\t\t\t\t<div class=\"elementor-widget-container\">\n\t\t\t\t\t\t\t<p><span style=\"font-weight: 400;\">Skab en atmosf\u00e6re af elegance og komfort p\u00e5 din terrasse med vores n\u00f8je udvalgte sortiment af havem\u00f8bler, som ikke bare giver et \u00e6stetisk pr\u00e6g, men som ogs\u00e5 holder \u00e5r efter \u00e5r. Vores fokus er p\u00e5 at tilbyde komfortable havem\u00f8bler, der ikke kun er smukke at se p\u00e5, men ogs\u00e5 holdbare nok til daglig brug.<\/span><\/p><h2><span style=\"font-weight: 400;\">Vores h\u00e5ndlavede sortiment<\/span><\/h2><p><span style=\"font-weight: 400;\">Alle vores udend\u00f8rsm\u00f8bler er h\u00e5ndlavede og fremstillet af smukt tr\u00e6, der f\u00e5s i en r\u00e6kke forskellige farver. At v\u00e6lge de rigtige havem\u00f8bler til din udestue, terrasse eller altan er en vigtig del af at skabe et indbydende og funktionelt udemilj\u00f8. Hos Topolis finder du et bredt udvalg af h\u00e5ndlavede udend\u00f8rsm\u00f8bler, der kombinerer stil, komfort og kvalitet. Vores havem\u00f8bler er designet til at forbedre din udend\u00f8rsoplevelse, uanset om du er p\u00e5 udkig efter altanstole, loungestole, hvilestole eller udend\u00f8rsstole. Vi har ogs\u00e5 sammenklappelige \u00f8ko-stole, som kan bruges hvor som helst og n\u00e5r som helst i l\u00f8bet af \u00e5ret.<\/span><\/p><h2><span style=\"font-weight: 400;\">Vi har en passion for selvfremstilling<\/span><\/h2><p><span style=\"font-weight: 400;\">Vores dedikation til h\u00e5ndv\u00e6rk afspejles i hvert eneste stykke af vores h\u00e5ndlavede udend\u00f8rsm\u00f8bler, bj\u00e6lkehytter, spabade og boblebade. Denne passion for egenproduktion betyder, at vi n\u00f8je udv\u00e6lger materialer, designer hvert produkt med pr\u00e6cision og l\u00e6gger stor v\u00e6gt p\u00e5 detaljer. For os er egenproduktion synonymt med kvalitet og holdbarhed; det er vores m\u00e5de at sikre, at du f\u00e5r et produkt, som ikke kun er smukt at se p\u00e5, men som ogs\u00e5 er bygget til at holde over tid. N\u00e5r du v\u00e6lger Topolis, v\u00e6lger du en virksomhed, der s\u00e6tter h\u00e5ndv\u00e6rk og \u00e6gte omsorg i h\u00f8js\u00e6det. <\/span><\/p>\t\t\t\t\t\t<\/div>\n\t\t\t\t<\/div>\n\t\t\t\t<div class=\"elementor-element elementor-element-3fc331c elementor-widget-divider--view-line elementor-widget elementor-widget-divider\" data-id=\"3fc331c\" data-element_type=\"widget\" data-widget_type=\"divider.default\">\n\t\t\t\t<div class=\"elementor-widget-container\">\n\t\t\t\t\t<div class=\"elementor-divider\">\n\t\t\t<span class=\"elementor-divider-separator\">\n\t\t\t\t\t\t<\/span>\n\t\t<\/div>\n\t\t\t\t<\/div>\n\t\t\t\t<\/div>\n\t\t\t\t\t<\/div>\n\t\t<\/div>\n\t\t\t\t\t<\/div>\n\t\t<\/section>\n\t\t\t\t<section class=\"elementor-section elementor-top-section elementor-element elementor-element-d3b8bf6 elementor-section-boxed elementor-section-height-default elementor-section-height-default\" data-id=\"d3b8bf6\" data-element_type=\"section\">\n\t\t\t\t\t\t<div class=\"elementor-container elementor-column-gap-default\">\n\t\t\t\t\t<div class=\"elementor-column elementor-col-100 elementor-top-column elementor-element elementor-element-777a424\" data-id=\"777a424\" data-element_type=\"column\">\n\t\t\t<div class=\"elementor-widget-wrap elementor-element-populated\">\n\t\t\t\t\t\t<div class=\"elementor-element elementor-element-362fe62 elementor-widget elementor-widget-text-editor\" data-id=\"362fe62\" data-element_type=\"widget\" data-widget_type=\"text-editor.default\">\n\t\t\t\t<div class=\"elementor-widget-container\">\n\t\t\t\t\t\t\t<h3><span style=\"font-weight: 400;\">Lounge stol<\/span><\/h3><p><span style=\"font-weight: 400;\">For dem, der \u00f8nsker at skabe en mere afslappet og indbydende atmosf\u00e6re, er vores loungestole det perfekte valg. Stolene er designet til at give maksimal komfort og stil og er behagelige at sidde i i l\u00e6ngere tid ad gangen. De er ideelle til st\u00f8rre terrasser og udestuer, hvor du kan skabe et afslappende loungeomr\u00e5de for dig og dine g\u00e6ster.<\/span><\/p><h3><span style=\"font-weight: 400;\">Stole p\u00e5 balkonen<\/span><\/h3><p><span style=\"font-weight: 400;\">N\u00e5r du v\u00e6lger altanstole, er det vigtigt at overveje st\u00f8rrelsen p\u00e5 din altan, og hvordan du planl\u00e6gger at bruge pladsen. Vores h\u00e5ndlavede altanstole er designet til at maksimere pladsen uden at g\u00e5 p\u00e5 kompromis med komforten. De er nemme at folde sammen og placere langs v\u00e6ggen eller skubbe ind under et bord for at beskytte mod regn og vind. Stolene er perfekte til mindre rum og er en stilfuld og praktisk l\u00f8sning til morgenkaffen eller aftenhyggen under stjernerne.<\/span><\/p><h3><span style=\"font-weight: 400;\">Hvilestole<\/span><\/h3><p><span style=\"font-weight: 400;\">Vores hvilestole er designet til ultimativ afslapning og stille stunder. De er perfekte til at nyde en god bog eller bare slappe af i solen. Med deres ergonomiske design og materialer af h\u00f8j kvalitet tilbyder stolene uovertruffen siddekomfort. De er et fremragende valg til ethvert udend\u00f8rs milj\u00f8, hvor afslapning er i fokus.<\/span><\/p><h3><span style=\"font-weight: 400;\">Udend\u00f8rs stole<\/span><\/h3><p><span style=\"font-weight: 400;\">Til den eventyrlystne tilbyder vi udend\u00f8rsstole, der kombinerer funktionalitet med holdbarhed. Disse stole er nemme at transportere og kan modst\u00e5 de h\u00e5rdeste vejrforhold, hvilket g\u00f8r dem perfekte til camping, fiskeri eller andre udend\u00f8rs aktiviteter. Vores udend\u00f8rsstole er ikke kun praktiske, men ogs\u00e5 designet med stil og komfort i tankerne.<\/span><\/p><h3>Ferie-stole<\/h3><p>Topolis' feriestole er designet til at give komfort og stil til din fritid. De er perfekte til afslapning i haven, ved poolen eller p\u00e5 dit yndlingssted udend\u00f8rs. Uanset om du nyder en stille stund for dig selv eller har g\u00e6ster, bidrager vores feriestole til en mere afslappet og indbydende atmosf\u00e6re.<\/p><h3><span style=\"font-weight: 400;\">Kombiner med andre Topoli-produkter<\/span><\/h3><p><span style=\"font-weight: 400;\">Ud over vores store udvalg af havem\u00f8bler tilbyder Topolis ogs\u00e5 andre produkter, der kan forbedre din udend\u00f8rsoplevelse. Vores <\/span><a href=\"https:\/\/www.topolis.se\/da\/bjaelkehus\/\"><span style=\"font-weight: 400;\">Bj\u00e6lkehus<\/span><\/a><span style=\"font-weight: 400;\"> er charmerende og kan bygges p\u00e5 forskellige m\u00e5der. Vores <\/span><a href=\"https:\/\/www.topolis.se\/da\/spabad\/\"><span style=\"font-weight: 400;\">spabad<\/span><\/a><span style=\"font-weight: 400;\"> og <a href=\"https:\/\/www.topolis.se\/da\/spabade\/\">br\u00e6ndefyrede spabade<\/a> giver en luksuri\u00f8s afslapning og kan nemt kombineres med vores udend\u00f8rsm\u00f8bler for at skabe en komplet udend\u00f8rs oase. Derudover tilbyder vi <\/span><a href=\"https:\/\/www.topolis.se\/da\/speed-kabiner\/\"><span style=\"font-weight: 400;\">Speed-kabiner<\/span><\/a><span style=\"font-weight: 400;\"> som er perfekte til dem, der \u00f8nsker et fleksibelt og funktionelt rum i deres have.<\/span><\/p><h2><span style=\"font-weight: 400;\">S\u00e5dan skal du t\u00e6nke, n\u00e5r du k\u00f8ber vores havem\u00f8bler<\/span><\/h2><p><span style=\"font-weight: 400;\">N\u00e5r man k\u00f8ber udend\u00f8rsm\u00f8bler, er det vigtigt at overveje materialer, st\u00f8rrelse, vedligeholdelse og hvordan m\u00f8blerne skal bruges. Vores h\u00e5ndlavede udem\u00f8bler er fremstillet af materialer af h\u00f8j kvalitet, som er udvalgt til at modst\u00e5 de nordiske vejrforhold. Det er ogs\u00e5 vigtigt at overveje, hvordan m\u00f8blerne vil supplere dit uderum og dine andre Topolis-produkter.<\/span><\/p><h2><span style=\"font-weight: 400;\">Tips til at skabe en smuk terrasse med Topolis' havem\u00f8bler<\/span><\/h2><p><span style=\"font-weight: 400;\">Det kr\u00e6ver omtanke at skabe det perfekte udemilj\u00f8. Her er nogle tips, der kan hj\u00e6lpe dig med at v\u00e6lge de rigtige havem\u00f8bler til din terrasse eller altan:<\/span><\/p><p><b>At t\u00e6nke p\u00e5 overfladen<\/b><span style=\"font-weight: 400;\"> - Overvej st\u00f8rrelsen og indretningen af din terrasse for at sikre, at dine m\u00f8bler passer komfortabelt og opfylder deres form\u00e5l.<\/span><\/p><p><b>T\u00e6nk over stilen<\/b><span style=\"font-weight: 400;\"> - V\u00e6lg m\u00f8bler, der passer til resten af dit hjem og din haves generelle udseende, s\u00e5 du f\u00e5r et godt helhedsindtryk.<\/span><\/p><p><b>V\u00e6lg vores h\u00f8je kvalitet<\/b><span style=\"font-weight: 400;\"> - Invester i holdbare udend\u00f8rsm\u00f8bler af h\u00f8j kvalitet, som holder i mange \u00e5r.<\/span><\/p><h3><span style=\"font-weight: 400;\">S\u00e5dan vedligeholder du bedst dine havem\u00f8bler<\/span><\/h3><p><span style=\"font-weight: 400;\">Udend\u00f8rsm\u00f8bler af tr\u00e6 kr\u00e6ver ogs\u00e5 ordentlig pleje. Alle vores havem\u00f8bler er h\u00e5ndlavede og unikke, og de skal plejes for at holde endnu l\u00e6ngere.<\/span><\/p><p><b>Regelm\u00e6ssig reng\u00f8ring<\/b><span style=\"font-weight: 400;\">. T\u00f8r j\u00e6vnligt dine m\u00f8bler af med en bl\u00f8d, fugtig klud for at fjerne snavs og forhindre r\u00e5d.<\/span><\/p><p><b>Beskyttelsesforanstaltninger<\/b><span style=\"font-weight: 400;\">. Overvej at bruge m\u00f8belovertr\u00e6k eller opbevare dine m\u00f8bler, n\u00e5r det regner eller sner, og husk ogs\u00e5, at solen vil falme dine m\u00f8bler med tiden.<\/span><\/p><p><b>Pas p\u00e5 materialet<\/b><span style=\"font-weight: 400;\">. Hvert materiale har specifikke krav til pleje. F\u00f8lg vores skr\u00e6ddersyede r\u00e5d for at holde dine m\u00f8bler i topform.<\/span><\/p>\t\t\t\t\t\t<\/div>\n\t\t\t\t<\/div>\n\t\t\t\t\t<\/div>\n\t\t<\/div>\n\t\t\t\t\t<\/div>\n\t\t<\/section>\n\t\t\t\t<\/div>","protected":false},"excerpt":{"rendered":"<p>Handgjorda utem\u00f6bler Skapa en atmosf\u00e4r av elegans och komfort p\u00e5 din uteplats med v\u00e5rt noggrant utvalda sortiment av utem\u00f6bler som inte bara ger en estetiskt tilltalande touch utan \u00e4ven h\u00e5ller \u00e5r efter \u00e5r. V\u00e5rt fokus ligger p\u00e5 att erbjuda bekv\u00e4ma utem\u00f6bler som inte bara \u00e4r fina att se p\u00e5 utan ocks\u00e5 h\u00e5llbara nog att anv\u00e4ndas [&hellip;]<\/p>\n","protected":false},"author":16,"featured_media":0,"parent":0,"menu_order":0,"comment_status":"closed","ping_status":"closed","template":"","meta":{"_acf_changed":false,"_monsterinsights_skip_tracking":false,"_monsterinsights_sitenote_active":false,"_monsterinsights_sitenote_note":"","_monsterinsights_sitenote_category":0,"footnotes":""},"class_list":["post-1452","page","type-page","status-publish","hentry"],"acf":[],"yoast_head":"<!-- This site is optimized with the Yoast SEO Premium plugin v27.0 (Yoast SEO v27.0) - https:\/\/yoast.com\/product\/yoast-seo-premium-wordpress\/ -->\n<title>Handgjorda utem\u00f6bler i h\u00f6g kvalitet - Topolis AB<\/title>\n<meta name=\"description\" content=\"Uppt\u00e4ck Topolis handgjorda utem\u00f6bler f\u00f6r balkong, terrass och uterum. Kvalitet och design som f\u00f6rh\u00f6jer din utomhusmilj\u00f6. Egen tillverkning! Ring oss idag!\" \/>\n<meta name=\"robots\" content=\"index, follow, max-snippet:-1, max-image-preview:large, max-video-preview:-1\" \/>\n<link rel=\"canonical\" href=\"https:\/\/www.topolis.se\/da\/handlavede-udendorsmobler\/\" \/>\n<meta property=\"og:locale\" content=\"da_DK\" \/>\n<meta property=\"og:type\" content=\"article\" \/>\n<meta property=\"og:title\" content=\"Utem\u00f6bler\" \/>\n<meta property=\"og:description\" content=\"Uppt\u00e4ck Topolis handgjorda utem\u00f6bler f\u00f6r balkong, terrass och uterum. Kvalitet och design som f\u00f6rh\u00f6jer din utomhusmilj\u00f6. Egen tillverkning! Ring oss idag!\" \/>\n<meta property=\"og:url\" content=\"https:\/\/www.topolis.se\/da\/handlavede-udendorsmobler\/\" \/>\n<meta property=\"og:site_name\" content=\"Topolis\" \/>\n<meta property=\"article:publisher\" content=\"https:\/\/www.facebook.com\/Topolis-AB-1481407308845438\" \/>\n<meta property=\"article:modified_time\" content=\"2024-03-04T08:59:10+00:00\" \/>\n<meta property=\"og:image\" content=\"https:\/\/www.topolis.se\/wp-content\/uploads\/2023\/11\/0-02-05-da5802a9f7a5163b951819df0cc08174eefec3a3a2579440a4588ee20f6e4f4e_9417001aa7941a15.jpg\" \/>\n<meta name=\"twitter:card\" content=\"summary_large_image\" \/>\n<meta name=\"twitter:label1\" content=\"Estimeret l\u00e6setid\" \/>\n\t<meta name=\"twitter:data1\" content=\"6 minutter\" \/>\n<script type=\"application\/ld+json\" class=\"yoast-schema-graph\">{\"@context\":\"https:\/\/schema.org\",\"@graph\":[{\"@type\":\"WebPage\",\"@id\":\"https:\/\/www.topolis.se\/handgjorda-utemobler\/\",\"url\":\"https:\/\/www.topolis.se\/handgjorda-utemobler\/\",\"name\":\"Handgjorda utem\u00f6bler i h\u00f6g kvalitet - Topolis AB\",\"isPartOf\":{\"@id\":\"https:\/\/www.topolis.se\/#website\"},\"primaryImageOfPage\":{\"@id\":\"https:\/\/www.topolis.se\/handgjorda-utemobler\/#primaryimage\"},\"image\":{\"@id\":\"https:\/\/www.topolis.se\/handgjorda-utemobler\/#primaryimage\"},\"thumbnailUrl\":\"https:\/\/www.topolis.se\/wp-content\/uploads\/2023\/11\/0-02-05-da5802a9f7a5163b951819df0cc08174eefec3a3a2579440a4588ee20f6e4f4e_9417001aa7941a15.jpg\",\"datePublished\":\"2021-06-15T14:23:23+00:00\",\"dateModified\":\"2024-03-04T08:59:10+00:00\",\"description\":\"Uppt\u00e4ck Topolis handgjorda utem\u00f6bler f\u00f6r balkong, terrass och uterum. Kvalitet och design som f\u00f6rh\u00f6jer din utomhusmilj\u00f6. Egen tillverkning! Ring oss idag!\",\"breadcrumb\":{\"@id\":\"https:\/\/www.topolis.se\/handgjorda-utemobler\/#breadcrumb\"},\"inLanguage\":\"da-DK\",\"potentialAction\":[{\"@type\":\"ReadAction\",\"target\":[\"https:\/\/www.topolis.se\/handgjorda-utemobler\/\"]}]},{\"@type\":\"ImageObject\",\"inLanguage\":\"da-DK\",\"@id\":\"https:\/\/www.topolis.se\/handgjorda-utemobler\/#primaryimage\",\"url\":\"https:\/\/www.topolis.se\/wp-content\/uploads\/2023\/11\/0-02-05-da5802a9f7a5163b951819df0cc08174eefec3a3a2579440a4588ee20f6e4f4e_9417001aa7941a15.jpg\",\"contentUrl\":\"https:\/\/www.topolis.se\/wp-content\/uploads\/2023\/11\/0-02-05-da5802a9f7a5163b951819df0cc08174eefec3a3a2579440a4588ee20f6e4f4e_9417001aa7941a15.jpg\"},{\"@type\":\"BreadcrumbList\",\"@id\":\"https:\/\/www.topolis.se\/handgjorda-utemobler\/#breadcrumb\",\"itemListElement\":[{\"@type\":\"ListItem\",\"position\":1,\"name\":\"Home\",\"item\":\"https:\/\/www.topolis.se\/\"},{\"@type\":\"ListItem\",\"position\":2,\"name\":\"Utem\u00f6bler\"}]},{\"@type\":\"WebSite\",\"@id\":\"https:\/\/www.topolis.se\/#website\",\"url\":\"https:\/\/www.topolis.se\/\",\"name\":\"Topolis\",\"description\":\"\u00c4kta timmerhus\",\"publisher\":{\"@id\":\"https:\/\/www.topolis.se\/#organization\"},\"potentialAction\":[{\"@type\":\"SearchAction\",\"target\":{\"@type\":\"EntryPoint\",\"urlTemplate\":\"https:\/\/www.topolis.se\/?s={search_term_string}\"},\"query-input\":{\"@type\":\"PropertyValueSpecification\",\"valueRequired\":true,\"valueName\":\"search_term_string\"}}],\"inLanguage\":\"da-DK\"},{\"@type\":\"Organization\",\"@id\":\"https:\/\/www.topolis.se\/#organization\",\"name\":\"Topolis AB\",\"url\":\"https:\/\/www.topolis.se\/\",\"logo\":{\"@type\":\"ImageObject\",\"inLanguage\":\"da-DK\",\"@id\":\"https:\/\/www.topolis.se\/#\/schema\/logo\/image\/\",\"url\":\"https:\/\/www.topolis.se\/wp-content\/uploads\/2022\/01\/pilkash.jpg\",\"contentUrl\":\"https:\/\/www.topolis.se\/wp-content\/uploads\/2022\/01\/pilkash.jpg\",\"width\":1482,\"height\":1110,\"caption\":\"Topolis AB\"},\"image\":{\"@id\":\"https:\/\/www.topolis.se\/#\/schema\/logo\/image\/\"},\"sameAs\":[\"https:\/\/www.facebook.com\/Topolis-AB-1481407308845438\",\"https:\/\/www.instagram.com\/topolisab\/\",\"https:\/\/www.youtube.com\/channel\/UCcOYf9nxQDMyAsTxDq2hMJg\"]}]}<\/script>\n<!-- \/ Yoast SEO Premium plugin. -->","yoast_head_json":{"title":"H\u00e5ndlavede udend\u00f8rsm\u00f8bler af h\u00f8j kvalitet - Topolis AB","description":"Oplev Topolis h\u00e5ndlavede udend\u00f8rsm\u00f8bler til din altan, terrasse og udestue. Kvalitet og design, der forbedrer dit udemilj\u00f8. Egen produktion! Ring til os i dag!","robots":{"index":"index","follow":"follow","max-snippet":"max-snippet:-1","max-image-preview":"max-image-preview:large","max-video-preview":"max-video-preview:-1"},"canonical":"https:\/\/www.topolis.se\/da\/handlavede-udendorsmobler\/","og_locale":"da_DK","og_type":"article","og_title":"Utem\u00f6bler","og_description":"Uppt\u00e4ck Topolis handgjorda utem\u00f6bler f\u00f6r balkong, terrass och uterum. Kvalitet och design som f\u00f6rh\u00f6jer din utomhusmilj\u00f6. Egen tillverkning! Ring oss idag!","og_url":"https:\/\/www.topolis.se\/da\/handlavede-udendorsmobler\/","og_site_name":"Topolis","article_publisher":"https:\/\/www.facebook.com\/Topolis-AB-1481407308845438","article_modified_time":"2024-03-04T08:59:10+00:00","og_image":[{"url":"https:\/\/www.topolis.se\/wp-content\/uploads\/2023\/11\/0-02-05-da5802a9f7a5163b951819df0cc08174eefec3a3a2579440a4588ee20f6e4f4e_9417001aa7941a15.jpg","type":"","width":"","height":""}],"twitter_card":"summary_large_image","twitter_misc":{"Estimeret l\u00e6setid":"6 minutter"},"schema":{"@context":"https:\/\/schema.org","@graph":[{"@type":"WebPage","@id":"https:\/\/www.topolis.se\/handgjorda-utemobler\/","url":"https:\/\/www.topolis.se\/handgjorda-utemobler\/","name":"H\u00e5ndlavede udend\u00f8rsm\u00f8bler af h\u00f8j kvalitet - Topolis AB","isPartOf":{"@id":"https:\/\/www.topolis.se\/#website"},"primaryImageOfPage":{"@id":"https:\/\/www.topolis.se\/handgjorda-utemobler\/#primaryimage"},"image":{"@id":"https:\/\/www.topolis.se\/handgjorda-utemobler\/#primaryimage"},"thumbnailUrl":"https:\/\/www.topolis.se\/wp-content\/uploads\/2023\/11\/0-02-05-da5802a9f7a5163b951819df0cc08174eefec3a3a2579440a4588ee20f6e4f4e_9417001aa7941a15.jpg","datePublished":"2021-06-15T14:23:23+00:00","dateModified":"2024-03-04T08:59:10+00:00","description":"Oplev Topolis h\u00e5ndlavede udend\u00f8rsm\u00f8bler til din altan, terrasse og udestue. Kvalitet og design, der forbedrer dit udemilj\u00f8. Egen produktion! Ring til os i dag!","breadcrumb":{"@id":"https:\/\/www.topolis.se\/handgjorda-utemobler\/#breadcrumb"},"inLanguage":"da-DK","potentialAction":[{"@type":"ReadAction","target":["https:\/\/www.topolis.se\/handgjorda-utemobler\/"]}]},{"@type":"ImageObject","inLanguage":"da-DK","@id":"https:\/\/www.topolis.se\/handgjorda-utemobler\/#primaryimage","url":"https:\/\/www.topolis.se\/wp-content\/uploads\/2023\/11\/0-02-05-da5802a9f7a5163b951819df0cc08174eefec3a3a2579440a4588ee20f6e4f4e_9417001aa7941a15.jpg","contentUrl":"https:\/\/www.topolis.se\/wp-content\/uploads\/2023\/11\/0-02-05-da5802a9f7a5163b951819df0cc08174eefec3a3a2579440a4588ee20f6e4f4e_9417001aa7941a15.jpg"},{"@type":"BreadcrumbList","@id":"https:\/\/www.topolis.se\/handgjorda-utemobler\/#breadcrumb","itemListElement":[{"@type":"ListItem","position":1,"name":"Home","item":"https:\/\/www.topolis.se\/"},{"@type":"ListItem","position":2,"name":"Utem\u00f6bler"}]},{"@type":"WebSite","@id":"https:\/\/www.topolis.se\/#website","url":"https:\/\/www.topolis.se\/","name":"Topolis","description":"\u00c6gte bj\u00e6lkehuse","publisher":{"@id":"https:\/\/www.topolis.se\/#organization"},"potentialAction":[{"@type":"SearchAction","target":{"@type":"EntryPoint","urlTemplate":"https:\/\/www.topolis.se\/?s={search_term_string}"},"query-input":{"@type":"PropertyValueSpecification","valueRequired":true,"valueName":"search_term_string"}}],"inLanguage":"da-DK"},{"@type":"Organization","@id":"https:\/\/www.topolis.se\/#organization","name":"Topolis AB","url":"https:\/\/www.topolis.se\/","logo":{"@type":"ImageObject","inLanguage":"da-DK","@id":"https:\/\/www.topolis.se\/#\/schema\/logo\/image\/","url":"https:\/\/www.topolis.se\/wp-content\/uploads\/2022\/01\/pilkash.jpg","contentUrl":"https:\/\/www.topolis.se\/wp-content\/uploads\/2022\/01\/pilkash.jpg","width":1482,"height":1110,"caption":"Topolis AB"},"image":{"@id":"https:\/\/www.topolis.se\/#\/schema\/logo\/image\/"},"sameAs":["https:\/\/www.facebook.com\/Topolis-AB-1481407308845438","https:\/\/www.instagram.com\/topolisab\/","https:\/\/www.youtube.com\/channel\/UCcOYf9nxQDMyAsTxDq2hMJg"]}]}},"_links":{"self":[{"href":"https:\/\/www.topolis.se\/da\/wp-json\/wp\/v2\/pages\/1452","targetHints":{"allow":["GET"]}}],"collection":[{"href":"https:\/\/www.topolis.se\/da\/wp-json\/wp\/v2\/pages"}],"about":[{"href":"https:\/\/www.topolis.se\/da\/wp-json\/wp\/v2\/types\/page"}],"author":[{"embeddable":true,"href":"https:\/\/www.topolis.se\/da\/wp-json\/wp\/v2\/users\/16"}],"replies":[{"embeddable":true,"href":"https:\/\/www.topolis.se\/da\/wp-json\/wp\/v2\/comments?post=1452"}],"version-history":[{"count":40,"href":"https:\/\/www.topolis.se\/da\/wp-json\/wp\/v2\/pages\/1452\/revisions"}],"predecessor-version":[{"id":8852,"href":"https:\/\/www.topolis.se\/da\/wp-json\/wp\/v2\/pages\/1452\/revisions\/8852"}],"wp:attachment":[{"href":"https:\/\/www.topolis.se\/da\/wp-json\/wp\/v2\/media?parent=1452"}],"curies":[{"name":"wp","href":"https:\/\/api.w.org\/{rel}","templated":true}]}}