{"id":1529,"date":"2021-06-01T22:44:43","date_gmt":"2021-06-01T22:44:43","guid":{"rendered":"https:\/\/www.topolis.se\/?post_type=product&#038;p=1529"},"modified":"2026-02-19T19:05:05","modified_gmt":"2026-02-19T19:05:05","slug":"braendefyret-spabad-wellness-grand-deluxe","status":"publish","type":"product","link":"https:\/\/www.topolis.se\/da\/produkt\/vedeldad-badtunna-wellness-grand-deluxe\/","title":{"rendered":"Br\u00e6ndefyret spabad Wellness grand deluxe"},"content":{"rendered":"<p>Oplev luksusen i vores Grand Deluxe br\u00e6ndefyrede vildmarksbad, der er designet til at give dig og din familie den ultimative afslapning. Dette premium-spabad har en gener\u00f8s ydre diameter p\u00e5 225 cm og tilbyder komfortable siddepladser til 7-9 personer. Med en kraftig integreret ovn i rustfrit st\u00e5l opvarmes vildmarksbadet p\u00e5 kun 2-3 timer, hvilket g\u00f8r det perfekt til spontane badeture.<\/p>\n<p><strong>Funktioner og fordele:<\/strong><\/p>\n<ul>\n<li><strong>Stor kapacitet:<\/strong> Der er plads til op til 9 personer, ideelt til familier og sociale arrangementer.<\/li>\n<li><strong>Hurtig opvarmning:<\/strong> Varmer op p\u00e5 kun 2,5-3,5 timer takket v\u00e6re det effektive, integrerede komfur.<\/li>\n<li><strong>Komplet pakke:<\/strong> Inkluderer 2 m skorsten med skorstensh\u00e6tte og -kappe, studs og pagaj.<\/li>\n<li><strong>Elegant design:<\/strong> Moderne og stilfuldt design, der passer perfekt ind i enhver have eller udestue.<\/li>\n<\/ul>","protected":false},"excerpt":{"rendered":"<p>Til 7-9 personer<\/p>","protected":false},"featured_media":8447,"comment_status":"open","ping_status":"closed","template":"","meta":{"_acf_changed":false,"_monsterinsights_skip_tracking":false,"_monsterinsights_sitenote_active":false,"_monsterinsights_sitenote_note":"","_monsterinsights_sitenote_category":0},"product_brand":[],"product_cat":[25],"product_tag":[],"class_list":{"0":"post-1529","1":"product","2":"type-product","3":"status-publish","4":"has-post-thumbnail","6":"product_cat-badtunna","8":"first","9":"onbackorder","10":"taxable","11":"shipping-taxable","12":"purchasable","13":"product-type-variable","14":"has-default-attributes"},"acf":[],"yoast_head":"<!-- This site is optimized with the Yoast SEO Premium plugin v27.0 (Yoast SEO v27.0) - https:\/\/yoast.com\/product\/yoast-seo-premium-wordpress\/ -->\n<title>Vedeldad badtunna Wellness grand deluxe med elegant design &#187; Topolis AB &#187;<\/title>\n<meta name=\"description\" content=\"Upplev lyx och komfort med v\u00e5r vedeldade badtunna Wellness grand deluxe. Perfekt f\u00f6r upp till 9 personer, boka din avkoppling idag!\" \/>\n<meta name=\"robots\" content=\"index, follow, max-snippet:-1, max-image-preview:large, max-video-preview:-1\" \/>\n<link rel=\"canonical\" href=\"https:\/\/www.topolis.se\/da\/vare\/braendefyret-spabad-wellness-grand-deluxe\/\" \/>\n<meta property=\"og:locale\" content=\"da_DK\" \/>\n<meta property=\"og:type\" content=\"article\" \/>\n<meta property=\"og:title\" content=\"Vedeldad badtunna Wellness grand deluxe\" \/>\n<meta property=\"og:description\" content=\"Upplev lyx och komfort med v\u00e5r vedeldade badtunna Wellness grand deluxe. Perfekt f\u00f6r upp till 9 personer, boka din avkoppling idag!\" \/>\n<meta property=\"og:url\" content=\"https:\/\/www.topolis.se\/da\/vare\/braendefyret-spabad-wellness-grand-deluxe\/\" \/>\n<meta property=\"og:site_name\" content=\"Topolis\" \/>\n<meta property=\"article:publisher\" content=\"https:\/\/www.facebook.com\/Topolis-AB-1481407308845438\" \/>\n<meta property=\"article:modified_time\" content=\"2026-02-19T19:05:05+00:00\" \/>\n<meta property=\"og:image\" content=\"https:\/\/www.topolis.se\/wp-content\/uploads\/2021\/06\/kubilas-su-kailiu.jpg\" \/>\n\t<meta property=\"og:image:width\" content=\"1500\" \/>\n\t<meta property=\"og:image:height\" content=\"1453\" \/>\n\t<meta property=\"og:image:type\" content=\"image\/jpeg\" \/>\n<meta name=\"twitter:card\" content=\"summary_large_image\" \/>\n<meta name=\"twitter:label1\" content=\"Tilg\u00e6ngelighed\" \/>\n\t<meta name=\"twitter:data1\" content=\"I restordre\" \/>\n<script type=\"application\/ld+json\" class=\"yoast-schema-graph\">{\"@context\":\"https:\/\/schema.org\",\"@graph\":[{\"@type\":\"WebPage\",\"@id\":\"https:\/\/www.topolis.se\/produkt\/vedeldad-badtunna-wellness-grand-deluxe\/\",\"url\":\"https:\/\/www.topolis.se\/produkt\/vedeldad-badtunna-wellness-grand-deluxe\/\",\"name\":\"Vedeldad badtunna Wellness grand deluxe med elegant design &#187; Topolis AB &#187;\",\"isPartOf\":{\"@id\":\"https:\/\/www.topolis.se\/#website\"},\"primaryImageOfPage\":{\"@id\":\"https:\/\/www.topolis.se\/produkt\/vedeldad-badtunna-wellness-grand-deluxe\/#primaryimage\"},\"image\":{\"@id\":\"https:\/\/www.topolis.se\/produkt\/vedeldad-badtunna-wellness-grand-deluxe\/#primaryimage\"},\"thumbnailUrl\":\"https:\/\/www.topolis.se\/wp-content\/uploads\/2021\/06\/kubilas-su-kailiu.jpg\",\"datePublished\":\"2021-06-01T22:44:43+00:00\",\"dateModified\":\"2026-02-19T19:05:05+00:00\",\"description\":\"Upplev lyx och komfort med v\u00e5r vedeldade badtunna Wellness grand deluxe. Perfekt f\u00f6r upp till 9 personer, boka din avkoppling idag!\",\"breadcrumb\":{\"@id\":\"https:\/\/www.topolis.se\/produkt\/vedeldad-badtunna-wellness-grand-deluxe\/#breadcrumb\"},\"inLanguage\":\"da-DK\",\"potentialAction\":[{\"@type\":\"ReadAction\",\"target\":[\"https:\/\/www.topolis.se\/produkt\/vedeldad-badtunna-wellness-grand-deluxe\/\"]}]},{\"@type\":\"ImageObject\",\"inLanguage\":\"da-DK\",\"@id\":\"https:\/\/www.topolis.se\/produkt\/vedeldad-badtunna-wellness-grand-deluxe\/#primaryimage\",\"url\":\"https:\/\/www.topolis.se\/wp-content\/uploads\/2021\/06\/kubilas-su-kailiu.jpg\",\"contentUrl\":\"https:\/\/www.topolis.se\/wp-content\/uploads\/2021\/06\/kubilas-su-kailiu.jpg\",\"width\":1500,\"height\":1453,\"caption\":\"badtunna\"},{\"@type\":\"BreadcrumbList\",\"@id\":\"https:\/\/www.topolis.se\/produkt\/vedeldad-badtunna-wellness-grand-deluxe\/#breadcrumb\",\"itemListElement\":[{\"@type\":\"ListItem\",\"position\":1,\"name\":\"Home\",\"item\":\"https:\/\/www.topolis.se\/\"},{\"@type\":\"ListItem\",\"position\":2,\"name\":\"Shop\",\"item\":\"http:\/\/www.topolis.se\/shop\/\"},{\"@type\":\"ListItem\",\"position\":3,\"name\":\"Vedeldad badtunna Wellness grand deluxe\"}]},{\"@type\":\"WebSite\",\"@id\":\"https:\/\/www.topolis.se\/#website\",\"url\":\"https:\/\/www.topolis.se\/\",\"name\":\"Topolis\",\"description\":\"\u00c4kta timmerhus\",\"publisher\":{\"@id\":\"https:\/\/www.topolis.se\/#organization\"},\"potentialAction\":[{\"@type\":\"SearchAction\",\"target\":{\"@type\":\"EntryPoint\",\"urlTemplate\":\"https:\/\/www.topolis.se\/?s={search_term_string}\"},\"query-input\":{\"@type\":\"PropertyValueSpecification\",\"valueRequired\":true,\"valueName\":\"search_term_string\"}}],\"inLanguage\":\"da-DK\"},{\"@type\":\"Organization\",\"@id\":\"https:\/\/www.topolis.se\/#organization\",\"name\":\"Topolis AB\",\"url\":\"https:\/\/www.topolis.se\/\",\"logo\":{\"@type\":\"ImageObject\",\"inLanguage\":\"da-DK\",\"@id\":\"https:\/\/www.topolis.se\/#\/schema\/logo\/image\/\",\"url\":\"https:\/\/www.topolis.se\/wp-content\/uploads\/2022\/01\/pilkash.jpg\",\"contentUrl\":\"https:\/\/www.topolis.se\/wp-content\/uploads\/2022\/01\/pilkash.jpg\",\"width\":1482,\"height\":1110,\"caption\":\"Topolis AB\"},\"image\":{\"@id\":\"https:\/\/www.topolis.se\/#\/schema\/logo\/image\/\"},\"sameAs\":[\"https:\/\/www.facebook.com\/Topolis-AB-1481407308845438\",\"https:\/\/www.instagram.com\/topolisab\/\",\"https:\/\/www.youtube.com\/channel\/UCcOYf9nxQDMyAsTxDq2hMJg\"]}]}<\/script>\n<meta property=\"og:availability\" content=\"backorder\" \/>\n<meta property=\"product:availability\" content=\"available for order\" \/>\n<meta property=\"product:condition\" content=\"new\" \/>\n<!-- \/ Yoast SEO Premium plugin. -->","yoast_head_json":{"title":"Br\u00e6ndefyret spabad Wellness grand deluxe med elegant design \u00bb Topolis AB \u00bb","description":"Oplev luksus og komfort med vores Wellness grand deluxe br\u00e6ndefyrede spabad. Perfekt til op til 9 personer, book din afslapning i dag!","robots":{"index":"index","follow":"follow","max-snippet":"max-snippet:-1","max-image-preview":"max-image-preview:large","max-video-preview":"max-video-preview:-1"},"canonical":"https:\/\/www.topolis.se\/da\/vare\/braendefyret-spabad-wellness-grand-deluxe\/","og_locale":"da_DK","og_type":"article","og_title":"Vedeldad badtunna Wellness grand deluxe","og_description":"Upplev lyx och komfort med v\u00e5r vedeldade badtunna Wellness grand deluxe. Perfekt f\u00f6r upp till 9 personer, boka din avkoppling idag!","og_url":"https:\/\/www.topolis.se\/da\/vare\/braendefyret-spabad-wellness-grand-deluxe\/","og_site_name":"Topolis","article_publisher":"https:\/\/www.facebook.com\/Topolis-AB-1481407308845438","article_modified_time":"2026-02-19T19:05:05+00:00","og_image":[{"width":1500,"height":1453,"url":"https:\/\/www.topolis.se\/wp-content\/uploads\/2021\/06\/kubilas-su-kailiu.jpg","type":"image\/jpeg"}],"twitter_card":"summary_large_image","twitter_misc":{"Tilg\u00e6ngelighed":"I restordre"},"schema":{"@context":"https:\/\/schema.org","@graph":[{"@type":"WebPage","@id":"https:\/\/www.topolis.se\/produkt\/vedeldad-badtunna-wellness-grand-deluxe\/","url":"https:\/\/www.topolis.se\/produkt\/vedeldad-badtunna-wellness-grand-deluxe\/","name":"Br\u00e6ndefyret spabad Wellness grand deluxe med elegant design \u00bb Topolis AB \u00bb","isPartOf":{"@id":"https:\/\/www.topolis.se\/#website"},"primaryImageOfPage":{"@id":"https:\/\/www.topolis.se\/produkt\/vedeldad-badtunna-wellness-grand-deluxe\/#primaryimage"},"image":{"@id":"https:\/\/www.topolis.se\/produkt\/vedeldad-badtunna-wellness-grand-deluxe\/#primaryimage"},"thumbnailUrl":"https:\/\/www.topolis.se\/wp-content\/uploads\/2021\/06\/kubilas-su-kailiu.jpg","datePublished":"2021-06-01T22:44:43+00:00","dateModified":"2026-02-19T19:05:05+00:00","description":"Oplev luksus og komfort med vores Wellness grand deluxe br\u00e6ndefyrede spabad. Perfekt til op til 9 personer, book din afslapning i dag!","breadcrumb":{"@id":"https:\/\/www.topolis.se\/produkt\/vedeldad-badtunna-wellness-grand-deluxe\/#breadcrumb"},"inLanguage":"da-DK","potentialAction":[{"@type":"ReadAction","target":["https:\/\/www.topolis.se\/produkt\/vedeldad-badtunna-wellness-grand-deluxe\/"]}]},{"@type":"ImageObject","inLanguage":"da-DK","@id":"https:\/\/www.topolis.se\/produkt\/vedeldad-badtunna-wellness-grand-deluxe\/#primaryimage","url":"https:\/\/www.topolis.se\/wp-content\/uploads\/2021\/06\/kubilas-su-kailiu.jpg","contentUrl":"https:\/\/www.topolis.se\/wp-content\/uploads\/2021\/06\/kubilas-su-kailiu.jpg","width":1500,"height":1453,"caption":"badtunna"},{"@type":"BreadcrumbList","@id":"https:\/\/www.topolis.se\/produkt\/vedeldad-badtunna-wellness-grand-deluxe\/#breadcrumb","itemListElement":[{"@type":"ListItem","position":1,"name":"Home","item":"https:\/\/www.topolis.se\/"},{"@type":"ListItem","position":2,"name":"Shop","item":"http:\/\/www.topolis.se\/shop\/"},{"@type":"ListItem","position":3,"name":"Vedeldad badtunna Wellness grand deluxe"}]},{"@type":"WebSite","@id":"https:\/\/www.topolis.se\/#website","url":"https:\/\/www.topolis.se\/","name":"Topolis","description":"\u00c6gte bj\u00e6lkehuse","publisher":{"@id":"https:\/\/www.topolis.se\/#organization"},"potentialAction":[{"@type":"SearchAction","target":{"@type":"EntryPoint","urlTemplate":"https:\/\/www.topolis.se\/?s={search_term_string}"},"query-input":{"@type":"PropertyValueSpecification","valueRequired":true,"valueName":"search_term_string"}}],"inLanguage":"da-DK"},{"@type":"Organization","@id":"https:\/\/www.topolis.se\/#organization","name":"Topolis AB","url":"https:\/\/www.topolis.se\/","logo":{"@type":"ImageObject","inLanguage":"da-DK","@id":"https:\/\/www.topolis.se\/#\/schema\/logo\/image\/","url":"https:\/\/www.topolis.se\/wp-content\/uploads\/2022\/01\/pilkash.jpg","contentUrl":"https:\/\/www.topolis.se\/wp-content\/uploads\/2022\/01\/pilkash.jpg","width":1482,"height":1110,"caption":"Topolis AB"},"image":{"@id":"https:\/\/www.topolis.se\/#\/schema\/logo\/image\/"},"sameAs":["https:\/\/www.facebook.com\/Topolis-AB-1481407308845438","https:\/\/www.instagram.com\/topolisab\/","https:\/\/www.youtube.com\/channel\/UCcOYf9nxQDMyAsTxDq2hMJg"]}]},"og_availability":"backorder","product_availability":"available for order","product_condition":"new"},"_links":{"self":[{"href":"https:\/\/www.topolis.se\/da\/wp-json\/wp\/v2\/product\/1529","targetHints":{"allow":["GET"]}}],"collection":[{"href":"https:\/\/www.topolis.se\/da\/wp-json\/wp\/v2\/product"}],"about":[{"href":"https:\/\/www.topolis.se\/da\/wp-json\/wp\/v2\/types\/product"}],"replies":[{"embeddable":true,"href":"https:\/\/www.topolis.se\/da\/wp-json\/wp\/v2\/comments?post=1529"}],"wp:featuredmedia":[{"embeddable":true,"href":"https:\/\/www.topolis.se\/da\/wp-json\/wp\/v2\/media\/8447"}],"wp:attachment":[{"href":"https:\/\/www.topolis.se\/da\/wp-json\/wp\/v2\/media?parent=1529"}],"wp:term":[{"taxonomy":"product_brand","embeddable":true,"href":"https:\/\/www.topolis.se\/da\/wp-json\/wp\/v2\/product_brand?post=1529"},{"taxonomy":"product_cat","embeddable":true,"href":"https:\/\/www.topolis.se\/da\/wp-json\/wp\/v2\/product_cat?post=1529"},{"taxonomy":"product_tag","embeddable":true,"href":"https:\/\/www.topolis.se\/da\/wp-json\/wp\/v2\/product_tag?post=1529"}],"curies":[{"name":"wp","href":"https:\/\/api.w.org\/{rel}","templated":true}]}}