{"id":1535,"date":"2021-06-03T08:56:08","date_gmt":"2021-06-03T08:56:08","guid":{"rendered":"https:\/\/www.topolis.se\/?post_type=product&#038;p=1535"},"modified":"2025-10-01T00:07:48","modified_gmt":"2025-10-01T00:07:48","slug":"isbassin","status":"publish","type":"product","link":"https:\/\/www.topolis.se\/da\/produkt\/ice-tub\/","title":{"rendered":"Wellness-isbad"},"content":{"rendered":"<p>Leder du efter et koldt spabad? Nu kan du booste dit immunforsvar med vores nye wellness-isbassin!<\/p>\n<p>Fyld wellness-isbadet med koldt vand, tils\u00e6t et par klumper is eller sne, og tag en forfriskende kold dukkert.<\/p>\n<p>At k\u00f8le kroppen ned efter en varm sauna eller en h\u00e5rd tr\u00e6ning giver en afslappende f\u00f8lelse og styrker samtidig immunforsvaret. Lav et wellness-isbadningsritual hver dag og forbedr dit helbred!<\/p>\n<h2>Designet til b\u00e5de kolde og varme bade<\/h2>\n<p>Du kan fylde iskarret med varmt vand og tage et varmt bad under stjernerne i din have, p\u00e5 terrassen eller hvor som helst!<\/p>\n<p>F\u00e5s i 2 st\u00f8rrelser med en diameter p\u00e5 100 og 140 cm.<\/p>\n<h3>Hvad er fordelene ved isbade?<\/h3>\n<ul>\n<li>St\u00e6rkere immunforsvar<\/li>\n<li>Bedre s\u00f8vn<\/li>\n<li>Bedre blodcirkulation<\/li>\n<li>Mindre stress<\/li>\n<li>Mere elastisk hud<\/li>\n<\/ul>","protected":false},"excerpt":{"rendered":"<p>Til 1 person<\/p>","protected":false},"featured_media":8481,"comment_status":"open","ping_status":"closed","template":"","meta":{"_acf_changed":false,"_monsterinsights_skip_tracking":false,"_monsterinsights_sitenote_active":false,"_monsterinsights_sitenote_note":"","_monsterinsights_sitenote_category":0},"product_brand":[],"product_cat":[25],"product_tag":[],"class_list":{"0":"post-1535","1":"product","2":"type-product","3":"status-publish","4":"has-post-thumbnail","6":"product_cat-badtunna","8":"first","9":"instock","10":"taxable","11":"shipping-taxable","12":"purchasable","13":"product-type-variable"},"acf":[],"yoast_head":"<!-- This site is optimized with the Yoast SEO Premium plugin v27.0 (Yoast SEO v27.0) - https:\/\/yoast.com\/product\/yoast-seo-premium-wordpress\/ -->\n<title>Wellness ice tub - Boosta ditt immunf\u00f6rsvar med isbad terapi<\/title>\n<meta name=\"description\" content=\"St\u00e4rk ditt immunf\u00f6rsvar med v\u00e5r wellness ice tub! Ta ett uppfriskande dopp och f\u00f6rb\u00e4ttra din h\u00e4lsa varje dag. Best\u00e4ll nu!\" \/>\n<meta name=\"robots\" content=\"index, follow, max-snippet:-1, max-image-preview:large, max-video-preview:-1\" \/>\n<link rel=\"canonical\" href=\"https:\/\/www.topolis.se\/da\/vare\/isbassin\/\" \/>\n<meta property=\"og:locale\" content=\"da_DK\" \/>\n<meta property=\"og:type\" content=\"article\" \/>\n<meta property=\"og:title\" content=\"Wellness ice tub\" \/>\n<meta property=\"og:description\" content=\"St\u00e4rk ditt immunf\u00f6rsvar med v\u00e5r wellness ice tub! Ta ett uppfriskande dopp och f\u00f6rb\u00e4ttra din h\u00e4lsa varje dag. Best\u00e4ll nu!\" \/>\n<meta property=\"og:url\" content=\"https:\/\/www.topolis.se\/da\/vare\/isbassin\/\" \/>\n<meta property=\"og:site_name\" content=\"Topolis\" \/>\n<meta property=\"article:publisher\" content=\"https:\/\/www.facebook.com\/Topolis-AB-1481407308845438\" \/>\n<meta property=\"article:modified_time\" content=\"2025-10-01T00:07:48+00:00\" \/>\n<meta property=\"og:image\" content=\"https:\/\/www.topolis.se\/wp-content\/uploads\/2021\/06\/icetube2-maza.jpg\" \/>\n\t<meta property=\"og:image:width\" content=\"1500\" \/>\n\t<meta property=\"og:image:height\" content=\"1410\" \/>\n\t<meta property=\"og:image:type\" content=\"image\/jpeg\" \/>\n<meta name=\"twitter:card\" content=\"summary_large_image\" \/>\n<meta name=\"twitter:label1\" content=\"Tilg\u00e6ngelighed\" \/>\n\t<meta name=\"twitter:data1\" content=\"P\u00e5 lager\" \/>\n<script type=\"application\/ld+json\" class=\"yoast-schema-graph\">{\"@context\":\"https:\/\/schema.org\",\"@graph\":[{\"@type\":\"WebPage\",\"@id\":\"https:\/\/www.topolis.se\/produkt\/ice-tub\/\",\"url\":\"https:\/\/www.topolis.se\/produkt\/ice-tub\/\",\"name\":\"Wellness ice tub - Boosta ditt immunf\u00f6rsvar med isbad terapi\",\"isPartOf\":{\"@id\":\"https:\/\/www.topolis.se\/#website\"},\"primaryImageOfPage\":{\"@id\":\"https:\/\/www.topolis.se\/produkt\/ice-tub\/#primaryimage\"},\"image\":{\"@id\":\"https:\/\/www.topolis.se\/produkt\/ice-tub\/#primaryimage\"},\"thumbnailUrl\":\"https:\/\/www.topolis.se\/wp-content\/uploads\/2021\/06\/icetube2-maza.jpg\",\"datePublished\":\"2021-06-03T08:56:08+00:00\",\"dateModified\":\"2025-10-01T00:07:48+00:00\",\"description\":\"St\u00e4rk ditt immunf\u00f6rsvar med v\u00e5r wellness ice tub! Ta ett uppfriskande dopp och f\u00f6rb\u00e4ttra din h\u00e4lsa varje dag. Best\u00e4ll nu!\",\"breadcrumb\":{\"@id\":\"https:\/\/www.topolis.se\/produkt\/ice-tub\/#breadcrumb\"},\"inLanguage\":\"da-DK\",\"potentialAction\":[{\"@type\":\"ReadAction\",\"target\":[\"https:\/\/www.topolis.se\/produkt\/ice-tub\/\"]}]},{\"@type\":\"ImageObject\",\"inLanguage\":\"da-DK\",\"@id\":\"https:\/\/www.topolis.se\/produkt\/ice-tub\/#primaryimage\",\"url\":\"https:\/\/www.topolis.se\/wp-content\/uploads\/2021\/06\/icetube2-maza.jpg\",\"contentUrl\":\"https:\/\/www.topolis.se\/wp-content\/uploads\/2021\/06\/icetube2-maza.jpg\",\"width\":1500,\"height\":1410,\"caption\":\"badtunna ice tub\"},{\"@type\":\"BreadcrumbList\",\"@id\":\"https:\/\/www.topolis.se\/produkt\/ice-tub\/#breadcrumb\",\"itemListElement\":[{\"@type\":\"ListItem\",\"position\":1,\"name\":\"Home\",\"item\":\"https:\/\/www.topolis.se\/\"},{\"@type\":\"ListItem\",\"position\":2,\"name\":\"Shop\",\"item\":\"http:\/\/www.topolis.se\/shop\/\"},{\"@type\":\"ListItem\",\"position\":3,\"name\":\"Wellness ice tub\"}]},{\"@type\":\"WebSite\",\"@id\":\"https:\/\/www.topolis.se\/#website\",\"url\":\"https:\/\/www.topolis.se\/\",\"name\":\"Topolis\",\"description\":\"\u00c4kta timmerhus\",\"publisher\":{\"@id\":\"https:\/\/www.topolis.se\/#organization\"},\"potentialAction\":[{\"@type\":\"SearchAction\",\"target\":{\"@type\":\"EntryPoint\",\"urlTemplate\":\"https:\/\/www.topolis.se\/?s={search_term_string}\"},\"query-input\":{\"@type\":\"PropertyValueSpecification\",\"valueRequired\":true,\"valueName\":\"search_term_string\"}}],\"inLanguage\":\"da-DK\"},{\"@type\":\"Organization\",\"@id\":\"https:\/\/www.topolis.se\/#organization\",\"name\":\"Topolis AB\",\"url\":\"https:\/\/www.topolis.se\/\",\"logo\":{\"@type\":\"ImageObject\",\"inLanguage\":\"da-DK\",\"@id\":\"https:\/\/www.topolis.se\/#\/schema\/logo\/image\/\",\"url\":\"https:\/\/www.topolis.se\/wp-content\/uploads\/2022\/01\/pilkash.jpg\",\"contentUrl\":\"https:\/\/www.topolis.se\/wp-content\/uploads\/2022\/01\/pilkash.jpg\",\"width\":1482,\"height\":1110,\"caption\":\"Topolis AB\"},\"image\":{\"@id\":\"https:\/\/www.topolis.se\/#\/schema\/logo\/image\/\"},\"sameAs\":[\"https:\/\/www.facebook.com\/Topolis-AB-1481407308845438\",\"https:\/\/www.instagram.com\/topolisab\/\",\"https:\/\/www.youtube.com\/channel\/UCcOYf9nxQDMyAsTxDq2hMJg\"]}]}<\/script>\n<meta property=\"og:availability\" content=\"instock\" \/>\n<meta property=\"product:availability\" content=\"instock\" \/>\n<meta property=\"product:condition\" content=\"new\" \/>\n<!-- \/ Yoast SEO Premium plugin. -->","yoast_head_json":{"title":"Wellness-isbadekar - Boost dit immunforsvar med isbadsterapi","description":"Boost dit immunforsvar med vores wellness-isbad! Tag en forfriskende dukkert, og forbedr dit helbred hver dag. Bestil den nu!","robots":{"index":"index","follow":"follow","max-snippet":"max-snippet:-1","max-image-preview":"max-image-preview:large","max-video-preview":"max-video-preview:-1"},"canonical":"https:\/\/www.topolis.se\/da\/vare\/isbassin\/","og_locale":"da_DK","og_type":"article","og_title":"Wellness ice tub","og_description":"St\u00e4rk ditt immunf\u00f6rsvar med v\u00e5r wellness ice tub! Ta ett uppfriskande dopp och f\u00f6rb\u00e4ttra din h\u00e4lsa varje dag. Best\u00e4ll nu!","og_url":"https:\/\/www.topolis.se\/da\/vare\/isbassin\/","og_site_name":"Topolis","article_publisher":"https:\/\/www.facebook.com\/Topolis-AB-1481407308845438","article_modified_time":"2025-10-01T00:07:48+00:00","og_image":[{"width":1500,"height":1410,"url":"https:\/\/www.topolis.se\/wp-content\/uploads\/2021\/06\/icetube2-maza.jpg","type":"image\/jpeg"}],"twitter_card":"summary_large_image","twitter_misc":{"Tilg\u00e6ngelighed":"P\u00e5 lager"},"schema":{"@context":"https:\/\/schema.org","@graph":[{"@type":"WebPage","@id":"https:\/\/www.topolis.se\/produkt\/ice-tub\/","url":"https:\/\/www.topolis.se\/produkt\/ice-tub\/","name":"Wellness-isbadekar - Boost dit immunforsvar med isbadsterapi","isPartOf":{"@id":"https:\/\/www.topolis.se\/#website"},"primaryImageOfPage":{"@id":"https:\/\/www.topolis.se\/produkt\/ice-tub\/#primaryimage"},"image":{"@id":"https:\/\/www.topolis.se\/produkt\/ice-tub\/#primaryimage"},"thumbnailUrl":"https:\/\/www.topolis.se\/wp-content\/uploads\/2021\/06\/icetube2-maza.jpg","datePublished":"2021-06-03T08:56:08+00:00","dateModified":"2025-10-01T00:07:48+00:00","description":"Boost dit immunforsvar med vores wellness-isbad! Tag en forfriskende dukkert, og forbedr dit helbred hver dag. Bestil den nu!","breadcrumb":{"@id":"https:\/\/www.topolis.se\/produkt\/ice-tub\/#breadcrumb"},"inLanguage":"da-DK","potentialAction":[{"@type":"ReadAction","target":["https:\/\/www.topolis.se\/produkt\/ice-tub\/"]}]},{"@type":"ImageObject","inLanguage":"da-DK","@id":"https:\/\/www.topolis.se\/produkt\/ice-tub\/#primaryimage","url":"https:\/\/www.topolis.se\/wp-content\/uploads\/2021\/06\/icetube2-maza.jpg","contentUrl":"https:\/\/www.topolis.se\/wp-content\/uploads\/2021\/06\/icetube2-maza.jpg","width":1500,"height":1410,"caption":"badtunna ice tub"},{"@type":"BreadcrumbList","@id":"https:\/\/www.topolis.se\/produkt\/ice-tub\/#breadcrumb","itemListElement":[{"@type":"ListItem","position":1,"name":"Home","item":"https:\/\/www.topolis.se\/"},{"@type":"ListItem","position":2,"name":"Shop","item":"http:\/\/www.topolis.se\/shop\/"},{"@type":"ListItem","position":3,"name":"Wellness ice tub"}]},{"@type":"WebSite","@id":"https:\/\/www.topolis.se\/#website","url":"https:\/\/www.topolis.se\/","name":"Topolis","description":"\u00c6gte bj\u00e6lkehuse","publisher":{"@id":"https:\/\/www.topolis.se\/#organization"},"potentialAction":[{"@type":"SearchAction","target":{"@type":"EntryPoint","urlTemplate":"https:\/\/www.topolis.se\/?s={search_term_string}"},"query-input":{"@type":"PropertyValueSpecification","valueRequired":true,"valueName":"search_term_string"}}],"inLanguage":"da-DK"},{"@type":"Organization","@id":"https:\/\/www.topolis.se\/#organization","name":"Topolis AB","url":"https:\/\/www.topolis.se\/","logo":{"@type":"ImageObject","inLanguage":"da-DK","@id":"https:\/\/www.topolis.se\/#\/schema\/logo\/image\/","url":"https:\/\/www.topolis.se\/wp-content\/uploads\/2022\/01\/pilkash.jpg","contentUrl":"https:\/\/www.topolis.se\/wp-content\/uploads\/2022\/01\/pilkash.jpg","width":1482,"height":1110,"caption":"Topolis AB"},"image":{"@id":"https:\/\/www.topolis.se\/#\/schema\/logo\/image\/"},"sameAs":["https:\/\/www.facebook.com\/Topolis-AB-1481407308845438","https:\/\/www.instagram.com\/topolisab\/","https:\/\/www.youtube.com\/channel\/UCcOYf9nxQDMyAsTxDq2hMJg"]}]},"og_availability":"instock","product_availability":"instock","product_condition":"new"},"_links":{"self":[{"href":"https:\/\/www.topolis.se\/da\/wp-json\/wp\/v2\/product\/1535","targetHints":{"allow":["GET"]}}],"collection":[{"href":"https:\/\/www.topolis.se\/da\/wp-json\/wp\/v2\/product"}],"about":[{"href":"https:\/\/www.topolis.se\/da\/wp-json\/wp\/v2\/types\/product"}],"replies":[{"embeddable":true,"href":"https:\/\/www.topolis.se\/da\/wp-json\/wp\/v2\/comments?post=1535"}],"wp:featuredmedia":[{"embeddable":true,"href":"https:\/\/www.topolis.se\/da\/wp-json\/wp\/v2\/media\/8481"}],"wp:attachment":[{"href":"https:\/\/www.topolis.se\/da\/wp-json\/wp\/v2\/media?parent=1535"}],"wp:term":[{"taxonomy":"product_brand","embeddable":true,"href":"https:\/\/www.topolis.se\/da\/wp-json\/wp\/v2\/product_brand?post=1535"},{"taxonomy":"product_cat","embeddable":true,"href":"https:\/\/www.topolis.se\/da\/wp-json\/wp\/v2\/product_cat?post=1535"},{"taxonomy":"product_tag","embeddable":true,"href":"https:\/\/www.topolis.se\/da\/wp-json\/wp\/v2\/product_tag?post=1535"}],"curies":[{"name":"wp","href":"https:\/\/api.w.org\/{rel}","templated":true}]}}