{"id":250,"date":"2021-05-25T11:26:15","date_gmt":"2021-05-25T11:26:15","guid":{"rendered":"http:\/\/www.topolis.se\/?page_id=250"},"modified":"2025-03-08T11:59:33","modified_gmt":"2025-03-08T11:59:33","slug":"contact","status":"publish","type":"page","link":"https:\/\/www.topolis.se\/en\/kontakt\/","title":{"rendered":"Contact us"},"content":{"rendered":"\t\t<div data-elementor-type=\"wp-page\" data-elementor-id=\"250\" class=\"elementor elementor-250\" data-elementor-post-type=\"page\">\n\t\t\t\t<div class=\"elementor-element elementor-element-8cc2d79 e-flex e-con-boxed e-con e-parent\" data-id=\"8cc2d79\" data-element_type=\"container\">\n\t\t\t\t\t<div class=\"e-con-inner\">\n\t\t<div class=\"elementor-element elementor-element-76ceb66 e-con-full e-flex e-con e-child\" data-id=\"76ceb66\" data-element_type=\"container\">\n\t\t\t\t<div class=\"elementor-element elementor-element-da4c5c4 elementor-widget__width-initial elementor-widget elementor-widget-heading\" data-id=\"da4c5c4\" data-element_type=\"widget\" data-widget_type=\"heading.default\">\n\t\t\t\t<div class=\"elementor-widget-container\">\n\t\t\t<h2 class=\"elementor-heading-title elementor-size-default\">SKICKA ETT MEDDELANDE<\/h2>\t\t<\/div>\n\t\t\t\t<\/div>\n\t\t\t\t<div class=\"elementor-element elementor-element-6e135d8 elementor-button-align-stretch elementor-widget elementor-widget-form\" data-id=\"6e135d8\" data-element_type=\"widget\" data-settings=\"{&quot;step_next_label&quot;:&quot;Next&quot;,&quot;step_previous_label&quot;:&quot;Previous&quot;,&quot;button_width&quot;:&quot;100&quot;,&quot;step_type&quot;:&quot;number_text&quot;,&quot;step_icon_shape&quot;:&quot;circle&quot;}\" data-widget_type=\"form.default\">\n\t\t\t\t<div class=\"elementor-widget-container\">\n\t\t\t\t\t<form class=\"elementor-form\" method=\"post\" name=\"New Form\">\n\t\t\t<input type=\"hidden\" name=\"post_id\" value=\"250\"\/>\n\t\t\t<input type=\"hidden\" name=\"form_id\" value=\"6e135d8\"\/>\n\t\t\t<input type=\"hidden\" name=\"referer_title\" value=\"Topolis\" \/>\n\n\t\t\t\n\t\t\t<div class=\"elementor-form-fields-wrapper elementor-labels-\">\n\t\t\t\t\t\t\t\t<div class=\"elementor-field-type-text elementor-field-group elementor-column elementor-field-group-name elementor-col-100 elementor-field-required\">\n\t\t\t\t\t\t\t\t\t\t\t\t<label for=\"form-field-name\" class=\"elementor-field-label elementor-screen-only\">\n\t\t\t\t\t\t\t\tNamn\t\t\t\t\t\t\t<\/label>\n\t\t\t\t\t\t\t\t\t\t\t\t\t\t<input size=\"1\" type=\"text\" name=\"form_fields[name]\" id=\"form-field-name\" class=\"elementor-field elementor-size-sm  elementor-field-textual\" placeholder=\"Namn\" required=\"required\" aria-required=\"true\">\n\t\t\t\t\t\t\t\t\t\t\t<\/div>\n\t\t\t\t\t\t\t\t<div class=\"elementor-field-type-text elementor-field-group elementor-column elementor-field-group-field_d0bb189 elementor-col-100 elementor-field-required\">\n\t\t\t\t\t\t\t\t\t\t\t\t<label for=\"form-field-field_d0bb189\" class=\"elementor-field-label elementor-screen-only\">\n\t\t\t\t\t\t\t\tTel nummer\t\t\t\t\t\t\t<\/label>\n\t\t\t\t\t\t\t\t\t\t\t\t\t\t<input size=\"1\" type=\"text\" name=\"form_fields[field_d0bb189]\" id=\"form-field-field_d0bb189\" class=\"elementor-field elementor-size-sm  elementor-field-textual\" placeholder=\"Tel nummer\" required=\"required\" aria-required=\"true\">\n\t\t\t\t\t\t\t\t\t\t\t<\/div>\n\t\t\t\t\t\t\t\t<div class=\"elementor-field-type-email elementor-field-group elementor-column elementor-field-group-email elementor-col-100 elementor-field-required\">\n\t\t\t\t\t\t\t\t\t\t\t\t<label for=\"form-field-email\" class=\"elementor-field-label elementor-screen-only\">\n\t\t\t\t\t\t\t\tMejl\t\t\t\t\t\t\t<\/label>\n\t\t\t\t\t\t\t\t\t\t\t\t\t\t<input size=\"1\" type=\"email\" name=\"form_fields[email]\" id=\"form-field-email\" class=\"elementor-field elementor-size-sm  elementor-field-textual\" placeholder=\"Mejl\" required=\"required\" aria-required=\"true\">\n\t\t\t\t\t\t\t\t\t\t\t<\/div>\n\t\t\t\t\t\t\t\t<div class=\"elementor-field-type-textarea elementor-field-group elementor-column elementor-field-group-message elementor-col-100\">\n\t\t\t\t\t\t\t\t\t\t\t\t<label for=\"form-field-message\" class=\"elementor-field-label elementor-screen-only\">\n\t\t\t\t\t\t\t\tMeddelande\t\t\t\t\t\t\t<\/label>\n\t\t\t\t\t\t<textarea class=\"elementor-field-textual elementor-field  elementor-size-sm\" name=\"form_fields[message]\" id=\"form-field-message\" rows=\"4\" placeholder=\"Meddelande\"><\/textarea>\t\t\t\t<\/div>\n\t\t\t\t\t\t\t\t<div class=\"elementor-field-type-recaptcha_v3 elementor-field-group elementor-column elementor-field-group-field_2ddc6d9 elementor-col-100 recaptcha_v3-bottomright\">\n\t\t\t\t\t<div class=\"elementor-field\" id=\"form-field-field_2ddc6d9\"><div class=\"elementor-g-recaptcha\" data-sitekey=\"6LdOQXsbAAAAANd7u5Gyq540BI36JhS5aOBypEek\" data-type=\"v3\" data-action=\"Form\" data-badge=\"bottomright\" data-size=\"invisible\"><\/div><\/div>\t\t\t\t<\/div>\n\t\t\t\t\t\t\t\t<div class=\"elementor-field-group elementor-column elementor-field-type-submit elementor-col-100 e-form__buttons\">\n\t\t\t\t\t<button class=\"elementor-button elementor-size-md\" type=\"submit\">\n\t\t\t\t\t\t<span class=\"elementor-button-content-wrapper\">\n\t\t\t\t\t\t\t\t\t\t\t\t\t\t\t\t\t\t\t\t\t\t<span class=\"elementor-button-text\">Skicka<\/span>\n\t\t\t\t\t\t\t\t\t\t\t\t\t<\/span>\n\t\t\t\t\t<\/button>\n\t\t\t\t<\/div>\n\t\t\t<\/div>\n\t\t<\/form>\n\t\t\t\t<\/div>\n\t\t\t\t<\/div>\n\t\t\t\t<\/div>\n\t\t<div class=\"elementor-element elementor-element-1c3bad5 e-con-full e-flex e-con e-child\" data-id=\"1c3bad5\" data-element_type=\"container\">\n\t\t\t\t<div class=\"elementor-element elementor-element-29e85ab elementor-widget__width-initial elementor-widget elementor-widget-heading\" data-id=\"29e85ab\" data-element_type=\"widget\" data-widget_type=\"heading.default\">\n\t\t\t\t<div class=\"elementor-widget-container\">\n\t\t\t<h2 class=\"elementor-heading-title elementor-size-default\">Kontakta oss<\/h2>\t\t<\/div>\n\t\t\t\t<\/div>\n\t\t\t\t<div class=\"elementor-element elementor-element-6c6342b elementor-widget elementor-widget-text-editor\" data-id=\"6c6342b\" data-element_type=\"widget\" data-widget_type=\"text-editor.default\">\n\t\t\t\t<div class=\"elementor-widget-container\">\n\t\t\t\t\t\t\t<p>Vi p\u00e5 Topolis AB v\u00e4lkomnar alla fr\u00e5gor, kommentarer och f\u00f6rfr\u00e5gningar. Oavsett om det g\u00e4ller information om v\u00e5ra bastumodeller, tillbeh\u00f6r, eller om du beh\u00f6ver hj\u00e4lp med att v\u00e4lja r\u00e4tt produkt f\u00f6r dina behov, st\u00e5r v\u00e5rt team redo att bist\u00e5 dig. Tveka inte att kontakta oss &#8211; din bastudr\u00f6m \u00e4r bara ett meddelande bort!<\/p>\t\t\t\t\t\t<\/div>\n\t\t\t\t<\/div>\n\t\t<div class=\"elementor-element elementor-element-2c6558d e-con-full e-flex e-con e-child\" data-id=\"2c6558d\" data-element_type=\"container\">\n\t\t\t\t<div class=\"elementor-element elementor-element-315606e elementor-widget elementor-widget-heading\" data-id=\"315606e\" data-element_type=\"widget\" data-widget_type=\"heading.default\">\n\t\t\t\t<div class=\"elementor-widget-container\">\n\t\t\t<h2 class=\"elementor-heading-title elementor-size-default\">Topolis AB Lotan 3130 82391 Kilafors<\/h2>\t\t<\/div>\n\t\t\t\t<\/div>\n\t\t\t\t<div class=\"elementor-element elementor-element-f0a467d elementor-widget elementor-widget-heading\" data-id=\"f0a467d\" data-element_type=\"widget\" data-widget_type=\"heading.default\">\n\t\t\t\t<div class=\"elementor-widget-container\">\n\t\t\t<h2 class=\"elementor-heading-title elementor-size-default\">Tel. <a href=\"tel:0703841692\">0703841692<\/a><\/h2>\t\t<\/div>\n\t\t\t\t<\/div>\n\t\t\t\t<div class=\"elementor-element elementor-element-2c3679d elementor-widget elementor-widget-heading\" data-id=\"2c3679d\" data-element_type=\"widget\" data-widget_type=\"heading.default\">\n\t\t\t\t<div class=\"elementor-widget-container\">\n\t\t\t<h2 class=\"elementor-heading-title elementor-size-default\">Mail: <a href=\"mailto:info@topolis.se\">info@topolis.se<\/a><\/h2>\t\t<\/div>\n\t\t\t\t<\/div>\n\t\t\t\t<\/div>\n\t\t\t\t<div class=\"elementor-element elementor-element-9e47608 elementor-widget__width-initial elementor-widget elementor-widget-heading\" data-id=\"9e47608\" data-element_type=\"widget\" data-widget_type=\"heading.default\">\n\t\t\t\t<div class=\"elementor-widget-container\">\n\t\t\t<h2 class=\"elementor-heading-title elementor-size-default\">\u00d6ppettider<\/h2>\t\t<\/div>\n\t\t\t\t<\/div>\n\t\t\t\t<div class=\"elementor-element elementor-element-c8cc54f elementor-widget elementor-widget-pp-business-hours\" data-id=\"c8cc54f\" data-element_type=\"widget\" data-widget_type=\"pp-business-hours.default\">\n\t\t\t\t<div class=\"elementor-widget-container\">\n\t\t\t\t\t<div class=\"pp-business-hours\">\n\t\t\t\t\t\t\t\t\t\t\t\t\t\t<div class=\"pp-business-hours-row clearfix elementor-repeater-item-9a000ba\">\n\t\t\t\t\t\t\t\t\t\t\t<span class=\"pp-business-day\">\n\t\t\t\t\t\t\tM\u00e5ndag - Fredag\t\t\t\t\t\t<\/span>\n\t\t\t\t\t\t\t\t\t\t<span class=\"pp-business-timing\">\n\t\t\t\t\t\t09:00 - 17:00\t\t\t\t\t<\/span>\n\t\t\t\t<\/div>\n\t\t\t\t\t\t\t\t\t\t\t\t<div class=\"pp-business-hours-row clearfix elementor-repeater-item-7567925 row-closed\">\n\t\t\t\t\t\t\t\t\t\t\t<span class=\"pp-business-day\">\n\t\t\t\t\t\t\tL\u00f6rdag - S\u00f6ndag\t\t\t\t\t\t<\/span>\n\t\t\t\t\t\t\t\t\t\t<span class=\"pp-business-timing\">\n\t\t\t\t\t\tSt\u00e4ngt\t\t\t\t\t<\/span>\n\t\t\t\t<\/div>\n\t\t\t\t\t\t\t\t<\/div>\n\t\t\t\t<\/div>\n\t\t\t\t<\/div>\n\t\t\t\t<\/div>\n\t\t\t\t\t<\/div>\n\t\t\t\t<\/div>\n\t\t<div class=\"elementor-element elementor-element-b305986 e-flex e-con-boxed e-con e-parent\" data-id=\"b305986\" data-element_type=\"container\">\n\t\t\t\t\t<div class=\"e-con-inner\">\n\t\t\t\t<div class=\"elementor-element elementor-element-f005621 elementor-widget elementor-widget-google_maps\" data-id=\"f005621\" data-element_type=\"widget\" data-widget_type=\"google_maps.default\">\n\t\t\t\t<div class=\"elementor-widget-container\">\n\t\t\t\t\t<div class=\"elementor-custom-embed\">\n\t\t\t<iframe loading=\"lazy\"\n\t\t\t\t\tsrc=\"https:\/\/maps.google.com\/maps?q=823%2091%20Kilafors%2C%20Sweden&#038;t=m&#038;z=10&#038;output=embed&#038;iwloc=near\"\n\t\t\t\t\ttitle=\"823 91 Kilafors, Sweden\"\n\t\t\t\t\taria-label=\"823 91 Kilafors, Sweden\"\n\t\t\t><\/iframe>\n\t\t<\/div>\n\t\t\t\t<\/div>\n\t\t\t\t<\/div>\n\t\t\t\t\t<\/div>\n\t\t\t\t<\/div>\n\t\t\t\t<\/div>\n\t\t","protected":false},"excerpt":{"rendered":"<p>SKICKA ETT MEDDELANDE Kontakta oss Vi p\u00e5 Topolis AB v\u00e4lkomnar alla fr\u00e5gor, kommentarer och f\u00f6rfr\u00e5gningar. Oavsett om det g\u00e4ller information om v\u00e5ra bastumodeller, tillbeh\u00f6r, eller om du beh\u00f6ver hj\u00e4lp med att v\u00e4lja r\u00e4tt produkt f\u00f6r dina behov, st\u00e5r v\u00e5rt team redo att bist\u00e5 dig. Tveka inte att kontakta oss &#8211; din bastudr\u00f6m \u00e4r bara ett [&hellip;]<\/p>\n","protected":false},"author":16,"featured_media":0,"parent":0,"menu_order":0,"comment_status":"closed","ping_status":"closed","template":"","meta":{"_acf_changed":false,"_monsterinsights_skip_tracking":false,"_monsterinsights_sitenote_active":false,"_monsterinsights_sitenote_note":"","_monsterinsights_sitenote_category":0,"footnotes":""},"class_list":["post-250","page","type-page","status-publish","hentry"],"acf":[],"yoast_head":"<!-- This site is optimized with the Yoast SEO Premium plugin v27.0 (Yoast SEO v27.0) - https:\/\/yoast.com\/product\/yoast-seo-premium-wordpress\/ -->\n<title>Kontakta Topolis f\u00f6r k\u00f6p av badtunnor, spabad och timmerhus!<\/title>\n<meta name=\"description\" content=\"Hos Topolis k\u00f6per du t\u00e5liga och moderna badtunnor, spabad och timmerhus av h\u00f6g kvalitet! Kontakta oss f\u00f6r mer information!\" \/>\n<meta name=\"robots\" content=\"index, follow, max-snippet:-1, max-image-preview:large, max-video-preview:-1\" \/>\n<link rel=\"canonical\" href=\"https:\/\/www.topolis.se\/en\/contact\/\" \/>\n<meta property=\"og:locale\" content=\"en_US\" \/>\n<meta property=\"og:type\" content=\"article\" \/>\n<meta property=\"og:title\" content=\"Kontakt\" \/>\n<meta property=\"og:description\" content=\"Hos Topolis k\u00f6per du t\u00e5liga och moderna badtunnor, spabad och timmerhus av h\u00f6g kvalitet! Kontakta oss f\u00f6r mer information!\" \/>\n<meta property=\"og:url\" content=\"https:\/\/www.topolis.se\/en\/contact\/\" \/>\n<meta property=\"og:site_name\" content=\"Topolis\" \/>\n<meta property=\"article:publisher\" content=\"https:\/\/www.facebook.com\/Topolis-AB-1481407308845438\" \/>\n<meta property=\"article:modified_time\" content=\"2025-03-08T11:59:33+00:00\" \/>\n<meta property=\"og:image\" content=\"https:\/\/www.topolis.se\/wp-content\/uploads\/2021\/06\/0-02-05-b26f7e585ca176fabf604c2c68e4928fd5659e7665cc7afe55cf50251d08658d_618d6a841cc9aeca.jpg\" \/>\n\t<meta property=\"og:image:width\" content=\"1600\" \/>\n\t<meta property=\"og:image:height\" content=\"1200\" \/>\n\t<meta property=\"og:image:type\" content=\"image\/jpeg\" \/>\n<meta name=\"twitter:card\" content=\"summary_large_image\" \/>\n<meta name=\"twitter:label1\" content=\"Est. reading time\" \/>\n\t<meta name=\"twitter:data1\" content=\"1 minute\" \/>\n<script type=\"application\/ld+json\" class=\"yoast-schema-graph\">{\"@context\":\"https:\/\/schema.org\",\"@graph\":[{\"@type\":\"WebPage\",\"@id\":\"https:\/\/www.topolis.se\/kontakt\/\",\"url\":\"https:\/\/www.topolis.se\/kontakt\/\",\"name\":\"Kontakta Topolis f\u00f6r k\u00f6p av badtunnor, spabad och timmerhus!\",\"isPartOf\":{\"@id\":\"https:\/\/www.topolis.se\/#website\"},\"datePublished\":\"2021-05-25T11:26:15+00:00\",\"dateModified\":\"2025-03-08T11:59:33+00:00\",\"description\":\"Hos Topolis k\u00f6per du t\u00e5liga och moderna badtunnor, spabad och timmerhus av h\u00f6g kvalitet! Kontakta oss f\u00f6r mer information!\",\"breadcrumb\":{\"@id\":\"https:\/\/www.topolis.se\/kontakt\/#breadcrumb\"},\"inLanguage\":\"en-US\",\"potentialAction\":[{\"@type\":\"ReadAction\",\"target\":[\"https:\/\/www.topolis.se\/kontakt\/\"]}]},{\"@type\":\"BreadcrumbList\",\"@id\":\"https:\/\/www.topolis.se\/kontakt\/#breadcrumb\",\"itemListElement\":[{\"@type\":\"ListItem\",\"position\":1,\"name\":\"Home\",\"item\":\"https:\/\/www.topolis.se\/\"},{\"@type\":\"ListItem\",\"position\":2,\"name\":\"Kontakt\"}]},{\"@type\":\"WebSite\",\"@id\":\"https:\/\/www.topolis.se\/#website\",\"url\":\"https:\/\/www.topolis.se\/\",\"name\":\"Topolis\",\"description\":\"\u00c4kta timmerhus\",\"publisher\":{\"@id\":\"https:\/\/www.topolis.se\/#organization\"},\"potentialAction\":[{\"@type\":\"SearchAction\",\"target\":{\"@type\":\"EntryPoint\",\"urlTemplate\":\"https:\/\/www.topolis.se\/?s={search_term_string}\"},\"query-input\":{\"@type\":\"PropertyValueSpecification\",\"valueRequired\":true,\"valueName\":\"search_term_string\"}}],\"inLanguage\":\"en-US\"},{\"@type\":\"Organization\",\"@id\":\"https:\/\/www.topolis.se\/#organization\",\"name\":\"Topolis AB\",\"url\":\"https:\/\/www.topolis.se\/\",\"logo\":{\"@type\":\"ImageObject\",\"inLanguage\":\"en-US\",\"@id\":\"https:\/\/www.topolis.se\/#\/schema\/logo\/image\/\",\"url\":\"https:\/\/www.topolis.se\/wp-content\/uploads\/2022\/01\/pilkash.jpg\",\"contentUrl\":\"https:\/\/www.topolis.se\/wp-content\/uploads\/2022\/01\/pilkash.jpg\",\"width\":1482,\"height\":1110,\"caption\":\"Topolis AB\"},\"image\":{\"@id\":\"https:\/\/www.topolis.se\/#\/schema\/logo\/image\/\"},\"sameAs\":[\"https:\/\/www.facebook.com\/Topolis-AB-1481407308845438\",\"https:\/\/www.instagram.com\/topolisab\/\",\"https:\/\/www.youtube.com\/channel\/UCcOYf9nxQDMyAsTxDq2hMJg\"]}]}<\/script>\n<!-- \/ Yoast SEO Premium plugin. -->","yoast_head_json":{"title":"Contact Topolis for the purchase of hot tubs, spas and log houses!","description":"At Topolis you can buy high-quality, durable and modern hot tubs, spas and log cabins! Contact us for more information!","robots":{"index":"index","follow":"follow","max-snippet":"max-snippet:-1","max-image-preview":"max-image-preview:large","max-video-preview":"max-video-preview:-1"},"canonical":"https:\/\/www.topolis.se\/en\/contact\/","og_locale":"en_US","og_type":"article","og_title":"Kontakt","og_description":"Hos Topolis k\u00f6per du t\u00e5liga och moderna badtunnor, spabad och timmerhus av h\u00f6g kvalitet! Kontakta oss f\u00f6r mer information!","og_url":"https:\/\/www.topolis.se\/en\/contact\/","og_site_name":"Topolis","article_publisher":"https:\/\/www.facebook.com\/Topolis-AB-1481407308845438","article_modified_time":"2025-03-08T11:59:33+00:00","og_image":[{"width":1600,"height":1200,"url":"https:\/\/www.topolis.se\/wp-content\/uploads\/2021\/06\/0-02-05-b26f7e585ca176fabf604c2c68e4928fd5659e7665cc7afe55cf50251d08658d_618d6a841cc9aeca.jpg","type":"image\/jpeg"}],"twitter_card":"summary_large_image","twitter_misc":{"Est. reading time":"1 minute"},"schema":{"@context":"https:\/\/schema.org","@graph":[{"@type":"WebPage","@id":"https:\/\/www.topolis.se\/kontakt\/","url":"https:\/\/www.topolis.se\/kontakt\/","name":"Contact Topolis for the purchase of hot tubs, spas and log houses!","isPartOf":{"@id":"https:\/\/www.topolis.se\/#website"},"datePublished":"2021-05-25T11:26:15+00:00","dateModified":"2025-03-08T11:59:33+00:00","description":"At Topolis you can buy high-quality, durable and modern hot tubs, spas and log cabins! Contact us for more information!","breadcrumb":{"@id":"https:\/\/www.topolis.se\/kontakt\/#breadcrumb"},"inLanguage":"en-US","potentialAction":[{"@type":"ReadAction","target":["https:\/\/www.topolis.se\/kontakt\/"]}]},{"@type":"BreadcrumbList","@id":"https:\/\/www.topolis.se\/kontakt\/#breadcrumb","itemListElement":[{"@type":"ListItem","position":1,"name":"Home","item":"https:\/\/www.topolis.se\/"},{"@type":"ListItem","position":2,"name":"Kontakt"}]},{"@type":"WebSite","@id":"https:\/\/www.topolis.se\/#website","url":"https:\/\/www.topolis.se\/","name":"Topolis","description":"Genuine log houses","publisher":{"@id":"https:\/\/www.topolis.se\/#organization"},"potentialAction":[{"@type":"SearchAction","target":{"@type":"EntryPoint","urlTemplate":"https:\/\/www.topolis.se\/?s={search_term_string}"},"query-input":{"@type":"PropertyValueSpecification","valueRequired":true,"valueName":"search_term_string"}}],"inLanguage":"en-US"},{"@type":"Organization","@id":"https:\/\/www.topolis.se\/#organization","name":"Topolis AB","url":"https:\/\/www.topolis.se\/","logo":{"@type":"ImageObject","inLanguage":"en-US","@id":"https:\/\/www.topolis.se\/#\/schema\/logo\/image\/","url":"https:\/\/www.topolis.se\/wp-content\/uploads\/2022\/01\/pilkash.jpg","contentUrl":"https:\/\/www.topolis.se\/wp-content\/uploads\/2022\/01\/pilkash.jpg","width":1482,"height":1110,"caption":"Topolis AB"},"image":{"@id":"https:\/\/www.topolis.se\/#\/schema\/logo\/image\/"},"sameAs":["https:\/\/www.facebook.com\/Topolis-AB-1481407308845438","https:\/\/www.instagram.com\/topolisab\/","https:\/\/www.youtube.com\/channel\/UCcOYf9nxQDMyAsTxDq2hMJg"]}]}},"_links":{"self":[{"href":"https:\/\/www.topolis.se\/en\/wp-json\/wp\/v2\/pages\/250","targetHints":{"allow":["GET"]}}],"collection":[{"href":"https:\/\/www.topolis.se\/en\/wp-json\/wp\/v2\/pages"}],"about":[{"href":"https:\/\/www.topolis.se\/en\/wp-json\/wp\/v2\/types\/page"}],"author":[{"embeddable":true,"href":"https:\/\/www.topolis.se\/en\/wp-json\/wp\/v2\/users\/16"}],"replies":[{"embeddable":true,"href":"https:\/\/www.topolis.se\/en\/wp-json\/wp\/v2\/comments?post=250"}],"version-history":[{"count":19,"href":"https:\/\/www.topolis.se\/en\/wp-json\/wp\/v2\/pages\/250\/revisions"}],"predecessor-version":[{"id":11497,"href":"https:\/\/www.topolis.se\/en\/wp-json\/wp\/v2\/pages\/250\/revisions\/11497"}],"wp:attachment":[{"href":"https:\/\/www.topolis.se\/en\/wp-json\/wp\/v2\/media?parent=250"}],"curies":[{"name":"wp","href":"https:\/\/api.w.org\/{rel}","templated":true}]}}