{"id":3030,"date":"2021-07-13T07:01:53","date_gmt":"2021-07-13T07:01:53","guid":{"rendered":"https:\/\/www.topolis.se\/?page_id=3030"},"modified":"2025-03-09T20:40:36","modified_gmt":"2025-03-09T20:40:36","slug":"blog-2","status":"publish","type":"page","link":"https:\/\/www.topolis.se\/en\/blogg\/","title":{"rendered":"What's new"},"content":{"rendered":"<div data-elementor-type=\"wp-page\" data-elementor-id=\"3030\" class=\"elementor elementor-3030\" data-elementor-post-type=\"page\">\n\t\t\t\t<div class=\"elementor-element elementor-element-dc9b9f4 e-flex e-con-boxed e-con e-parent\" data-id=\"dc9b9f4\" data-element_type=\"container\">\n\t\t\t\t\t<div class=\"e-con-inner\">\n\t\t\t\t<div class=\"elementor-element elementor-element-b19f763 elementor-widget elementor-widget-heading\" data-id=\"b19f763\" data-element_type=\"widget\" data-widget_type=\"heading.default\">\n\t\t\t\t<div class=\"elementor-widget-container\">\n\t\t\t<h2 class=\"elementor-heading-title elementor-size-default\">Add your headline text here<\/h2>\t\t<\/div>\n\t\t\t\t<\/div>\n\t\t\t\t<div class=\"elementor-element elementor-element-1e735e6 elementor-widget elementor-widget-text-editor\" data-id=\"1e735e6\" data-element_type=\"widget\" data-widget_type=\"text-editor.default\">\n\t\t\t\t<div class=\"elementor-widget-container\">\n\t\t\t\t\t\t\tHere we will publish our latest blog posts about our company and our products\t\t\t\t\t\t<\/div>\n\t\t\t\t<\/div>\n\t\t\t\t<div class=\"elementor-element elementor-element-be9880e elementor-widget elementor-widget-pp-tiled-posts\" data-id=\"be9880e\" data-element_type=\"widget\" data-widget_type=\"pp-tiled-posts.default\">\n\t\t\t\t<div class=\"elementor-widget-container\">\n\t\t\t\t\t<div class=\"pp-tiled-posts pp-tiled-posts-layout-5 clearfix\">\n\t\t\t\t\t<div class=\"pp-tiled-post pp-tiled-post-1 pp-tiled-post-medium\">\n\t\t\t<div class=\"pp-tiled-post-bg pp-media-background\" \n\t\t\tstyle='background-image:url(https:\/\/www.topolis.se\/wp-content\/uploads\/2021\/06\/Z62_7038-768x614.jpg)'\t\t\t>\n\t\t\t<\/div>\n\t\t\t<div class=\"pp-media-overlay pp-tiled-post-overlay\"><a href=\"https:\/\/www.topolis.se\/en\/badtunna-pa-vintern\/\" title=\"Hot tubs in winter - tips for bathing, heating and care\"><\/a><\/div>\n\t\t\t<div class=\"pp-tiled-post-content pp-tiled-post-content-bottom\">\n\t\t\t\t\t\t\t\t\t\t\t\t\t\t\t\t\t\t\t\t\t\t<header>\n\t\t\t\t\t\t<h2 class=\"pp-tiled-post-title\">\n\t\t\t\t\t\t\tHot tubs in winter - tips for bathing, heating and care\t\t\t\t\t\t<\/h2>\n\t\t\t\t\t<\/header>\n\t\t\t\t\t\t\t\t\t\t\t\t\t<div class=\"pp-tiled-posts-meta\">\n\t\t\t\t\t\t\t\t\t\t\t\t\t\t\t\t\t\t\t\t<span class=\"pp-post-date\"><span class=\"screen-reader-text\">Posted on <\/span><time class=\"entry-date\" datetime=\"2025-10-31T13:33:00+00:00\">10\/31\/2025<\/time><\/span>\t\t\t\t\t\t\t\t\t\t\t<\/div>\n\t\t\t\t\n\t\t\t\t\t\t\t<\/div>\n\t\t<\/div>\n\t\t\t\t<div class=\"pp-tiled-post pp-tiled-post-2 pp-tiled-post-medium\">\n\t\t\t<div class=\"pp-tiled-post-bg pp-media-background\" \n\t\t\tstyle='background-image:url(https:\/\/www.topolis.se\/wp-content\/uploads\/2021\/06\/Messenger_creation_99ECB8FF-5FD3-42C8-BDF2-FC0F4DA10B26-1-768x576.jpg)'\t\t\t>\n\t\t\t<\/div>\n\t\t\t<div class=\"pp-media-overlay pp-tiled-post-overlay\"><a href=\"https:\/\/www.topolis.se\/en\/bastu-fordelar-for-kropp-och-sinne\/\" title=\"Sauna benefits for body and mind\"><\/a><\/div>\n\t\t\t<div class=\"pp-tiled-post-content pp-tiled-post-content-bottom\">\n\t\t\t\t\t\t\t\t\t\t\t\t\t\t\t\t\t\t\t\t\t\t<header>\n\t\t\t\t\t\t<h2 class=\"pp-tiled-post-title\">\n\t\t\t\t\t\t\tSauna benefits for body and mind\t\t\t\t\t\t<\/h2>\n\t\t\t\t\t<\/header>\n\t\t\t\t\t\t\t\t\t\t\t\t\t<div class=\"pp-tiled-posts-meta\">\n\t\t\t\t\t\t\t\t\t\t\t\t\t\t\t\t\t\t\t\t<span class=\"pp-post-date\"><span class=\"screen-reader-text\">Posted on <\/span><time class=\"entry-date\" datetime=\"2025-10-31T13:33:00+00:00\">10\/31\/2025<\/time><\/span>\t\t\t\t\t\t\t\t\t\t\t<\/div>\n\t\t\t\t\n\t\t\t\t\t\t\t<\/div>\n\t\t<\/div>\n\t\t\t\t<div class=\"pp-tiled-post pp-tiled-post-3 pp-tiled-post-small\">\n\t\t\t<div class=\"pp-tiled-post-bg pp-media-background\" \n\t\t\tstyle='background-image:url(https:\/\/www.topolis.se\/wp-content\/uploads\/2025\/09\/Z62_9485-768x511.jpg)'\t\t\t>\n\t\t\t<\/div>\n\t\t\t<div class=\"pp-media-overlay pp-tiled-post-overlay\"><a href=\"https:\/\/www.topolis.se\/en\/utebastu-en-bastuupplevelse-nara-naturen\/\" title=\"Outdoor sauna - A sauna experience close to nature\"><\/a><\/div>\n\t\t\t<div class=\"pp-tiled-post-content pp-tiled-post-content-bottom\">\n\t\t\t\t\t\t\t\t\t\t\t\t\t\t\t\t\t\t\t\t\t\t<header>\n\t\t\t\t\t\t<h2 class=\"pp-tiled-post-title\">\n\t\t\t\t\t\t\tOutdoor sauna - A sauna experience close to nature\t\t\t\t\t\t<\/h2>\n\t\t\t\t\t<\/header>\n\t\t\t\t\t\t\t\t\t\t\t\t\t<div class=\"pp-tiled-posts-meta\">\n\t\t\t\t\t\t\t\t\t\t\t\t\t\t\t\t\t\t\t\t<span class=\"pp-post-date\"><span class=\"screen-reader-text\">Posted on <\/span><time class=\"entry-date\" datetime=\"2025-10-31T13:33:00+00:00\">10\/31\/2025<\/time><\/span>\t\t\t\t\t\t\t\t\t\t\t<\/div>\n\t\t\t\t\n\t\t\t\t\t\t\t<\/div>\n\t\t<\/div>\n\t\t\t\t<div class=\"pp-tiled-post pp-tiled-post-4 pp-tiled-post-small\">\n\t\t\t<div class=\"pp-tiled-post-bg pp-media-background\" \n\t\t\tstyle='background-image:url(https:\/\/www.topolis.se\/wp-content\/uploads\/2025\/02\/0-02-05-6bba3ab6237e184e9aa503fa761592aae70c0c46f1c299293aa0e8f7a7ccb240_22334665364-removebg-preview.png)'\t\t\t>\n\t\t\t<\/div>\n\t\t\t<div class=\"pp-media-overlay pp-tiled-post-overlay\"><a href=\"https:\/\/www.topolis.se\/en\/en-forebild-i-kvalitet\/\" title=\"Topolis AB - A model of quality and perseverance\"><\/a><\/div>\n\t\t\t<div class=\"pp-tiled-post-content pp-tiled-post-content-bottom\">\n\t\t\t\t\t\t\t\t\t\t\t\t\t\t\t\t\t\t\t\t\t\t<header>\n\t\t\t\t\t\t<h2 class=\"pp-tiled-post-title\">\n\t\t\t\t\t\t\tTopolis AB - A model of quality and perseverance\t\t\t\t\t\t<\/h2>\n\t\t\t\t\t<\/header>\n\t\t\t\t\t\t\t\t\t\t\t\t\t<div class=\"pp-tiled-posts-meta\">\n\t\t\t\t\t\t\t\t\t\t\t\t\t\t\t\t\t\t\t\t<span class=\"pp-post-date\"><span class=\"screen-reader-text\">Posted on <\/span><time class=\"entry-date\" datetime=\"2025-10-31T13:33:00+00:00\">10\/31\/2025<\/time><\/span>\t\t\t\t\t\t\t\t\t\t\t<\/div>\n\t\t\t\t\n\t\t\t\t\t\t\t<\/div>\n\t\t<\/div>\n\t\t\t\t<div class=\"pp-tiled-post pp-tiled-post-5 pp-tiled-post-small\">\n\t\t\t<div class=\"pp-tiled-post-bg pp-media-background\" \n\t\t\tstyle='background-image:url(https:\/\/www.topolis.se\/wp-content\/uploads\/2021\/06\/IMG_20250810_1513463.jpg)'\t\t\t>\n\t\t\t<\/div>\n\t\t\t<div class=\"pp-media-overlay pp-tiled-post-overlay\"><a href=\"https:\/\/www.topolis.se\/en\/liten-vedeldad-bastu-utomhus\/\" title=\"Small Outdoor Wood Sauna - Perfect for Garden, Cottage and Holiday Home\"><\/a><\/div>\n\t\t\t<div class=\"pp-tiled-post-content pp-tiled-post-content-bottom\">\n\t\t\t\t\t\t\t\t\t\t\t\t\t\t\t\t\t\t\t\t\t\t<header>\n\t\t\t\t\t\t<h2 class=\"pp-tiled-post-title\">\n\t\t\t\t\t\t\tSmall Outdoor Wood Sauna - Perfect for Garden, Cottage and Holiday Home\t\t\t\t\t\t<\/h2>\n\t\t\t\t\t<\/header>\n\t\t\t\t\t\t\t\t\t\t\t\t\t<div class=\"pp-tiled-posts-meta\">\n\t\t\t\t\t\t\t\t\t\t\t\t\t\t\t\t\t\t\t\t<span class=\"pp-post-date\"><span class=\"screen-reader-text\">Posted on <\/span><time class=\"entry-date\" datetime=\"2025-10-31T13:33:00+00:00\">10\/31\/2025<\/time><\/span>\t\t\t\t\t\t\t\t\t\t\t<\/div>\n\t\t\t\t\n\t\t\t\t\t\t\t<\/div>\n\t\t<\/div>\n\t\t<div class=\"pp-tiled-post-group pp-tiled-post-col-3\">\t\t<div class=\"pp-tiled-post pp-tiled-post-6 pp-tiled-post-small\">\n\t\t\t<div class=\"pp-tiled-post-bg pp-media-background\" \n\t\t\tstyle='background-image:url(https:\/\/www.topolis.se\/wp-content\/uploads\/2025\/09\/image-7-768x560.jpg)'\t\t\t>\n\t\t\t<\/div>\n\t\t\t<div class=\"pp-media-overlay pp-tiled-post-overlay\"><a href=\"https:\/\/www.topolis.se\/en\/vad-kostar-det-att-bygga-en-bastu\/\" title=\"What does it cost to build a sauna?\"><\/a><\/div>\n\t\t\t<div class=\"pp-tiled-post-content pp-tiled-post-content-bottom\">\n\t\t\t\t\t\t\t\t\t\t\t\t\t\t\t\t\t\t\t\t\t\t<header>\n\t\t\t\t\t\t<h2 class=\"pp-tiled-post-title\">\n\t\t\t\t\t\t\tWhat does it cost to build a sauna?\t\t\t\t\t\t<\/h2>\n\t\t\t\t\t<\/header>\n\t\t\t\t\t\t\t\t\t\t\t\t\t<div class=\"pp-tiled-posts-meta\">\n\t\t\t\t\t\t\t\t\t\t\t\t\t\t\t\t\t\t\t\t<span class=\"pp-post-date\"><span class=\"screen-reader-text\">Posted on <\/span><time class=\"entry-date\" datetime=\"2025-10-31T13:33:00+00:00\">10\/31\/2025<\/time><\/span>\t\t\t\t\t\t\t\t\t\t\t<\/div>\n\t\t\t\t\n\t\t\t\t\t\t\t<\/div>\n\t\t<\/div>\n\t\t\t\t<div class=\"pp-tiled-post pp-tiled-post-7 pp-tiled-post-small\">\n\t\t\t<div class=\"pp-tiled-post-bg pp-media-background\" \n\t\t\tstyle='background-image:url(https:\/\/www.topolis.se\/wp-content\/uploads\/2025\/09\/Z62_9363-768x511.jpg)'\t\t\t>\n\t\t\t<\/div>\n\t\t\t<div class=\"pp-media-overlay pp-tiled-post-overlay\"><a href=\"https:\/\/www.topolis.se\/en\/bastu-i-tradgarden\/\" title=\"Sauna in the garden - Create your own oasis of relaxation\"><\/a><\/div>\n\t\t\t<div class=\"pp-tiled-post-content pp-tiled-post-content-bottom\">\n\t\t\t\t\t\t\t\t\t\t\t\t\t\t\t\t\t\t\t\t\t\t<header>\n\t\t\t\t\t\t<h2 class=\"pp-tiled-post-title\">\n\t\t\t\t\t\t\tSauna in the garden - Create your own oasis of relaxation\t\t\t\t\t\t<\/h2>\n\t\t\t\t\t<\/header>\n\t\t\t\t\t\t\t\t\t\t\t\t\t<div class=\"pp-tiled-posts-meta\">\n\t\t\t\t\t\t\t\t\t\t\t\t\t\t\t\t\t\t\t\t<span class=\"pp-post-date\"><span class=\"screen-reader-text\">Posted on <\/span><time class=\"entry-date\" datetime=\"2025-10-21T00:00:46+00:00\">10\/21\/2025<\/time><\/span>\t\t\t\t\t\t\t\t\t\t\t<\/div>\n\t\t\t\t\n\t\t\t\t\t\t\t<\/div>\n\t\t<\/div>\n\t\t\t\t<div class=\"pp-tiled-post pp-tiled-post-8 pp-tiled-post-small\">\n\t\t\t<div class=\"pp-tiled-post-bg pp-media-background\" \n\t\t\tstyle='background-image:url(https:\/\/www.topolis.se\/wp-content\/uploads\/2025\/09\/image-8-768x560.jpg)'\t\t\t>\n\t\t\t<\/div>\n\t\t\t<div class=\"pp-media-overlay pp-tiled-post-overlay\"><a href=\"https:\/\/www.topolis.se\/en\/fordelar-med-en-vedeldad-badtunna\/\" title=\"The benefits of a wood-fired hot tub\"><\/a><\/div>\n\t\t\t<div class=\"pp-tiled-post-content pp-tiled-post-content-bottom\">\n\t\t\t\t\t\t\t\t\t\t\t\t\t\t\t\t\t\t\t\t\t\t<header>\n\t\t\t\t\t\t<h2 class=\"pp-tiled-post-title\">\n\t\t\t\t\t\t\tThe benefits of a wood-fired hot tub\t\t\t\t\t\t<\/h2>\n\t\t\t\t\t<\/header>\n\t\t\t\t\t\t\t\t\t\t\t\t\t<div class=\"pp-tiled-posts-meta\">\n\t\t\t\t\t\t\t\t\t\t\t\t\t\t\t\t\t\t\t\t<span class=\"pp-post-date\"><span class=\"screen-reader-text\">Posted on <\/span><time class=\"entry-date\" datetime=\"2025-10-21T00:00:46+00:00\">10\/21\/2025<\/time><\/span>\t\t\t\t\t\t\t\t\t\t\t<\/div>\n\t\t\t\t\n\t\t\t\t\t\t\t<\/div>\n\t\t<\/div>\n\t\t\t\t<div class=\"pp-tiled-post pp-tiled-post-9 pp-tiled-post-small\">\n\t\t\t<div class=\"pp-tiled-post-bg pp-media-background\" \n\t\t\tstyle='background-image:url(https:\/\/www.topolis.se\/wp-content\/uploads\/2021\/06\/Messenger_creation_5A29A596-710D-4114-B77C-81F329E5F0CE-1-768x690.jpg)'\t\t\t>\n\t\t\t<\/div>\n\t\t\t<div class=\"pp-media-overlay pp-tiled-post-overlay\"><a href=\"https:\/\/www.topolis.se\/en\/utomhusspa-i-tradgarden\/\" title=\"Outdoor spa in the garden - hot tub, sauna and smart solutions\"><\/a><\/div>\n\t\t\t<div class=\"pp-tiled-post-content pp-tiled-post-content-bottom\">\n\t\t\t\t\t\t\t\t\t\t\t\t\t\t\t\t\t\t\t\t\t\t<header>\n\t\t\t\t\t\t<h2 class=\"pp-tiled-post-title\">\n\t\t\t\t\t\t\tOutdoor spa in the garden - hot tub, sauna and smart solutions\t\t\t\t\t\t<\/h2>\n\t\t\t\t\t<\/header>\n\t\t\t\t\t\t\t\t\t\t\t\t\t<div class=\"pp-tiled-posts-meta\">\n\t\t\t\t\t\t\t\t\t\t\t\t\t\t\t\t\t\t\t\t<span class=\"pp-post-date\"><span class=\"screen-reader-text\">Posted on <\/span><time class=\"entry-date\" datetime=\"2025-09-09T00:00:46+00:00\">09\/09\/2025<\/time><\/span>\t\t\t\t\t\t\t\t\t\t\t<\/div>\n\t\t\t\t\n\t\t\t\t\t\t\t<\/div>\n\t\t<\/div>\n\t\t\t\t<div class=\"pp-tiled-post pp-tiled-post-10 pp-tiled-post-small\">\n\t\t\t<div class=\"pp-tiled-post-bg pp-media-background\" \n\t\t\tstyle='background-image:url(https:\/\/www.topolis.se\/wp-content\/uploads\/2021\/06\/20250720_2016121-2-768x661.jpg)'\t\t\t>\n\t\t\t<\/div>\n\t\t\t<div class=\"pp-media-overlay pp-tiled-post-overlay\"><a href=\"https:\/\/www.topolis.se\/en\/vedeldad-badtunna-uppvarmning\/\" title=\"Wood-fired hot tub - How long does it take to heat the water?\"><\/a><\/div>\n\t\t\t<div class=\"pp-tiled-post-content pp-tiled-post-content-bottom\">\n\t\t\t\t\t\t\t\t\t\t\t\t\t\t\t\t\t\t\t\t\t\t<header>\n\t\t\t\t\t\t<h2 class=\"pp-tiled-post-title\">\n\t\t\t\t\t\t\tWood-fired hot tub - How long does it take to heat the water?\t\t\t\t\t\t<\/h2>\n\t\t\t\t\t<\/header>\n\t\t\t\t\t\t\t\t\t\t\t\t\t<div class=\"pp-tiled-posts-meta\">\n\t\t\t\t\t\t\t\t\t\t\t\t\t\t\t\t\t\t\t\t<span class=\"pp-post-date\"><span class=\"screen-reader-text\">Posted on <\/span><time class=\"entry-date\" datetime=\"2025-09-08T13:33:46+00:00\">09\/08\/2025<\/time><\/span>\t\t\t\t\t\t\t\t\t\t\t<\/div>\n\t\t\t\t\n\t\t\t\t\t\t\t<\/div>\n\t\t<\/div>\n\t\t\t\t<div class=\"pp-tiled-post pp-tiled-post-11 pp-tiled-post-small\">\n\t\t\t<div class=\"pp-tiled-post-bg pp-media-background\" \n\t\t\tstyle='background-image:url(https:\/\/www.topolis.se\/wp-content\/uploads\/2023\/04\/Sigill-559281-5996-1-768x374.jpg)'\t\t\t>\n\t\t\t<\/div>\n\t\t\t<div class=\"pp-media-overlay pp-tiled-post-overlay\"><a href=\"https:\/\/www.topolis.se\/en\/topolis-ab-lanets-foretag2023\/\" title=\"Topolis AB - County company 2023\"><\/a><\/div>\n\t\t\t<div class=\"pp-tiled-post-content pp-tiled-post-content-bottom\">\n\t\t\t\t\t\t\t\t\t\t\t\t\t\t\t\t\t\t\t\t\t\t<header>\n\t\t\t\t\t\t<h2 class=\"pp-tiled-post-title\">\n\t\t\t\t\t\t\tTopolis AB - County company 2023\t\t\t\t\t\t<\/h2>\n\t\t\t\t\t<\/header>\n\t\t\t\t\t\t\t\t\t\t\t\t\t<div class=\"pp-tiled-posts-meta\">\n\t\t\t\t\t\t\t\t\t\t\t\t\t\t\t\t\t\t\t\t<span class=\"pp-post-date\"><span class=\"screen-reader-text\">Posted on <\/span><time class=\"entry-date\" datetime=\"2023-04-04T14:16:53+00:00\">04\/04\/2023<\/time><\/span>\t\t\t\t\t\t\t\t\t\t\t<\/div>\n\t\t\t\t\n\t\t\t\t\t\t\t<\/div>\n\t\t<\/div>\n\t\t\t\t<div class=\"pp-tiled-post pp-tiled-post-12 pp-tiled-post-small\">\n\t\t\t<div class=\"pp-tiled-post-bg pp-media-background\" \n\t\t\tstyle='background-image:url(https:\/\/www.topolis.se\/wp-content\/uploads\/2021\/07\/tavling-vinn-topolis-badtunna-768x432.png)'\t\t\t>\n\t\t\t<\/div>\n\t\t\t<div class=\"pp-media-overlay pp-tiled-post-overlay\"><a href=\"https:\/\/www.topolis.se\/en\/tavling-vinn-topolis-badtunna\/\" title=\"Win Topolis hot tubs!\"><\/a><\/div>\n\t\t\t<div class=\"pp-tiled-post-content pp-tiled-post-content-bottom\">\n\t\t\t\t\t\t\t\t\t\t\t\t\t\t\t\t\t\t\t\t\t\t<header>\n\t\t\t\t\t\t<h2 class=\"pp-tiled-post-title\">\n\t\t\t\t\t\t\tWin Topolis hot tubs!\t\t\t\t\t\t<\/h2>\n\t\t\t\t\t<\/header>\n\t\t\t\t\t\t\t\t\t\t\t\t\t<div class=\"pp-tiled-posts-meta\">\n\t\t\t\t\t\t\t\t\t\t\t\t\t\t\t\t\t\t\t\t<span class=\"pp-post-date\"><span class=\"screen-reader-text\">Posted on <\/span><time class=\"entry-date\" datetime=\"2022-01-14T13:33:46+00:00\">01\/14\/2022<\/time><\/span>\t\t\t\t\t\t\t\t\t\t\t<\/div>\n\t\t\t\t\n\t\t\t\t\t\t\t<\/div>\n\t\t<\/div>\n\t\t\t\t<\/div>\n\t\t\t\t<\/div>\n\t\t\t\t<\/div>\n\t\t\t\t\t<\/div>\n\t\t\t\t<\/div>\n\t\t\t\t<\/div>","protected":false},"excerpt":{"rendered":"<p>Add your headline text here Here we will publish our latest blog posts about our company and our products Topolis AB - County Company of 2023 Posted on 04\/04\/2023 Win Topolis hot tub! Posted on 01\/14\/2022<\/p>","protected":false},"author":16,"featured_media":0,"parent":0,"menu_order":0,"comment_status":"closed","ping_status":"closed","template":"","meta":{"_acf_changed":false,"_monsterinsights_skip_tracking":false,"_monsterinsights_sitenote_active":false,"_monsterinsights_sitenote_note":"","_monsterinsights_sitenote_category":0,"footnotes":""},"class_list":["post-3030","page","type-page","status-publish","hentry"],"acf":[],"yoast_head":"<!-- This site is optimized with the Yoast SEO Premium plugin v27.0 (Yoast SEO v27.0) - https:\/\/yoast.com\/product\/yoast-seo-premium-wordpress\/ -->\n<title>Nyheter &#187; Topolis<\/title>\n<meta name=\"robots\" content=\"index, follow, max-snippet:-1, max-image-preview:large, max-video-preview:-1\" \/>\n<link rel=\"canonical\" href=\"https:\/\/www.topolis.se\/en\/blog-2\/\" \/>\n<meta property=\"og:locale\" content=\"en_US\" \/>\n<meta property=\"og:type\" content=\"article\" \/>\n<meta property=\"og:title\" content=\"Nyheter\" \/>\n<meta property=\"og:description\" content=\"L\u00e4gg till din rubriktext h\u00e4r H\u00e4r kommer vi att publicera v\u00e5ra senaste blogginl\u00e4gg om v\u00e5rt f\u00f6retag och v\u00e5ra produkter Topolis AB \u2013 L\u00e4nets f\u00f6retag 2023 Posted on 04\/04\/2023 Vinn Topolis badtunna! Posted on 01\/14\/2022\" \/>\n<meta property=\"og:url\" content=\"https:\/\/www.topolis.se\/en\/blog-2\/\" \/>\n<meta property=\"og:site_name\" content=\"Topolis\" \/>\n<meta property=\"article:publisher\" content=\"https:\/\/www.facebook.com\/Topolis-AB-1481407308845438\" \/>\n<meta property=\"article:modified_time\" content=\"2025-03-09T20:40:36+00:00\" \/>\n<meta property=\"og:image\" content=\"https:\/\/www.topolis.se\/wp-content\/uploads\/2021\/06\/0-02-05-b26f7e585ca176fabf604c2c68e4928fd5659e7665cc7afe55cf50251d08658d_618d6a841cc9aeca.jpg\" \/>\n\t<meta property=\"og:image:width\" content=\"1600\" \/>\n\t<meta property=\"og:image:height\" content=\"1200\" \/>\n\t<meta property=\"og:image:type\" content=\"image\/jpeg\" \/>\n<meta name=\"twitter:card\" content=\"summary_large_image\" \/>\n<meta name=\"twitter:label1\" content=\"Est. reading time\" \/>\n\t<meta name=\"twitter:data1\" content=\"1 minute\" \/>\n<script type=\"application\/ld+json\" class=\"yoast-schema-graph\">{\"@context\":\"https:\/\/schema.org\",\"@graph\":[{\"@type\":\"WebPage\",\"@id\":\"https:\/\/www.topolis.se\/blogg\/\",\"url\":\"https:\/\/www.topolis.se\/blogg\/\",\"name\":\"Nyheter &#187; Topolis\",\"isPartOf\":{\"@id\":\"https:\/\/www.topolis.se\/#website\"},\"datePublished\":\"2021-07-13T07:01:53+00:00\",\"dateModified\":\"2025-03-09T20:40:36+00:00\",\"breadcrumb\":{\"@id\":\"https:\/\/www.topolis.se\/blogg\/#breadcrumb\"},\"inLanguage\":\"en-US\",\"potentialAction\":[{\"@type\":\"ReadAction\",\"target\":[\"https:\/\/www.topolis.se\/blogg\/\"]}]},{\"@type\":\"BreadcrumbList\",\"@id\":\"https:\/\/www.topolis.se\/blogg\/#breadcrumb\",\"itemListElement\":[{\"@type\":\"ListItem\",\"position\":1,\"name\":\"Home\",\"item\":\"https:\/\/www.topolis.se\/\"},{\"@type\":\"ListItem\",\"position\":2,\"name\":\"Nyheter\"}]},{\"@type\":\"WebSite\",\"@id\":\"https:\/\/www.topolis.se\/#website\",\"url\":\"https:\/\/www.topolis.se\/\",\"name\":\"Topolis\",\"description\":\"\u00c4kta timmerhus\",\"publisher\":{\"@id\":\"https:\/\/www.topolis.se\/#organization\"},\"potentialAction\":[{\"@type\":\"SearchAction\",\"target\":{\"@type\":\"EntryPoint\",\"urlTemplate\":\"https:\/\/www.topolis.se\/?s={search_term_string}\"},\"query-input\":{\"@type\":\"PropertyValueSpecification\",\"valueRequired\":true,\"valueName\":\"search_term_string\"}}],\"inLanguage\":\"en-US\"},{\"@type\":\"Organization\",\"@id\":\"https:\/\/www.topolis.se\/#organization\",\"name\":\"Topolis AB\",\"url\":\"https:\/\/www.topolis.se\/\",\"logo\":{\"@type\":\"ImageObject\",\"inLanguage\":\"en-US\",\"@id\":\"https:\/\/www.topolis.se\/#\/schema\/logo\/image\/\",\"url\":\"https:\/\/www.topolis.se\/wp-content\/uploads\/2022\/01\/pilkash.jpg\",\"contentUrl\":\"https:\/\/www.topolis.se\/wp-content\/uploads\/2022\/01\/pilkash.jpg\",\"width\":1482,\"height\":1110,\"caption\":\"Topolis AB\"},\"image\":{\"@id\":\"https:\/\/www.topolis.se\/#\/schema\/logo\/image\/\"},\"sameAs\":[\"https:\/\/www.facebook.com\/Topolis-AB-1481407308845438\",\"https:\/\/www.instagram.com\/topolisab\/\",\"https:\/\/www.youtube.com\/channel\/UCcOYf9nxQDMyAsTxDq2hMJg\"]}]}<\/script>\n<!-- \/ Yoast SEO Premium plugin. -->","yoast_head_json":{"title":"News \u00bb Topolis","robots":{"index":"index","follow":"follow","max-snippet":"max-snippet:-1","max-image-preview":"max-image-preview:large","max-video-preview":"max-video-preview:-1"},"canonical":"https:\/\/www.topolis.se\/en\/blog-2\/","og_locale":"en_US","og_type":"article","og_title":"Nyheter","og_description":"L\u00e4gg till din rubriktext h\u00e4r H\u00e4r kommer vi att publicera v\u00e5ra senaste blogginl\u00e4gg om v\u00e5rt f\u00f6retag och v\u00e5ra produkter Topolis AB \u2013 L\u00e4nets f\u00f6retag 2023 Posted on 04\/04\/2023 Vinn Topolis badtunna! Posted on 01\/14\/2022","og_url":"https:\/\/www.topolis.se\/en\/blog-2\/","og_site_name":"Topolis","article_publisher":"https:\/\/www.facebook.com\/Topolis-AB-1481407308845438","article_modified_time":"2025-03-09T20:40:36+00:00","og_image":[{"width":1600,"height":1200,"url":"https:\/\/www.topolis.se\/wp-content\/uploads\/2021\/06\/0-02-05-b26f7e585ca176fabf604c2c68e4928fd5659e7665cc7afe55cf50251d08658d_618d6a841cc9aeca.jpg","type":"image\/jpeg"}],"twitter_card":"summary_large_image","twitter_misc":{"Est. reading time":"1 minute"},"schema":{"@context":"https:\/\/schema.org","@graph":[{"@type":"WebPage","@id":"https:\/\/www.topolis.se\/blogg\/","url":"https:\/\/www.topolis.se\/blogg\/","name":"News \u00bb Topolis","isPartOf":{"@id":"https:\/\/www.topolis.se\/#website"},"datePublished":"2021-07-13T07:01:53+00:00","dateModified":"2025-03-09T20:40:36+00:00","breadcrumb":{"@id":"https:\/\/www.topolis.se\/blogg\/#breadcrumb"},"inLanguage":"en-US","potentialAction":[{"@type":"ReadAction","target":["https:\/\/www.topolis.se\/blogg\/"]}]},{"@type":"BreadcrumbList","@id":"https:\/\/www.topolis.se\/blogg\/#breadcrumb","itemListElement":[{"@type":"ListItem","position":1,"name":"Home","item":"https:\/\/www.topolis.se\/"},{"@type":"ListItem","position":2,"name":"Nyheter"}]},{"@type":"WebSite","@id":"https:\/\/www.topolis.se\/#website","url":"https:\/\/www.topolis.se\/","name":"Topolis","description":"Genuine log houses","publisher":{"@id":"https:\/\/www.topolis.se\/#organization"},"potentialAction":[{"@type":"SearchAction","target":{"@type":"EntryPoint","urlTemplate":"https:\/\/www.topolis.se\/?s={search_term_string}"},"query-input":{"@type":"PropertyValueSpecification","valueRequired":true,"valueName":"search_term_string"}}],"inLanguage":"en-US"},{"@type":"Organization","@id":"https:\/\/www.topolis.se\/#organization","name":"Topolis AB","url":"https:\/\/www.topolis.se\/","logo":{"@type":"ImageObject","inLanguage":"en-US","@id":"https:\/\/www.topolis.se\/#\/schema\/logo\/image\/","url":"https:\/\/www.topolis.se\/wp-content\/uploads\/2022\/01\/pilkash.jpg","contentUrl":"https:\/\/www.topolis.se\/wp-content\/uploads\/2022\/01\/pilkash.jpg","width":1482,"height":1110,"caption":"Topolis AB"},"image":{"@id":"https:\/\/www.topolis.se\/#\/schema\/logo\/image\/"},"sameAs":["https:\/\/www.facebook.com\/Topolis-AB-1481407308845438","https:\/\/www.instagram.com\/topolisab\/","https:\/\/www.youtube.com\/channel\/UCcOYf9nxQDMyAsTxDq2hMJg"]}]}},"_links":{"self":[{"href":"https:\/\/www.topolis.se\/en\/wp-json\/wp\/v2\/pages\/3030","targetHints":{"allow":["GET"]}}],"collection":[{"href":"https:\/\/www.topolis.se\/en\/wp-json\/wp\/v2\/pages"}],"about":[{"href":"https:\/\/www.topolis.se\/en\/wp-json\/wp\/v2\/types\/page"}],"author":[{"embeddable":true,"href":"https:\/\/www.topolis.se\/en\/wp-json\/wp\/v2\/users\/16"}],"replies":[{"embeddable":true,"href":"https:\/\/www.topolis.se\/en\/wp-json\/wp\/v2\/comments?post=3030"}],"version-history":[{"count":18,"href":"https:\/\/www.topolis.se\/en\/wp-json\/wp\/v2\/pages\/3030\/revisions"}],"predecessor-version":[{"id":11799,"href":"https:\/\/www.topolis.se\/en\/wp-json\/wp\/v2\/pages\/3030\/revisions\/11799"}],"wp:attachment":[{"href":"https:\/\/www.topolis.se\/en\/wp-json\/wp\/v2\/media?parent=3030"}],"curies":[{"name":"wp","href":"https:\/\/api.w.org\/{rel}","templated":true}]}}