{"id":3666,"date":"2021-09-19T16:05:29","date_gmt":"2021-09-19T16:05:29","guid":{"rendered":"https:\/\/www.topolis.se\/?page_id=3666"},"modified":"2025-03-08T11:49:13","modified_gmt":"2025-03-08T11:49:13","slug":"products","status":"publish","type":"page","link":"https:\/\/www.topolis.se\/en\/produkter\/","title":{"rendered":"Products and services"},"content":{"rendered":"<div data-elementor-type=\"wp-page\" data-elementor-id=\"3666\" class=\"elementor elementor-3666\" data-elementor-post-type=\"page\">\n\t\t\t\t<div class=\"elementor-element elementor-element-a98eeb0 e-flex e-con-boxed e-con e-parent\" data-id=\"a98eeb0\" data-element_type=\"container\" data-settings=\"{&quot;background_background&quot;:&quot;classic&quot;}\">\n\t\t\t\t\t<div class=\"e-con-inner\">\n\t\t\t\t<div class=\"elementor-element elementor-element-3867460 elementor-widget elementor-widget-heading\" data-id=\"3867460\" data-element_type=\"widget\" data-widget_type=\"heading.default\">\n\t\t\t\t<div class=\"elementor-widget-container\">\n\t\t\t<h2 class=\"elementor-heading-title elementor-size-default\">Products and services<\/h2>\t\t<\/div>\n\t\t\t\t<\/div>\n\t\t\t\t\t<\/div>\n\t\t\t\t<\/div>\n\t\t<div class=\"elementor-element elementor-element-f6b39dd e-flex e-con-boxed e-con e-parent\" data-id=\"f6b39dd\" data-element_type=\"container\">\n\t\t\t\t\t<div class=\"e-con-inner\">\n\t\t\t\t<div class=\"elementor-element elementor-element-2940b7f elementor-widget elementor-widget-heading\" data-id=\"2940b7f\" data-element_type=\"widget\" data-widget_type=\"heading.default\">\n\t\t\t\t<div class=\"elementor-widget-container\">\n\t\t\t<h2 class=\"elementor-heading-title elementor-size-default\">Our products<\/h2>\t\t<\/div>\n\t\t\t\t<\/div>\n\t\t\t\t\t<\/div>\n\t\t\t\t<\/div>\n\t\t<div class=\"elementor-element elementor-element-ef11cfd e-flex e-con-boxed e-con e-parent\" data-id=\"ef11cfd\" data-element_type=\"container\">\n\t\t\t\t\t<div class=\"e-con-inner\">\n\t\t<div class=\"elementor-element elementor-element-a7b2b0c e-con-full e-flex e-con e-child\" data-id=\"a7b2b0c\" data-element_type=\"container\">\n\t\t\t\t<div class=\"elementor-element elementor-element-53bc303 elementor-widget elementor-widget-image\" data-id=\"53bc303\" data-element_type=\"widget\" data-widget_type=\"image.default\">\n\t\t\t\t<div class=\"elementor-widget-container\">\n\t\t\t\t\t\t\t\t\t\t<figure class=\"wp-caption\">\n\t\t\t\t\t\t\t\t\t\t\t<a href=\"https:\/\/www.topolis.se\/en\/hot-tubs\/\">\n\t\t\t\t\t\t\t<img fetchpriority=\"high\" decoding=\"async\" width=\"540\" height=\"360\" src=\"https:\/\/www.topolis.se\/wp-content\/uploads\/2025\/01\/badtunna-suspaustas.jpg\" class=\"elementor-animation-float attachment-large size-large wp-image-9101\" alt=\"bath towel\" srcset=\"https:\/\/www.topolis.se\/wp-content\/uploads\/2025\/01\/badtunna-suspaustas.jpg 540w, https:\/\/www.topolis.se\/wp-content\/uploads\/2025\/01\/badtunna-suspaustas-300x200.jpg 300w\" sizes=\"(max-width: 540px) 100vw, 540px\" \/>\t\t\t\t\t\t\t\t<\/a>\n\t\t\t\t\t\t\t\t\t\t\t<figcaption class=\"widget-image-caption wp-caption-text\">Wood-fired hot tubs<\/figcaption>\n\t\t\t\t\t\t\t\t\t\t<\/figure>\n\t\t\t\t\t\t\t<\/div>\n\t\t\t\t<\/div>\n\t\t\t\t<div class=\"elementor-element elementor-element-110f83c elementor-widget elementor-widget-text-editor\" data-id=\"110f83c\" data-element_type=\"widget\" data-widget_type=\"text-editor.default\">\n\t\t\t\t<div class=\"elementor-widget-container\">\n\t\t\t\t\t\t\t<p>Being able to relax and unwind after a long day is important for both body and mind. A\u00a0<a href=\"https:\/\/www.topolis.se\/en\/hot-tubs\/\">wood-fired hot tub<\/a>\u00a0gives you the opportunity to do it outdoors, surrounded by nature and fresh air. Enjoying a hot bath under the stars is a feeling that is hard to describe - it simply has to be experienced. What's more, you can enjoy the peace and quiet that nature offers.\u00a0<\/p>\t\t\t\t\t\t<\/div>\n\t\t\t\t<\/div>\n\t\t\t\t<\/div>\n\t\t<div class=\"elementor-element elementor-element-24ec58c e-con-full e-flex e-con e-child\" data-id=\"24ec58c\" data-element_type=\"container\">\n\t\t\t\t<div class=\"elementor-element elementor-element-2975863 elementor-widget elementor-widget-image\" data-id=\"2975863\" data-element_type=\"widget\" data-widget_type=\"image.default\">\n\t\t\t\t<div class=\"elementor-widget-container\">\n\t\t\t\t\t\t\t\t\t\t<figure class=\"wp-caption\">\n\t\t\t\t\t\t\t\t\t\t\t<a href=\"https:\/\/www.topolis.se\/en\/whirlpool\/\">\n\t\t\t\t\t\t\t<img decoding=\"async\" width=\"800\" height=\"532\" src=\"https:\/\/www.topolis.se\/wp-content\/uploads\/2021\/06\/prie-ezero2-1024x681.jpg\" class=\"elementor-animation-float attachment-large size-large wp-image-8473\" alt=\"hybrid hot tub\" srcset=\"https:\/\/www.topolis.se\/wp-content\/uploads\/2021\/06\/prie-ezero2-1024x681.jpg 1024w, https:\/\/www.topolis.se\/wp-content\/uploads\/2021\/06\/prie-ezero2-300x200.jpg 300w, https:\/\/www.topolis.se\/wp-content\/uploads\/2021\/06\/prie-ezero2-768x511.jpg 768w, https:\/\/www.topolis.se\/wp-content\/uploads\/2021\/06\/prie-ezero2-1536x1022.jpg 1536w, https:\/\/www.topolis.se\/wp-content\/uploads\/2021\/06\/prie-ezero2-600x399.jpg 600w, https:\/\/www.topolis.se\/wp-content\/uploads\/2021\/06\/prie-ezero2.jpg 1814w\" sizes=\"(max-width: 800px) 100vw, 800px\" \/>\t\t\t\t\t\t\t\t<\/a>\n\t\t\t\t\t\t\t\t\t\t\t<figcaption class=\"widget-image-caption wp-caption-text\">Hybrid hot tubs<\/figcaption>\n\t\t\t\t\t\t\t\t\t\t<\/figure>\n\t\t\t\t\t\t\t<\/div>\n\t\t\t\t<\/div>\n\t\t\t\t<div class=\"elementor-element elementor-element-c6f7e99 elementor-widget elementor-widget-text-editor\" data-id=\"c6f7e99\" data-element_type=\"widget\" data-widget_type=\"text-editor.default\">\n\t\t\t\t<div class=\"elementor-widget-container\">\n\t\t\t\t\t\t\t<p>Being able to enjoy a relaxing swim all year round is something that many people dream of. And what could be better than having a\u00a0<a href=\"https:\/\/www.topolis.se\/en\/whirlpool\/\">whirlpool<\/a>\u00a0in your garden that gives you that opportunity? We offer a range of spa baths that are specially designed for those who want that little extra in bathing. Do you want an electrically heated spa bath or perhaps a combination of electricity and wood? We have what suits you and your needs!<\/p>\t\t\t\t\t\t<\/div>\n\t\t\t\t<\/div>\n\t\t\t\t<\/div>\n\t\t\t\t\t<\/div>\n\t\t\t\t<\/div>\n\t\t<div class=\"elementor-element elementor-element-f28e296 e-flex e-con-boxed e-con e-parent\" data-id=\"f28e296\" data-element_type=\"container\">\n\t\t\t\t\t<div class=\"e-con-inner\">\n\t\t<div class=\"elementor-element elementor-element-d0a81f4 e-con-full e-flex e-con e-child\" data-id=\"d0a81f4\" data-element_type=\"container\">\n\t\t\t\t<div class=\"elementor-element elementor-element-5a378af elementor-widget elementor-widget-image\" data-id=\"5a378af\" data-element_type=\"widget\" data-widget_type=\"image.default\">\n\t\t\t\t<div class=\"elementor-widget-container\">\n\t\t\t\t\t\t\t\t\t\t<figure class=\"wp-caption\">\n\t\t\t\t\t\t\t\t\t\t\t<a href=\"https:\/\/www.topolis.se\/en\/sauna\/\">\n\t\t\t\t\t\t\t<img decoding=\"async\" width=\"675\" height=\"449\" src=\"https:\/\/www.topolis.se\/wp-content\/uploads\/2021\/06\/0-02-05-9a090bcc9e5b270bd5088ddda3d4711785ec0b123b55f0c6544453cbb1f168a6_63aaf042b1a8dbe6-e1623755242323.jpg\" class=\"elementor-animation-float attachment-large size-large wp-image-1348\" alt=\"sauna\" srcset=\"https:\/\/www.topolis.se\/wp-content\/uploads\/2021\/06\/0-02-05-9a090bcc9e5b270bd5088ddda3d4711785ec0b123b55f0c6544453cbb1f168a6_63aaf042b1a8dbe6-e1623755242323.jpg 675w, https:\/\/www.topolis.se\/wp-content\/uploads\/2021\/06\/0-02-05-9a090bcc9e5b270bd5088ddda3d4711785ec0b123b55f0c6544453cbb1f168a6_63aaf042b1a8dbe6-e1623755242323-300x200.jpg 300w, https:\/\/www.topolis.se\/wp-content\/uploads\/2021\/06\/0-02-05-9a090bcc9e5b270bd5088ddda3d4711785ec0b123b55f0c6544453cbb1f168a6_63aaf042b1a8dbe6-e1623755242323-600x399.jpg 600w\" sizes=\"(max-width: 675px) 100vw, 675px\" \/>\t\t\t\t\t\t\t\t<\/a>\n\t\t\t\t\t\t\t\t\t\t\t<figcaption class=\"widget-image-caption wp-caption-text\">Sauna<\/figcaption>\n\t\t\t\t\t\t\t\t\t\t<\/figure>\n\t\t\t\t\t\t\t<\/div>\n\t\t\t\t<\/div>\n\t\t\t\t<div class=\"elementor-element elementor-element-cb983c8 elementor-widget elementor-widget-text-editor\" data-id=\"cb983c8\" data-element_type=\"widget\" data-widget_type=\"text-editor.default\">\n\t\t\t\t<div class=\"elementor-widget-container\">\n\t\t\t\t\t\t\t<p>Sauna bathing has many health benefits. The heat and steam of the sauna can help increase blood circulation, flush toxins from the body, relieve muscle pain and stress, and improve sleep. It's a great opportunity to create a moment of relaxation and recovery in an otherwise stressful day. Check out our range of standard\u00a0<a href=\"https:\/\/www.topolis.se\/en\/product\/2-bastutunna\/\">saunas<\/a>,\u00a0<a href=\"https:\/\/www.topolis.se\/en\/product\/lyxig-bastu-for-en-exklusiv-kansla\/\">sauna cubes<\/a>\u00a0or a cool\u00a0<a href=\"https:\/\/www.topolis.se\/en\/product\/igloo-bastu%e2%80%8b\/\">igloo sauna.<\/a><\/p>\t\t\t\t\t\t<\/div>\n\t\t\t\t<\/div>\n\t\t\t\t<\/div>\n\t\t<div class=\"elementor-element elementor-element-3ecf5d5 e-con-full e-flex e-con e-child\" data-id=\"3ecf5d5\" data-element_type=\"container\">\n\t\t\t\t<div class=\"elementor-element elementor-element-5197614 elementor-widget elementor-widget-image\" data-id=\"5197614\" data-element_type=\"widget\" data-widget_type=\"image.default\">\n\t\t\t\t<div class=\"elementor-widget-container\">\n\t\t\t\t\t\t\t\t\t\t<figure class=\"wp-caption\">\n\t\t\t\t\t\t\t\t\t\t\t<a href=\"https:\/\/www.topolis.se\/en\/log-house\/\">\n\t\t\t\t\t\t\t<img loading=\"lazy\" decoding=\"async\" width=\"800\" height=\"533\" src=\"https:\/\/www.topolis.se\/wp-content\/uploads\/2021\/05\/img1.png\" class=\"elementor-animation-float attachment-large size-large wp-image-279\" alt=\"log house\" srcset=\"https:\/\/www.topolis.se\/wp-content\/uploads\/2021\/05\/img1.png 800w, https:\/\/www.topolis.se\/wp-content\/uploads\/2021\/05\/img1-600x400.png 600w, https:\/\/www.topolis.se\/wp-content\/uploads\/2021\/05\/img1-300x200.png 300w, https:\/\/www.topolis.se\/wp-content\/uploads\/2021\/05\/img1-768x512.png 768w\" sizes=\"(max-width: 800px) 100vw, 800px\" \/>\t\t\t\t\t\t\t\t<\/a>\n\t\t\t\t\t\t\t\t\t\t\t<figcaption class=\"widget-image-caption wp-caption-text\">Log house<\/figcaption>\n\t\t\t\t\t\t\t\t\t\t<\/figure>\n\t\t\t\t\t\t\t<\/div>\n\t\t\t\t<\/div>\n\t\t\t\t<div class=\"elementor-element elementor-element-b42515b elementor-widget elementor-widget-text-editor\" data-id=\"b42515b\" data-element_type=\"widget\" data-widget_type=\"text-editor.default\">\n\t\t\t\t<div class=\"elementor-widget-container\">\n\t\t\t\t\t\t\t<p><a href=\"https:\/\/www.topolis.se\/en\/log-house\/\">Log house<\/a>\u00a0from Topolis AB combines the beauty of nature with modern design. Quality timber is used to create exclusive houses that last a long time. Each house has robust windows and doors for the best comfort.\u00a0<\/p><p>Whether you want a traditional or modern log house, Topolis will fulfill your wishes. See our houses\u00a0<a href=\"https:\/\/www.topolis.se\/en\/house\/building-houses\/\">here<\/a>!<\/p>\t\t\t\t\t\t<\/div>\n\t\t\t\t<\/div>\n\t\t\t\t<\/div>\n\t\t\t\t\t<\/div>\n\t\t\t\t<\/div>\n\t\t\t\t<\/div>","protected":false},"excerpt":{"rendered":"<p>V\u00e5ra produkter Vedeldade badtunnor Att kunna koppla av och varva ner efter en l\u00e5ng dag \u00e4r viktigt f\u00f6r b\u00e5de kropp och sj\u00e4l. En\u00a0vedeldad badtunna\u00a0ger dig m\u00f6jligheten att g\u00f6ra det utomhus, omgiven av naturen och frisk luft. Att njuta av ett varmt bad under bar himmel \u00e4r en k\u00e4nsla som \u00e4r sv\u00e5r att beskriva \u2013 det [&hellip;]<\/p>\n","protected":false},"author":16,"featured_media":0,"parent":0,"menu_order":0,"comment_status":"closed","ping_status":"closed","template":"","meta":{"_acf_changed":false,"_monsterinsights_skip_tracking":false,"_monsterinsights_sitenote_active":false,"_monsterinsights_sitenote_note":"","_monsterinsights_sitenote_category":0,"footnotes":""},"class_list":["post-3666","page","type-page","status-publish","hentry"],"acf":[],"yoast_head":"<!-- This site is optimized with the Yoast SEO Premium plugin v27.0 (Yoast SEO v27.0) - https:\/\/yoast.com\/product\/yoast-seo-premium-wordpress\/ -->\n<title>Vedeldade badtunnor, spabad - kvalitet fr\u00e5n topolis.se<\/title>\n<meta name=\"description\" content=\"Utforska Topolis breda produktsortiment, fr\u00e5n bastu &amp; spabad till timmerhus. Upplev kvalitet och design som f\u00f6rh\u00f6jer ditt hem. Ring eller maila oss idag!\" \/>\n<meta name=\"robots\" content=\"index, follow, max-snippet:-1, max-image-preview:large, max-video-preview:-1\" \/>\n<link rel=\"canonical\" href=\"https:\/\/www.topolis.se\/en\/products\/\" \/>\n<meta property=\"og:locale\" content=\"en_US\" \/>\n<meta property=\"og:type\" content=\"article\" \/>\n<meta property=\"og:title\" content=\"Produkter\" \/>\n<meta property=\"og:description\" content=\"Utforska Topolis breda produktsortiment, fr\u00e5n bastu &amp; spabad till timmerhus. Upplev kvalitet och design som f\u00f6rh\u00f6jer ditt hem. Ring eller maila oss idag!\" \/>\n<meta property=\"og:url\" content=\"https:\/\/www.topolis.se\/en\/products\/\" \/>\n<meta property=\"og:site_name\" content=\"Topolis\" \/>\n<meta property=\"article:publisher\" content=\"https:\/\/www.facebook.com\/Topolis-AB-1481407308845438\" \/>\n<meta property=\"article:modified_time\" content=\"2025-03-08T11:49:13+00:00\" \/>\n<meta property=\"og:image\" content=\"https:\/\/www.topolis.se\/wp-content\/uploads\/2025\/01\/badtunna-suspaustas.jpg\" \/>\n\t<meta property=\"og:image:width\" content=\"540\" \/>\n\t<meta property=\"og:image:height\" content=\"360\" \/>\n\t<meta property=\"og:image:type\" content=\"image\/jpeg\" \/>\n<meta name=\"twitter:card\" content=\"summary_large_image\" \/>\n<meta name=\"twitter:label1\" content=\"Est. reading time\" \/>\n\t<meta name=\"twitter:data1\" content=\"3 minutes\" \/>\n<script type=\"application\/ld+json\" class=\"yoast-schema-graph\">{\"@context\":\"https:\/\/schema.org\",\"@graph\":[{\"@type\":\"WebPage\",\"@id\":\"https:\/\/www.topolis.se\/produkter\/\",\"url\":\"https:\/\/www.topolis.se\/produkter\/\",\"name\":\"Vedeldade badtunnor, spabad - kvalitet fr\u00e5n topolis.se\",\"isPartOf\":{\"@id\":\"https:\/\/www.topolis.se\/#website\"},\"primaryImageOfPage\":{\"@id\":\"https:\/\/www.topolis.se\/produkter\/#primaryimage\"},\"image\":{\"@id\":\"https:\/\/www.topolis.se\/produkter\/#primaryimage\"},\"thumbnailUrl\":\"https:\/\/www.topolis.se\/wp-content\/uploads\/2025\/01\/badtunna-suspaustas.jpg\",\"datePublished\":\"2021-09-19T16:05:29+00:00\",\"dateModified\":\"2025-03-08T11:49:13+00:00\",\"description\":\"Utforska Topolis breda produktsortiment, fr\u00e5n bastu & spabad till timmerhus. Upplev kvalitet och design som f\u00f6rh\u00f6jer ditt hem. Ring eller maila oss idag!\",\"breadcrumb\":{\"@id\":\"https:\/\/www.topolis.se\/produkter\/#breadcrumb\"},\"inLanguage\":\"en-US\",\"potentialAction\":[{\"@type\":\"ReadAction\",\"target\":[\"https:\/\/www.topolis.se\/produkter\/\"]}]},{\"@type\":\"ImageObject\",\"inLanguage\":\"en-US\",\"@id\":\"https:\/\/www.topolis.se\/produkter\/#primaryimage\",\"url\":\"https:\/\/www.topolis.se\/wp-content\/uploads\/2025\/01\/badtunna-suspaustas.jpg\",\"contentUrl\":\"https:\/\/www.topolis.se\/wp-content\/uploads\/2025\/01\/badtunna-suspaustas.jpg\"},{\"@type\":\"BreadcrumbList\",\"@id\":\"https:\/\/www.topolis.se\/produkter\/#breadcrumb\",\"itemListElement\":[{\"@type\":\"ListItem\",\"position\":1,\"name\":\"Home\",\"item\":\"https:\/\/www.topolis.se\/\"},{\"@type\":\"ListItem\",\"position\":2,\"name\":\"Produkter\"}]},{\"@type\":\"WebSite\",\"@id\":\"https:\/\/www.topolis.se\/#website\",\"url\":\"https:\/\/www.topolis.se\/\",\"name\":\"Topolis\",\"description\":\"\u00c4kta timmerhus\",\"publisher\":{\"@id\":\"https:\/\/www.topolis.se\/#organization\"},\"potentialAction\":[{\"@type\":\"SearchAction\",\"target\":{\"@type\":\"EntryPoint\",\"urlTemplate\":\"https:\/\/www.topolis.se\/?s={search_term_string}\"},\"query-input\":{\"@type\":\"PropertyValueSpecification\",\"valueRequired\":true,\"valueName\":\"search_term_string\"}}],\"inLanguage\":\"en-US\"},{\"@type\":\"Organization\",\"@id\":\"https:\/\/www.topolis.se\/#organization\",\"name\":\"Topolis AB\",\"url\":\"https:\/\/www.topolis.se\/\",\"logo\":{\"@type\":\"ImageObject\",\"inLanguage\":\"en-US\",\"@id\":\"https:\/\/www.topolis.se\/#\/schema\/logo\/image\/\",\"url\":\"https:\/\/www.topolis.se\/wp-content\/uploads\/2022\/01\/pilkash.jpg\",\"contentUrl\":\"https:\/\/www.topolis.se\/wp-content\/uploads\/2022\/01\/pilkash.jpg\",\"width\":1482,\"height\":1110,\"caption\":\"Topolis AB\"},\"image\":{\"@id\":\"https:\/\/www.topolis.se\/#\/schema\/logo\/image\/\"},\"sameAs\":[\"https:\/\/www.facebook.com\/Topolis-AB-1481407308845438\",\"https:\/\/www.instagram.com\/topolisab\/\",\"https:\/\/www.youtube.com\/channel\/UCcOYf9nxQDMyAsTxDq2hMJg\"]}]}<\/script>\n<!-- \/ Yoast SEO Premium plugin. -->","yoast_head_json":{"title":"Wood-fired hot tubs, spas - quality from topolis.se","description":"Explore Topoli's wide range of products, from saunas &amp; hot tubs to log homes. Experience quality and design that enhances your home. Call or email us today!","robots":{"index":"index","follow":"follow","max-snippet":"max-snippet:-1","max-image-preview":"max-image-preview:large","max-video-preview":"max-video-preview:-1"},"canonical":"https:\/\/www.topolis.se\/en\/products\/","og_locale":"en_US","og_type":"article","og_title":"Produkter","og_description":"Utforska Topolis breda produktsortiment, fr\u00e5n bastu & spabad till timmerhus. Upplev kvalitet och design som f\u00f6rh\u00f6jer ditt hem. Ring eller maila oss idag!","og_url":"https:\/\/www.topolis.se\/en\/products\/","og_site_name":"Topolis","article_publisher":"https:\/\/www.facebook.com\/Topolis-AB-1481407308845438","article_modified_time":"2025-03-08T11:49:13+00:00","og_image":[{"width":540,"height":360,"url":"https:\/\/www.topolis.se\/wp-content\/uploads\/2025\/01\/badtunna-suspaustas.jpg","type":"image\/jpeg"}],"twitter_card":"summary_large_image","twitter_misc":{"Est. reading time":"3 minutes"},"schema":{"@context":"https:\/\/schema.org","@graph":[{"@type":"WebPage","@id":"https:\/\/www.topolis.se\/produkter\/","url":"https:\/\/www.topolis.se\/produkter\/","name":"Wood-fired hot tubs, spas - quality from topolis.se","isPartOf":{"@id":"https:\/\/www.topolis.se\/#website"},"primaryImageOfPage":{"@id":"https:\/\/www.topolis.se\/produkter\/#primaryimage"},"image":{"@id":"https:\/\/www.topolis.se\/produkter\/#primaryimage"},"thumbnailUrl":"https:\/\/www.topolis.se\/wp-content\/uploads\/2025\/01\/badtunna-suspaustas.jpg","datePublished":"2021-09-19T16:05:29+00:00","dateModified":"2025-03-08T11:49:13+00:00","description":"Explore Topoli's wide range of products, from saunas &amp; hot tubs to log homes. Experience quality and design that enhances your home. Call or email us today!","breadcrumb":{"@id":"https:\/\/www.topolis.se\/produkter\/#breadcrumb"},"inLanguage":"en-US","potentialAction":[{"@type":"ReadAction","target":["https:\/\/www.topolis.se\/produkter\/"]}]},{"@type":"ImageObject","inLanguage":"en-US","@id":"https:\/\/www.topolis.se\/produkter\/#primaryimage","url":"https:\/\/www.topolis.se\/wp-content\/uploads\/2025\/01\/badtunna-suspaustas.jpg","contentUrl":"https:\/\/www.topolis.se\/wp-content\/uploads\/2025\/01\/badtunna-suspaustas.jpg"},{"@type":"BreadcrumbList","@id":"https:\/\/www.topolis.se\/produkter\/#breadcrumb","itemListElement":[{"@type":"ListItem","position":1,"name":"Home","item":"https:\/\/www.topolis.se\/"},{"@type":"ListItem","position":2,"name":"Produkter"}]},{"@type":"WebSite","@id":"https:\/\/www.topolis.se\/#website","url":"https:\/\/www.topolis.se\/","name":"Topolis","description":"Genuine log houses","publisher":{"@id":"https:\/\/www.topolis.se\/#organization"},"potentialAction":[{"@type":"SearchAction","target":{"@type":"EntryPoint","urlTemplate":"https:\/\/www.topolis.se\/?s={search_term_string}"},"query-input":{"@type":"PropertyValueSpecification","valueRequired":true,"valueName":"search_term_string"}}],"inLanguage":"en-US"},{"@type":"Organization","@id":"https:\/\/www.topolis.se\/#organization","name":"Topolis AB","url":"https:\/\/www.topolis.se\/","logo":{"@type":"ImageObject","inLanguage":"en-US","@id":"https:\/\/www.topolis.se\/#\/schema\/logo\/image\/","url":"https:\/\/www.topolis.se\/wp-content\/uploads\/2022\/01\/pilkash.jpg","contentUrl":"https:\/\/www.topolis.se\/wp-content\/uploads\/2022\/01\/pilkash.jpg","width":1482,"height":1110,"caption":"Topolis AB"},"image":{"@id":"https:\/\/www.topolis.se\/#\/schema\/logo\/image\/"},"sameAs":["https:\/\/www.facebook.com\/Topolis-AB-1481407308845438","https:\/\/www.instagram.com\/topolisab\/","https:\/\/www.youtube.com\/channel\/UCcOYf9nxQDMyAsTxDq2hMJg"]}]}},"_links":{"self":[{"href":"https:\/\/www.topolis.se\/en\/wp-json\/wp\/v2\/pages\/3666","targetHints":{"allow":["GET"]}}],"collection":[{"href":"https:\/\/www.topolis.se\/en\/wp-json\/wp\/v2\/pages"}],"about":[{"href":"https:\/\/www.topolis.se\/en\/wp-json\/wp\/v2\/types\/page"}],"author":[{"embeddable":true,"href":"https:\/\/www.topolis.se\/en\/wp-json\/wp\/v2\/users\/16"}],"replies":[{"embeddable":true,"href":"https:\/\/www.topolis.se\/en\/wp-json\/wp\/v2\/comments?post=3666"}],"version-history":[{"count":13,"href":"https:\/\/www.topolis.se\/en\/wp-json\/wp\/v2\/pages\/3666\/revisions"}],"predecessor-version":[{"id":11476,"href":"https:\/\/www.topolis.se\/en\/wp-json\/wp\/v2\/pages\/3666\/revisions\/11476"}],"wp:attachment":[{"href":"https:\/\/www.topolis.se\/en\/wp-json\/wp\/v2\/media?parent=3666"}],"curies":[{"name":"wp","href":"https:\/\/api.w.org\/{rel}","templated":true}]}}