{"id":87,"date":"2021-05-20T06:21:26","date_gmt":"2021-05-20T06:21:26","guid":{"rendered":"http:\/\/www.topolis.se\/?page_id=87"},"modified":"2025-03-10T15:27:33","modified_gmt":"2025-03-10T15:27:33","slug":"about-us","status":"publish","type":"page","link":"https:\/\/www.topolis.se\/en\/om-oss\/","title":{"rendered":"About us"},"content":{"rendered":"<div data-elementor-type=\"wp-page\" data-elementor-id=\"87\" class=\"elementor elementor-87\" data-elementor-post-type=\"page\">\n\t\t\t\t<div class=\"elementor-element elementor-element-31e8ef9 e-flex e-con-boxed e-con e-parent\" data-id=\"31e8ef9\" data-element_type=\"container\" data-settings=\"{&quot;background_background&quot;:&quot;classic&quot;}\">\n\t\t\t\t\t<div class=\"e-con-inner\">\n\t\t\t\t<div class=\"elementor-element elementor-element-5b6b173 elementor-widget__width-initial elementor-widget elementor-widget-heading\" data-id=\"5b6b173\" data-element_type=\"widget\" data-widget_type=\"heading.default\">\n\t\t\t\t<div class=\"elementor-widget-container\">\n\t\t\t<h1 class=\"elementor-heading-title elementor-size-default\">Topolis AB: Innovative Solutions for a Sustainable Future<\/h1>\t\t<\/div>\n\t\t\t\t<\/div>\n\t\t\t\t<div class=\"elementor-element elementor-element-26df9a9 elementor-widget__width-initial elementor-widget-mobile__width-inherit elementor-widget elementor-widget-text-editor\" data-id=\"26df9a9\" data-element_type=\"widget\" data-widget_type=\"text-editor.default\">\n\t\t\t\t<div class=\"elementor-widget-container\">\n\t\t\t\t\t\t\t<p>With us you will find the perfect combination of hot tubs, saunas and log cabins. Enjoy a moment of relaxation in our cozy sauna, hot tub or log house<\/p>\t\t\t\t\t\t<\/div>\n\t\t\t\t<\/div>\n\t\t\t\t<div class=\"elementor-element elementor-element-0ed4f8e elementor-align-left elementor-mobile-align-center elementor-hidden-mobile elementor-widget elementor-widget-button\" data-id=\"0ed4f8e\" data-element_type=\"widget\" data-widget_type=\"button.default\">\n\t\t\t\t<div class=\"elementor-widget-container\">\n\t\t\t\t\t<div class=\"elementor-button-wrapper\">\n\t\t\t<a class=\"elementor-button elementor-button-link elementor-size-sm\" href=\"https:\/\/www.topolis.se\/en\/contact\/\">\n\t\t\t\t\t\t<span class=\"elementor-button-content-wrapper\">\n\t\t\t\t\t\t\t\t\t<span class=\"elementor-button-text\">contact us<\/span>\n\t\t\t\t\t<\/span>\n\t\t\t\t\t<\/a>\n\t\t<\/div>\n\t\t\t\t<\/div>\n\t\t\t\t<\/div>\n\t\t\t\t\t<\/div>\n\t\t\t\t<\/div>\n\t\t<div class=\"elementor-element elementor-element-ff160f7 e-flex e-con-boxed e-con e-parent\" data-id=\"ff160f7\" data-element_type=\"container\">\n\t\t\t\t\t<div class=\"e-con-inner\">\n\t\t<div class=\"elementor-element elementor-element-f0b9ff8 e-con-full e-flex e-con e-child\" data-id=\"f0b9ff8\" data-element_type=\"container\">\n\t\t\t\t<div class=\"elementor-element elementor-element-f5e935f elementor-widget elementor-widget-image\" data-id=\"f5e935f\" data-element_type=\"widget\" data-widget_type=\"image.default\">\n\t\t\t\t<div class=\"elementor-widget-container\">\n\t\t\t\t\t\t\t\t\t\t\t\t\t<img fetchpriority=\"high\" decoding=\"async\" width=\"768\" height=\"960\" src=\"https:\/\/www.topolis.se\/wp-content\/uploads\/2023\/05\/as-768x960.jpg\" class=\"attachment-medium_large size-medium_large wp-image-7981\" alt=\"topolis AB\" srcset=\"https:\/\/www.topolis.se\/wp-content\/uploads\/2023\/05\/as-768x960.jpg 768w, https:\/\/www.topolis.se\/wp-content\/uploads\/2023\/05\/as-240x300.jpg 240w, https:\/\/www.topolis.se\/wp-content\/uploads\/2023\/05\/as-819x1024.jpg 819w, https:\/\/www.topolis.se\/wp-content\/uploads\/2023\/05\/as-1229x1536.jpg 1229w, https:\/\/www.topolis.se\/wp-content\/uploads\/2023\/05\/as-1639x2048.jpg 1639w, https:\/\/www.topolis.se\/wp-content\/uploads\/2023\/05\/as-600x750.jpg 600w, https:\/\/www.topolis.se\/wp-content\/uploads\/2023\/05\/as.jpg 1873w\" sizes=\"(max-width: 768px) 100vw, 768px\" \/>\t\t\t\t\t\t\t\t\t\t\t\t\t<\/div>\n\t\t\t\t<\/div>\n\t\t\t\t<div class=\"elementor-element elementor-element-5d068cb elementor-widget elementor-widget-text-editor\" data-id=\"5d068cb\" data-element_type=\"widget\" data-widget_type=\"text-editor.default\">\n\t\t\t\t<div class=\"elementor-widget-container\">\n\t\t\t\t\t\t\t<p><strong>Marius Lukosius<\/strong><br \/>CEO<br \/>You are welcome to contact me and I will help you to<br \/>realize your ideas.<\/p>\t\t\t\t\t\t<\/div>\n\t\t\t\t<\/div>\n\t\t\t\t<\/div>\n\t\t<div class=\"elementor-element elementor-element-3f7af32 e-con-full e-flex e-con e-child\" data-id=\"3f7af32\" data-element_type=\"container\">\n\t\t\t\t<div class=\"elementor-element elementor-element-e6eaa10 elementor-widget__width-initial elementor-widget elementor-widget-heading\" data-id=\"e6eaa10\" data-element_type=\"widget\" data-widget_type=\"heading.default\">\n\t\t\t\t<div class=\"elementor-widget-container\">\n\t\t\t<h2 class=\"elementor-heading-title elementor-size-default\">How Topolis AB was created<\/h2>\t\t<\/div>\n\t\t\t\t<\/div>\n\t\t\t\t<div class=\"elementor-element elementor-element-80e0aeb elementor-widget elementor-widget-text-editor\" data-id=\"80e0aeb\" data-element_type=\"widget\" data-widget_type=\"text-editor.default\">\n\t\t\t\t<div class=\"elementor-widget-container\">\n\t\t\t\t\t\t\t<p>The owner of the company is Marius Lukosius, who is from Lithuania but moved to Sweden in 2005. During this time I have worked as a carpenter but have long thought about starting my own business with a focus on imports.<\/p><p>I noticed early on that log houses fit into the Swedish environment and are very popular, and I have always wanted to own my own log house, so I started looking among the Lithuanian companies who could build my dream house.<\/p><p>The market was large but it was not easy to find a supplier who could meet all my requirements for a reasonable price. After a few years of searching, I finally found a supplier who could meet my requirements and more. My log house was built and I was more than satisfied. However, the interest in log houses only grew during this period so a business idea was born!<\/p><p>My passion is not only in log houses so I have gathered here some carefully selected, Lithuanian manufacturers and can proudly offer a wide range of products such as <a href=\"https:\/\/www.topolis.se\/en\/log-house\/\">log house<\/a>\u00a0 and stavlaft buildings, <a href=\"https:\/\/www.topolis.se\/en\/sauna\/\">saunas<\/a>, <a href=\"https:\/\/www.topolis.se\/en\/hot-tubs\/\">hot tubs<\/a>, metal products, greenhouses and labor hire throughout Sweden at affordable prices!<\/p>\t\t\t\t\t\t<\/div>\n\t\t\t\t<\/div>\n\t\t\t\t<\/div>\n\t\t\t\t\t<\/div>\n\t\t\t\t<\/div>\n\t\t<div class=\"elementor-element elementor-element-e65b113 e-flex e-con-boxed e-con e-parent\" data-id=\"e65b113\" data-element_type=\"container\" data-settings=\"{&quot;background_background&quot;:&quot;classic&quot;}\">\n\t\t\t\t\t<div class=\"e-con-inner\">\n\t\t\t\t<div class=\"elementor-element elementor-element-28dd766 elementor-widget elementor-widget-heading\" data-id=\"28dd766\" data-element_type=\"widget\" data-widget_type=\"heading.default\">\n\t\t\t\t<div class=\"elementor-widget-container\">\n\t\t\t<h2 class=\"elementor-heading-title elementor-size-default\">We love what we do and it shows in what we build<\/h2>\t\t<\/div>\n\t\t\t\t<\/div>\n\t\t\t\t\t<\/div>\n\t\t\t\t<\/div>\n\t\t<div class=\"elementor-element elementor-element-3015aea e-flex e-con-boxed e-con e-parent\" data-id=\"3015aea\" data-element_type=\"container\">\n\t\t\t\t\t<div class=\"e-con-inner\">\n\t\t<div class=\"elementor-element elementor-element-1f9790c e-con-full e-flex e-con e-child\" data-id=\"1f9790c\" data-element_type=\"container\">\n\t\t\t\t<div class=\"elementor-element elementor-element-90519b7 elementor-widget elementor-widget-image\" data-id=\"90519b7\" data-element_type=\"widget\" data-widget_type=\"image.default\">\n\t\t\t\t<div class=\"elementor-widget-container\">\n\t\t\t\t\t\t\t\t\t\t\t\t\t<img decoding=\"async\" width=\"768\" height=\"511\" src=\"https:\/\/www.topolis.se\/wp-content\/uploads\/2021\/12\/Topolis-AB-2-1-768x511.jpg\" class=\"attachment-medium_large size-medium_large wp-image-6458\" alt=\"topolis AB\" srcset=\"https:\/\/www.topolis.se\/wp-content\/uploads\/2021\/12\/Topolis-AB-2-1-768x511.jpg 768w, https:\/\/www.topolis.se\/wp-content\/uploads\/2021\/12\/Topolis-AB-2-1-300x200.jpg 300w, https:\/\/www.topolis.se\/wp-content\/uploads\/2021\/12\/Topolis-AB-2-1-1024x682.jpg 1024w, https:\/\/www.topolis.se\/wp-content\/uploads\/2021\/12\/Topolis-AB-2-1-1536x1022.jpg 1536w, https:\/\/www.topolis.se\/wp-content\/uploads\/2021\/12\/Topolis-AB-2-1-600x399.jpg 600w, https:\/\/www.topolis.se\/wp-content\/uploads\/2021\/12\/Topolis-AB-2-1.jpg 1815w\" sizes=\"(max-width: 768px) 100vw, 768px\" \/>\t\t\t\t\t\t\t\t\t\t\t\t\t<\/div>\n\t\t\t\t<\/div>\n\t\t\t\t<div class=\"elementor-element elementor-element-2898114 elementor-widget elementor-widget-text-editor\" data-id=\"2898114\" data-element_type=\"widget\" data-widget_type=\"text-editor.default\">\n\t\t\t\t<div class=\"elementor-widget-container\">\n\t\t\t\t\t\t\t<p><strong>Our office<\/strong> is our demo model<br \/>and is located in Kilafors two miles south of Bolln\u00e4s.<br \/>Perfect to swing by and take a look while you're in the mountains.<\/p>\t\t\t\t\t\t<\/div>\n\t\t\t\t<\/div>\n\t\t\t\t<\/div>\n\t\t<div class=\"elementor-element elementor-element-8fd4ec6 e-con-full e-flex e-con e-child\" data-id=\"8fd4ec6\" data-element_type=\"container\">\n\t\t\t\t<div class=\"elementor-element elementor-element-127d3d6 elementor-widget__width-initial elementor-widget elementor-widget-heading\" data-id=\"127d3d6\" data-element_type=\"widget\" data-widget_type=\"heading.default\">\n\t\t\t\t<div class=\"elementor-widget-container\">\n\t\t\t<h2 class=\"elementor-heading-title elementor-size-default\">About carpenters<\/h2>\t\t<\/div>\n\t\t\t\t<\/div>\n\t\t\t\t<div class=\"elementor-element elementor-element-df60248 elementor-widget elementor-widget-text-editor\" data-id=\"df60248\" data-element_type=\"widget\" data-widget_type=\"text-editor.default\">\n\t\t\t\t<div class=\"elementor-widget-container\">\n\t\t\t\t\t\t\t<p>Our head carpenter is Arvydas Jurkaitis, a well-known carpenter from Lithuania. He started his career building log houses in 1988 in deep Siberia on Lake Baikal. His passion for carpentry was so strong that he built house after house first in Siberia and then in Lithuania.<\/p><p>In 1998 he was trained by a Norwegian carpenter how to make a so-called Norwegian knot. After this, Arvydas built many log and stick-built houses in Norway.<\/p><p>In total, more than 100 houses were built by the same person. After so many years in the industry, he has accumulated a lot of information, knowledge and contacts that now allow him to build houses of the highest quality.<\/p>\t\t\t\t\t\t<\/div>\n\t\t\t\t<\/div>\n\t\t\t\t<\/div>\n\t\t\t\t\t<\/div>\n\t\t\t\t<\/div>\n\t\t\t\t<\/div>","protected":false},"excerpt":{"rendered":"<p>Topolis AB: Innovativa L\u00f6sningar f\u00f6r en H\u00e5llbar Framtid Hos oss hittar du den perfekta kombinationen av badtunnor, bastu och timmerhus. Njut av en \u00e5terh\u00e4mtningsstund i v\u00e5r mysiga bastu, badtunna eller timmerhus kontakta oss Marius LukosiusVDNi \u00e4r v\u00e4lkomna att kontakta mig s\u00e5 hj\u00e4lper jag er attf\u00f6rverkliga era id\u00e9er. Hur skapades Topolis AB Jag som driver f\u00f6retaget [&hellip;]<\/p>\n","protected":false},"author":16,"featured_media":0,"parent":0,"menu_order":0,"comment_status":"closed","ping_status":"closed","template":"","meta":{"_acf_changed":false,"_monsterinsights_skip_tracking":false,"_monsterinsights_sitenote_active":false,"_monsterinsights_sitenote_note":"","_monsterinsights_sitenote_category":0,"footnotes":""},"class_list":["post-87","page","type-page","status-publish","hentry"],"acf":[],"yoast_head":"<!-- This site is optimized with the Yoast SEO Premium plugin v27.0 (Yoast SEO v27.0) - https:\/\/yoast.com\/product\/yoast-seo-premium-wordpress\/ -->\n<title>Topolis - passion f\u00f6r timmerhus &amp; badtunnor!<\/title>\n<meta name=\"description\" content=\"Vi f\u00f6rverkligar era id\u00e9er och dr\u00f6mmar! Anlita oss n\u00e4r du vill ha en vedeldad badtunna, bastu eller ett timmerhus i h\u00f6gsta kvalitet!\" \/>\n<meta name=\"robots\" content=\"index, follow, max-snippet:-1, max-image-preview:large, max-video-preview:-1\" \/>\n<link rel=\"canonical\" href=\"https:\/\/www.topolis.se\/en\/about-us\/\" \/>\n<meta property=\"og:locale\" content=\"en_US\" \/>\n<meta property=\"og:type\" content=\"article\" \/>\n<meta property=\"og:title\" content=\"Om oss\" \/>\n<meta property=\"og:description\" content=\"Vi f\u00f6rverkligar era id\u00e9er och dr\u00f6mmar! Anlita oss n\u00e4r du vill ha en vedeldad badtunna, bastu eller ett timmerhus i h\u00f6gsta kvalitet!\" \/>\n<meta property=\"og:url\" content=\"https:\/\/www.topolis.se\/en\/about-us\/\" \/>\n<meta property=\"og:site_name\" content=\"Topolis\" \/>\n<meta property=\"article:publisher\" content=\"https:\/\/www.facebook.com\/Topolis-AB-1481407308845438\" \/>\n<meta property=\"article:modified_time\" content=\"2025-03-10T15:27:33+00:00\" \/>\n<meta property=\"og:image\" content=\"https:\/\/www.topolis.se\/wp-content\/uploads\/2023\/05\/as.jpg\" \/>\n\t<meta property=\"og:image:width\" content=\"1873\" \/>\n\t<meta property=\"og:image:height\" content=\"2341\" \/>\n\t<meta property=\"og:image:type\" content=\"image\/jpeg\" \/>\n<meta name=\"twitter:card\" content=\"summary_large_image\" \/>\n<meta name=\"twitter:label1\" content=\"Est. reading time\" \/>\n\t<meta name=\"twitter:data1\" content=\"3 minutes\" \/>\n<script type=\"application\/ld+json\" class=\"yoast-schema-graph\">{\"@context\":\"https:\/\/schema.org\",\"@graph\":[{\"@type\":\"WebPage\",\"@id\":\"https:\/\/www.topolis.se\/om-oss\/\",\"url\":\"https:\/\/www.topolis.se\/om-oss\/\",\"name\":\"Topolis - passion f\u00f6r timmerhus & badtunnor!\",\"isPartOf\":{\"@id\":\"https:\/\/www.topolis.se\/#website\"},\"primaryImageOfPage\":{\"@id\":\"https:\/\/www.topolis.se\/om-oss\/#primaryimage\"},\"image\":{\"@id\":\"https:\/\/www.topolis.se\/om-oss\/#primaryimage\"},\"thumbnailUrl\":\"https:\/\/www.topolis.se\/wp-content\/uploads\/2023\/05\/as-768x960.jpg\",\"datePublished\":\"2021-05-20T06:21:26+00:00\",\"dateModified\":\"2025-03-10T15:27:33+00:00\",\"description\":\"Vi f\u00f6rverkligar era id\u00e9er och dr\u00f6mmar! Anlita oss n\u00e4r du vill ha en vedeldad badtunna, bastu eller ett timmerhus i h\u00f6gsta kvalitet!\",\"breadcrumb\":{\"@id\":\"https:\/\/www.topolis.se\/om-oss\/#breadcrumb\"},\"inLanguage\":\"en-US\",\"potentialAction\":[{\"@type\":\"ReadAction\",\"target\":[\"https:\/\/www.topolis.se\/om-oss\/\"]}]},{\"@type\":\"ImageObject\",\"inLanguage\":\"en-US\",\"@id\":\"https:\/\/www.topolis.se\/om-oss\/#primaryimage\",\"url\":\"https:\/\/www.topolis.se\/wp-content\/uploads\/2023\/05\/as-768x960.jpg\",\"contentUrl\":\"https:\/\/www.topolis.se\/wp-content\/uploads\/2023\/05\/as-768x960.jpg\"},{\"@type\":\"BreadcrumbList\",\"@id\":\"https:\/\/www.topolis.se\/om-oss\/#breadcrumb\",\"itemListElement\":[{\"@type\":\"ListItem\",\"position\":1,\"name\":\"Home\",\"item\":\"https:\/\/www.topolis.se\/\"},{\"@type\":\"ListItem\",\"position\":2,\"name\":\"Om oss\"}]},{\"@type\":\"WebSite\",\"@id\":\"https:\/\/www.topolis.se\/#website\",\"url\":\"https:\/\/www.topolis.se\/\",\"name\":\"Topolis\",\"description\":\"\u00c4kta timmerhus\",\"publisher\":{\"@id\":\"https:\/\/www.topolis.se\/#organization\"},\"potentialAction\":[{\"@type\":\"SearchAction\",\"target\":{\"@type\":\"EntryPoint\",\"urlTemplate\":\"https:\/\/www.topolis.se\/?s={search_term_string}\"},\"query-input\":{\"@type\":\"PropertyValueSpecification\",\"valueRequired\":true,\"valueName\":\"search_term_string\"}}],\"inLanguage\":\"en-US\"},{\"@type\":\"Organization\",\"@id\":\"https:\/\/www.topolis.se\/#organization\",\"name\":\"Topolis AB\",\"url\":\"https:\/\/www.topolis.se\/\",\"logo\":{\"@type\":\"ImageObject\",\"inLanguage\":\"en-US\",\"@id\":\"https:\/\/www.topolis.se\/#\/schema\/logo\/image\/\",\"url\":\"https:\/\/www.topolis.se\/wp-content\/uploads\/2022\/01\/pilkash.jpg\",\"contentUrl\":\"https:\/\/www.topolis.se\/wp-content\/uploads\/2022\/01\/pilkash.jpg\",\"width\":1482,\"height\":1110,\"caption\":\"Topolis AB\"},\"image\":{\"@id\":\"https:\/\/www.topolis.se\/#\/schema\/logo\/image\/\"},\"sameAs\":[\"https:\/\/www.facebook.com\/Topolis-AB-1481407308845438\",\"https:\/\/www.instagram.com\/topolisab\/\",\"https:\/\/www.youtube.com\/channel\/UCcOYf9nxQDMyAsTxDq2hMJg\"]}]}<\/script>\n<!-- \/ Yoast SEO Premium plugin. -->","yoast_head_json":{"title":"Topolis - passion for log houses &amp; hot tubs!","description":"We make your ideas and dreams come true! Hire us when you want a wood-fired hot tub, sauna or log house of the highest quality!","robots":{"index":"index","follow":"follow","max-snippet":"max-snippet:-1","max-image-preview":"max-image-preview:large","max-video-preview":"max-video-preview:-1"},"canonical":"https:\/\/www.topolis.se\/en\/about-us\/","og_locale":"en_US","og_type":"article","og_title":"Om oss","og_description":"Vi f\u00f6rverkligar era id\u00e9er och dr\u00f6mmar! Anlita oss n\u00e4r du vill ha en vedeldad badtunna, bastu eller ett timmerhus i h\u00f6gsta kvalitet!","og_url":"https:\/\/www.topolis.se\/en\/about-us\/","og_site_name":"Topolis","article_publisher":"https:\/\/www.facebook.com\/Topolis-AB-1481407308845438","article_modified_time":"2025-03-10T15:27:33+00:00","og_image":[{"width":1873,"height":2341,"url":"https:\/\/www.topolis.se\/wp-content\/uploads\/2023\/05\/as.jpg","type":"image\/jpeg"}],"twitter_card":"summary_large_image","twitter_misc":{"Est. reading time":"3 minutes"},"schema":{"@context":"https:\/\/schema.org","@graph":[{"@type":"WebPage","@id":"https:\/\/www.topolis.se\/om-oss\/","url":"https:\/\/www.topolis.se\/om-oss\/","name":"Topolis - passion for log houses &amp; hot tubs!","isPartOf":{"@id":"https:\/\/www.topolis.se\/#website"},"primaryImageOfPage":{"@id":"https:\/\/www.topolis.se\/om-oss\/#primaryimage"},"image":{"@id":"https:\/\/www.topolis.se\/om-oss\/#primaryimage"},"thumbnailUrl":"https:\/\/www.topolis.se\/wp-content\/uploads\/2023\/05\/as-768x960.jpg","datePublished":"2021-05-20T06:21:26+00:00","dateModified":"2025-03-10T15:27:33+00:00","description":"We make your ideas and dreams come true! Hire us when you want a wood-fired hot tub, sauna or log house of the highest quality!","breadcrumb":{"@id":"https:\/\/www.topolis.se\/om-oss\/#breadcrumb"},"inLanguage":"en-US","potentialAction":[{"@type":"ReadAction","target":["https:\/\/www.topolis.se\/om-oss\/"]}]},{"@type":"ImageObject","inLanguage":"en-US","@id":"https:\/\/www.topolis.se\/om-oss\/#primaryimage","url":"https:\/\/www.topolis.se\/wp-content\/uploads\/2023\/05\/as-768x960.jpg","contentUrl":"https:\/\/www.topolis.se\/wp-content\/uploads\/2023\/05\/as-768x960.jpg"},{"@type":"BreadcrumbList","@id":"https:\/\/www.topolis.se\/om-oss\/#breadcrumb","itemListElement":[{"@type":"ListItem","position":1,"name":"Home","item":"https:\/\/www.topolis.se\/"},{"@type":"ListItem","position":2,"name":"Om oss"}]},{"@type":"WebSite","@id":"https:\/\/www.topolis.se\/#website","url":"https:\/\/www.topolis.se\/","name":"Topolis","description":"Genuine log houses","publisher":{"@id":"https:\/\/www.topolis.se\/#organization"},"potentialAction":[{"@type":"SearchAction","target":{"@type":"EntryPoint","urlTemplate":"https:\/\/www.topolis.se\/?s={search_term_string}"},"query-input":{"@type":"PropertyValueSpecification","valueRequired":true,"valueName":"search_term_string"}}],"inLanguage":"en-US"},{"@type":"Organization","@id":"https:\/\/www.topolis.se\/#organization","name":"Topolis AB","url":"https:\/\/www.topolis.se\/","logo":{"@type":"ImageObject","inLanguage":"en-US","@id":"https:\/\/www.topolis.se\/#\/schema\/logo\/image\/","url":"https:\/\/www.topolis.se\/wp-content\/uploads\/2022\/01\/pilkash.jpg","contentUrl":"https:\/\/www.topolis.se\/wp-content\/uploads\/2022\/01\/pilkash.jpg","width":1482,"height":1110,"caption":"Topolis AB"},"image":{"@id":"https:\/\/www.topolis.se\/#\/schema\/logo\/image\/"},"sameAs":["https:\/\/www.facebook.com\/Topolis-AB-1481407308845438","https:\/\/www.instagram.com\/topolisab\/","https:\/\/www.youtube.com\/channel\/UCcOYf9nxQDMyAsTxDq2hMJg"]}]}},"_links":{"self":[{"href":"https:\/\/www.topolis.se\/en\/wp-json\/wp\/v2\/pages\/87","targetHints":{"allow":["GET"]}}],"collection":[{"href":"https:\/\/www.topolis.se\/en\/wp-json\/wp\/v2\/pages"}],"about":[{"href":"https:\/\/www.topolis.se\/en\/wp-json\/wp\/v2\/types\/page"}],"author":[{"embeddable":true,"href":"https:\/\/www.topolis.se\/en\/wp-json\/wp\/v2\/users\/16"}],"replies":[{"embeddable":true,"href":"https:\/\/www.topolis.se\/en\/wp-json\/wp\/v2\/comments?post=87"}],"version-history":[{"count":61,"href":"https:\/\/www.topolis.se\/en\/wp-json\/wp\/v2\/pages\/87\/revisions"}],"predecessor-version":[{"id":11927,"href":"https:\/\/www.topolis.se\/en\/wp-json\/wp\/v2\/pages\/87\/revisions\/11927"}],"wp:attachment":[{"href":"https:\/\/www.topolis.se\/en\/wp-json\/wp\/v2\/media?parent=87"}],"curies":[{"name":"wp","href":"https:\/\/api.w.org\/{rel}","templated":true}]}}