{"id":1452,"date":"2021-06-15T14:23:23","date_gmt":"2021-06-15T14:23:23","guid":{"rendered":"http:\/\/www.topolis.se\/?page_id=1452"},"modified":"2024-03-04T08:59:10","modified_gmt":"2024-03-04T08:59:10","slug":"handlagde-utemobler","status":"publish","type":"page","link":"https:\/\/www.topolis.se\/no\/handgjorda-utemobler\/","title":{"rendered":"Utem\u00f8bler"},"content":{"rendered":"<div data-elementor-type=\"wp-page\" data-elementor-id=\"1452\" class=\"elementor elementor-1452\" data-elementor-post-type=\"page\">\n\t\t\t\t\t\t<section class=\"elementor-section elementor-top-section elementor-element elementor-element-79280b8 elementor-section-height-min-height elementor-section-boxed elementor-section-height-default elementor-section-items-middle\" data-id=\"79280b8\" data-element_type=\"section\" data-settings=\"{&quot;background_background&quot;:&quot;classic&quot;}\">\n\t\t\t\t\t\t\t<div class=\"elementor-background-overlay\"><\/div>\n\t\t\t\t\t\t\t<div class=\"elementor-container elementor-column-gap-default\">\n\t\t\t\t\t<div class=\"elementor-column elementor-col-50 elementor-top-column elementor-element elementor-element-6701a400\" data-id=\"6701a400\" data-element_type=\"column\">\n\t\t\t<div class=\"elementor-widget-wrap\">\n\t\t\t\t\t\t\t<\/div>\n\t\t<\/div>\n\t\t\t\t<div class=\"elementor-column elementor-col-50 elementor-top-column elementor-element elementor-element-6c9faa4\" data-id=\"6c9faa4\" data-element_type=\"column\">\n\t\t\t<div class=\"elementor-widget-wrap\">\n\t\t\t\t\t\t\t<\/div>\n\t\t<\/div>\n\t\t\t\t\t<\/div>\n\t\t<\/section>\n\t\t\t\t<section class=\"elementor-section elementor-top-section elementor-element elementor-element-5339fa00 elementor-section-boxed elementor-section-height-default elementor-section-height-default\" data-id=\"5339fa00\" data-element_type=\"section\">\n\t\t\t\t\t\t<div class=\"elementor-container elementor-column-gap-default\">\n\t\t\t\t\t<div class=\"elementor-column elementor-col-100 elementor-top-column elementor-element elementor-element-11a11643\" data-id=\"11a11643\" data-element_type=\"column\">\n\t\t\t<div class=\"elementor-widget-wrap elementor-element-populated\">\n\t\t\t\t\t\t<div class=\"elementor-element elementor-element-48dd45db elementor-widget elementor-widget-heading\" data-id=\"48dd45db\" data-element_type=\"widget\" data-widget_type=\"heading.default\">\n\t\t\t\t<div class=\"elementor-widget-container\">\n\t\t\t<h1 class=\"elementor-heading-title elementor-size-default\">H\u00e5ndlagde utem\u00f8bler<\/h1>\t\t<\/div>\n\t\t\t\t<\/div>\n\t\t\t\t<div class=\"elementor-element elementor-element-0ac346d elementor-widget elementor-widget-text-editor\" data-id=\"0ac346d\" data-element_type=\"widget\" data-widget_type=\"text-editor.default\">\n\t\t\t\t<div class=\"elementor-widget-container\">\n\t\t\t\t\t\t\t<p><span style=\"font-weight: 400;\">Skap en atmosf\u00e6re av eleganse og komfort p\u00e5 uteplassen med v\u00e5rt n\u00f8ye utvalgte utvalg av utem\u00f8bler som ikke bare setter et estetisk preg, men som ogs\u00e5 holder i \u00e5r etter \u00e5r. V\u00e5rt fokus er \u00e5 tilby komfortable utem\u00f8bler som ikke bare er vakre \u00e5 se p\u00e5, men som ogs\u00e5 er holdbare nok til daglig bruk.<\/span><\/p><h2><span style=\"font-weight: 400;\">V\u00e5rt h\u00e5ndlagde sortiment<\/span><\/h2><p><span style=\"font-weight: 400;\">Alle utem\u00f8blene v\u00e5re er h\u00e5ndlagde og laget av vakkert treverk, og de er tilgjengelige i en rekke farger. \u00c5 velge de rette utem\u00f8blene til utestuen, terrassen eller balkongen er en viktig del av det \u00e5 skape et innbydende og funksjonelt utemilj\u00f8. Hos Topolis finner du et bredt utvalg av h\u00e5ndlagde utem\u00f8bler som kombinerer stil, komfort og kvalitet. Utem\u00f8blene v\u00e5re er designet for \u00e5 forbedre uteopplevelsen din, enten du er ute etter balkongstoler, loungestoler, hvilestoler eller utestoler. Vi har ogs\u00e5 sammenleggbare \u00f8ko-stoler som kan brukes hvor som helst og n\u00e5r som helst gjennom hele \u00e5ret.<\/span><\/p><h2><span style=\"font-weight: 400;\">Vi har en lidenskap for egenproduksjon<\/span><\/h2><p><span style=\"font-weight: 400;\">V\u00e5r dedikasjon til h\u00e5ndverket gjenspeiles i hvert eneste eksemplar av v\u00e5re h\u00e5ndlagde utem\u00f8bler, t\u00f8mmerhytter, spa og badestamper. Denne lidenskapen for egenproduksjon betyr at vi velger materialer med omhu, designer hvert produkt med presisjon og legger stor vekt p\u00e5 detaljer. For oss er egenproduksjon synonymt med kvalitet og holdbarhet; det er v\u00e5r m\u00e5te \u00e5 sikre at du f\u00e5r et produkt som ikke bare er vakkert \u00e5 se p\u00e5, men som ogs\u00e5 er bygget for \u00e5 vare over tid. Ved \u00e5 velge Topolis velger du et selskap som setter h\u00e5ndverk og ekte omsorg i h\u00f8ysetet. <\/span><\/p>\t\t\t\t\t\t<\/div>\n\t\t\t\t<\/div>\n\t\t\t\t<div class=\"elementor-element elementor-element-3fc331c elementor-widget-divider--view-line elementor-widget elementor-widget-divider\" data-id=\"3fc331c\" data-element_type=\"widget\" data-widget_type=\"divider.default\">\n\t\t\t\t<div class=\"elementor-widget-container\">\n\t\t\t\t\t<div class=\"elementor-divider\">\n\t\t\t<span class=\"elementor-divider-separator\">\n\t\t\t\t\t\t<\/span>\n\t\t<\/div>\n\t\t\t\t<\/div>\n\t\t\t\t<\/div>\n\t\t\t\t\t<\/div>\n\t\t<\/div>\n\t\t\t\t\t<\/div>\n\t\t<\/section>\n\t\t\t\t<section class=\"elementor-section elementor-top-section elementor-element elementor-element-d3b8bf6 elementor-section-boxed elementor-section-height-default elementor-section-height-default\" data-id=\"d3b8bf6\" data-element_type=\"section\">\n\t\t\t\t\t\t<div class=\"elementor-container elementor-column-gap-default\">\n\t\t\t\t\t<div class=\"elementor-column elementor-col-100 elementor-top-column elementor-element elementor-element-777a424\" data-id=\"777a424\" data-element_type=\"column\">\n\t\t\t<div class=\"elementor-widget-wrap elementor-element-populated\">\n\t\t\t\t\t\t<div class=\"elementor-element elementor-element-362fe62 elementor-widget elementor-widget-text-editor\" data-id=\"362fe62\" data-element_type=\"widget\" data-widget_type=\"text-editor.default\">\n\t\t\t\t<div class=\"elementor-widget-container\">\n\t\t\t\t\t\t\t<h3><span style=\"font-weight: 400;\">Lenestol<\/span><\/h3><p><span style=\"font-weight: 400;\">For deg som \u00f8nsker \u00e5 skape en mer avslappet og innbydende atmosf\u00e6re, er v\u00e5re loungestoler det perfekte valget. Disse stolene er designet for \u00e5 tilby maksimal komfort og stil, og er behagelige \u00e5 sitte i over lengre tid. De er ideelle for st\u00f8rre terrasser og vinterhager, der du kan skape et avslappende loungeomr\u00e5de for deg og dine gjester.<\/span><\/p><h3><span style=\"font-weight: 400;\">Balkongstoler<\/span><\/h3><p><span style=\"font-weight: 400;\">N\u00e5r du skal velge balkongstoler, er det viktig \u00e5 ta hensyn til st\u00f8rrelsen p\u00e5 balkongen og hvordan du planlegger \u00e5 bruke plassen. V\u00e5re h\u00e5ndlagde balkongstoler er designet for \u00e5 maksimere plassen uten at det g\u00e5r p\u00e5 bekostning av komforten. De er enkle \u00e5 brette sammen og plassere langs veggen eller skyve under et bord for \u00e5 beskytte mot regn og vind. Disse stolene er perfekte for mindre omr\u00e5der, og er en stilig og praktisk l\u00f8sning for morgenkaffen eller kveldskosen under stjernene.<\/span><\/p><h3><span style=\"font-weight: 400;\">Hvilestoler<\/span><\/h3><p><span style=\"font-weight: 400;\">V\u00e5re hvilestoler er designet for ultimat avslapning og rolige stunder. De er perfekte for \u00e5 nyte en god bok eller bare slappe av i solen. Stolene har ergonomisk design og materialer av h\u00f8y kvalitet, og gir en uovertruffen sittekomfort. De er et utmerket valg for alle utemilj\u00f8er der avslapping st\u00e5r i fokus.<\/span><\/p><h3><span style=\"font-weight: 400;\">Utend\u00f8rs stoler<\/span><\/h3><p><span style=\"font-weight: 400;\">For den eventyrlystne tilbyr vi utend\u00f8rsstoler som kombinerer funksjonalitet med holdbarhet. Disse stolene er enkle \u00e5 transportere og t\u00e5ler de t\u00f8ffeste v\u00e6rforhold, noe som gj\u00f8r dem perfekte for camping, fiske eller andre utend\u00f8rsaktiviteter. V\u00e5re utestoler er ikke bare praktiske, men ogs\u00e5 designet med stil og komfort i tankene.<\/span><\/p><h3>Feriestoler<\/h3><p>Topolis' feriestoler er designet for \u00e5 gi deg komfort og stil p\u00e5 fritiden. De er perfekte for avslapping i hagen, ved bassenget eller p\u00e5 favorittstedet ditt utend\u00f8rs. Enten du nyter en stille stund for deg selv eller har gjester, bidrar stolene v\u00e5re til en mer avslappet og innbydende atmosf\u00e6re.<\/p><h3><span style=\"font-weight: 400;\">Kombiner med andre Topoli-produkter<\/span><\/h3><p><span style=\"font-weight: 400;\">I tillegg til v\u00e5rt brede utvalg av utem\u00f8bler, tilbyr Topolis ogs\u00e5 andre produkter som kan gj\u00f8re uteopplevelsen din enda bedre. V\u00e5re <\/span><a href=\"https:\/\/www.topolis.se\/no\/tommerhus\/\"><span style=\"font-weight: 400;\">t\u00f8mmerhus<\/span><\/a><span style=\"font-weight: 400;\"> er sjarmerende og kan bygges p\u00e5 forskjellige m\u00e5ter. V\u00e5re <\/span><a href=\"https:\/\/www.topolis.se\/no\/boblebad-2\/\"><span style=\"font-weight: 400;\">boblebad<\/span><\/a><span style=\"font-weight: 400;\"> og <a href=\"https:\/\/www.topolis.se\/no\/boblebad\/\">vedfyrte badestamper<\/a> gir en luksuri\u00f8s avslapping og kan enkelt kombineres med v\u00e5re utem\u00f8bler for \u00e5 skape en komplett uteoase. I tillegg tilbyr vi <\/span><a href=\"https:\/\/www.topolis.se\/no\/fartshytter\/\"><span style=\"font-weight: 400;\">fartshytter<\/span><\/a><span style=\"font-weight: 400;\"> som er perfekte for deg som \u00f8nsker et fleksibelt og funksjonelt rom i hagen.<\/span><\/p><h2><span style=\"font-weight: 400;\">Hvordan tenke n\u00e5r vi kj\u00f8per utem\u00f8bler<\/span><\/h2><p><span style=\"font-weight: 400;\">N\u00e5r du skal kj\u00f8pe utem\u00f8bler, er det viktig \u00e5 ta hensyn til materialer, st\u00f8rrelse, vedlikehold og hvordan m\u00f8blene skal brukes. V\u00e5re h\u00e5ndlagde utem\u00f8bler er laget av materialer av h\u00f8y kvalitet som er valgt ut for \u00e5 t\u00e5le nordiske v\u00e6rforhold. Det er ogs\u00e5 viktig \u00e5 tenke p\u00e5 hvordan m\u00f8blene passer sammen med uterommet og de andre Topolis-produktene dine.<\/span><\/p><h2><span style=\"font-weight: 400;\">Tips for \u00e5 skape en vakker uteplass med Topolis utem\u00f8bler<\/span><\/h2><p><span style=\"font-weight: 400;\">\u00c5 skape det perfekte utemilj\u00f8et krever omtanke. Her er noen tips som kan hjelpe deg med \u00e5 velge de rette utem\u00f8blene til terrassen eller balkongen:<\/span><\/p><p><b>\u00c5 tenke p\u00e5 overflaten<\/b><span style=\"font-weight: 400;\"> - Tenk over st\u00f8rrelsen og utformingen av uteplassen for \u00e5 sikre at m\u00f8blene passer komfortabelt og oppfyller sitt tiltenkte form\u00e5l.<\/span><\/p><p><b>Tenk p\u00e5 stilen<\/b><span style=\"font-weight: 400;\"> - Velg m\u00f8bler som passer til resten av hjemmet og hagens uttrykk for \u00e5 skape et godt helhetsinntrykk.<\/span><\/p><p><b>Velg v\u00e5r h\u00f8ye kvalitet<\/b><span style=\"font-weight: 400;\"> - Invester i holdbare utem\u00f8bler av h\u00f8y kvalitet som vil vare i mange \u00e5r.<\/span><\/p><h3><span style=\"font-weight: 400;\">Slik vedlikeholder du utem\u00f8blene dine p\u00e5 best mulig m\u00e5te<\/span><\/h3><p><span style=\"font-weight: 400;\">Utem\u00f8bler i tre krever ogs\u00e5 riktig pleie. Alle utem\u00f8blene v\u00e5re er h\u00e5ndlagde og unike, og trenger pleie for \u00e5 vare enda lenger.<\/span><\/p><p><b>Regelmessig rengj\u00f8ring<\/b><span style=\"font-weight: 400;\">. T\u00f8rk av m\u00f8blene regelmessig med en myk, fuktig klut for \u00e5 fjerne smuss og forhindre r\u00e5te.<\/span><\/p><p><b>Beskyttelsestiltak<\/b><span style=\"font-weight: 400;\">. Tenk p\u00e5 \u00e5 bruke m\u00f8beltrekk eller lagre m\u00f8blene n\u00e5r det regner eller sn\u00f8r, og husk ogs\u00e5 at solen vil falme m\u00f8blene dine over tid.<\/span><\/p><p><b>Ta vare p\u00e5 materialet<\/b><span style=\"font-weight: 400;\">. Hvert materiale har spesifikke krav til vedlikehold. F\u00f8lg v\u00e5re tilpassede r\u00e5d for \u00e5 holde m\u00f8blene dine i topp stand.<\/span><\/p>\t\t\t\t\t\t<\/div>\n\t\t\t\t<\/div>\n\t\t\t\t\t<\/div>\n\t\t<\/div>\n\t\t\t\t\t<\/div>\n\t\t<\/section>\n\t\t\t\t<\/div>","protected":false},"excerpt":{"rendered":"<p>Handgjorda utem\u00f6bler Skapa en atmosf\u00e4r av elegans och komfort p\u00e5 din uteplats med v\u00e5rt noggrant utvalda sortiment av utem\u00f6bler som inte bara ger en estetiskt tilltalande touch utan \u00e4ven h\u00e5ller \u00e5r efter \u00e5r. V\u00e5rt fokus ligger p\u00e5 att erbjuda bekv\u00e4ma utem\u00f6bler som inte bara \u00e4r fina att se p\u00e5 utan ocks\u00e5 h\u00e5llbara nog att anv\u00e4ndas [&hellip;]<\/p>\n","protected":false},"author":16,"featured_media":0,"parent":0,"menu_order":0,"comment_status":"closed","ping_status":"closed","template":"","meta":{"_acf_changed":false,"_monsterinsights_skip_tracking":false,"_monsterinsights_sitenote_active":false,"_monsterinsights_sitenote_note":"","_monsterinsights_sitenote_category":0,"footnotes":""},"class_list":["post-1452","page","type-page","status-publish","hentry"],"acf":[],"yoast_head":"<!-- This site is optimized with the Yoast SEO Premium plugin v27.0 (Yoast SEO v27.0) - https:\/\/yoast.com\/product\/yoast-seo-premium-wordpress\/ -->\n<title>Handgjorda utem\u00f6bler i h\u00f6g kvalitet - Topolis AB<\/title>\n<meta name=\"description\" content=\"Uppt\u00e4ck Topolis handgjorda utem\u00f6bler f\u00f6r balkong, terrass och uterum. Kvalitet och design som f\u00f6rh\u00f6jer din utomhusmilj\u00f6. Egen tillverkning! Ring oss idag!\" \/>\n<meta name=\"robots\" content=\"index, follow, max-snippet:-1, max-image-preview:large, max-video-preview:-1\" \/>\n<link rel=\"canonical\" href=\"https:\/\/www.topolis.se\/no\/handlagde-utemobler\/\" \/>\n<meta property=\"og:locale\" content=\"nb_NO\" \/>\n<meta property=\"og:type\" content=\"article\" \/>\n<meta property=\"og:title\" content=\"Utem\u00f6bler\" \/>\n<meta property=\"og:description\" content=\"Uppt\u00e4ck Topolis handgjorda utem\u00f6bler f\u00f6r balkong, terrass och uterum. Kvalitet och design som f\u00f6rh\u00f6jer din utomhusmilj\u00f6. Egen tillverkning! Ring oss idag!\" \/>\n<meta property=\"og:url\" content=\"https:\/\/www.topolis.se\/no\/handlagde-utemobler\/\" \/>\n<meta property=\"og:site_name\" content=\"Topolis\" \/>\n<meta property=\"article:publisher\" content=\"https:\/\/www.facebook.com\/Topolis-AB-1481407308845438\" \/>\n<meta property=\"article:modified_time\" content=\"2024-03-04T08:59:10+00:00\" \/>\n<meta property=\"og:image\" content=\"https:\/\/www.topolis.se\/wp-content\/uploads\/2023\/11\/0-02-05-da5802a9f7a5163b951819df0cc08174eefec3a3a2579440a4588ee20f6e4f4e_9417001aa7941a15.jpg\" \/>\n<meta name=\"twitter:card\" content=\"summary_large_image\" \/>\n<meta name=\"twitter:label1\" content=\"Ansl. lesetid\" \/>\n\t<meta name=\"twitter:data1\" content=\"6 minutter\" \/>\n<script type=\"application\/ld+json\" class=\"yoast-schema-graph\">{\"@context\":\"https:\/\/schema.org\",\"@graph\":[{\"@type\":\"WebPage\",\"@id\":\"https:\/\/www.topolis.se\/handgjorda-utemobler\/\",\"url\":\"https:\/\/www.topolis.se\/handgjorda-utemobler\/\",\"name\":\"Handgjorda utem\u00f6bler i h\u00f6g kvalitet - Topolis AB\",\"isPartOf\":{\"@id\":\"https:\/\/www.topolis.se\/#website\"},\"primaryImageOfPage\":{\"@id\":\"https:\/\/www.topolis.se\/handgjorda-utemobler\/#primaryimage\"},\"image\":{\"@id\":\"https:\/\/www.topolis.se\/handgjorda-utemobler\/#primaryimage\"},\"thumbnailUrl\":\"https:\/\/www.topolis.se\/wp-content\/uploads\/2023\/11\/0-02-05-da5802a9f7a5163b951819df0cc08174eefec3a3a2579440a4588ee20f6e4f4e_9417001aa7941a15.jpg\",\"datePublished\":\"2021-06-15T14:23:23+00:00\",\"dateModified\":\"2024-03-04T08:59:10+00:00\",\"description\":\"Uppt\u00e4ck Topolis handgjorda utem\u00f6bler f\u00f6r balkong, terrass och uterum. Kvalitet och design som f\u00f6rh\u00f6jer din utomhusmilj\u00f6. Egen tillverkning! Ring oss idag!\",\"breadcrumb\":{\"@id\":\"https:\/\/www.topolis.se\/handgjorda-utemobler\/#breadcrumb\"},\"inLanguage\":\"nb-NO\",\"potentialAction\":[{\"@type\":\"ReadAction\",\"target\":[\"https:\/\/www.topolis.se\/handgjorda-utemobler\/\"]}]},{\"@type\":\"ImageObject\",\"inLanguage\":\"nb-NO\",\"@id\":\"https:\/\/www.topolis.se\/handgjorda-utemobler\/#primaryimage\",\"url\":\"https:\/\/www.topolis.se\/wp-content\/uploads\/2023\/11\/0-02-05-da5802a9f7a5163b951819df0cc08174eefec3a3a2579440a4588ee20f6e4f4e_9417001aa7941a15.jpg\",\"contentUrl\":\"https:\/\/www.topolis.se\/wp-content\/uploads\/2023\/11\/0-02-05-da5802a9f7a5163b951819df0cc08174eefec3a3a2579440a4588ee20f6e4f4e_9417001aa7941a15.jpg\"},{\"@type\":\"BreadcrumbList\",\"@id\":\"https:\/\/www.topolis.se\/handgjorda-utemobler\/#breadcrumb\",\"itemListElement\":[{\"@type\":\"ListItem\",\"position\":1,\"name\":\"Home\",\"item\":\"https:\/\/www.topolis.se\/\"},{\"@type\":\"ListItem\",\"position\":2,\"name\":\"Utem\u00f6bler\"}]},{\"@type\":\"WebSite\",\"@id\":\"https:\/\/www.topolis.se\/#website\",\"url\":\"https:\/\/www.topolis.se\/\",\"name\":\"Topolis\",\"description\":\"\u00c4kta timmerhus\",\"publisher\":{\"@id\":\"https:\/\/www.topolis.se\/#organization\"},\"potentialAction\":[{\"@type\":\"SearchAction\",\"target\":{\"@type\":\"EntryPoint\",\"urlTemplate\":\"https:\/\/www.topolis.se\/?s={search_term_string}\"},\"query-input\":{\"@type\":\"PropertyValueSpecification\",\"valueRequired\":true,\"valueName\":\"search_term_string\"}}],\"inLanguage\":\"nb-NO\"},{\"@type\":\"Organization\",\"@id\":\"https:\/\/www.topolis.se\/#organization\",\"name\":\"Topolis AB\",\"url\":\"https:\/\/www.topolis.se\/\",\"logo\":{\"@type\":\"ImageObject\",\"inLanguage\":\"nb-NO\",\"@id\":\"https:\/\/www.topolis.se\/#\/schema\/logo\/image\/\",\"url\":\"https:\/\/www.topolis.se\/wp-content\/uploads\/2022\/01\/pilkash.jpg\",\"contentUrl\":\"https:\/\/www.topolis.se\/wp-content\/uploads\/2022\/01\/pilkash.jpg\",\"width\":1482,\"height\":1110,\"caption\":\"Topolis AB\"},\"image\":{\"@id\":\"https:\/\/www.topolis.se\/#\/schema\/logo\/image\/\"},\"sameAs\":[\"https:\/\/www.facebook.com\/Topolis-AB-1481407308845438\",\"https:\/\/www.instagram.com\/topolisab\/\",\"https:\/\/www.youtube.com\/channel\/UCcOYf9nxQDMyAsTxDq2hMJg\"]}]}<\/script>\n<!-- \/ Yoast SEO Premium plugin. -->","yoast_head_json":{"title":"H\u00e5ndlagde utem\u00f8bler av h\u00f8y kvalitet - Topolis AB","description":"Oppdag Topolis h\u00e5ndlagde utem\u00f8bler til balkong, terrasse og vinterhage. Kvalitet og design som gj\u00f8r utemilj\u00f8et ditt enda bedre. Egen produksjon! Ring oss i dag!","robots":{"index":"index","follow":"follow","max-snippet":"max-snippet:-1","max-image-preview":"max-image-preview:large","max-video-preview":"max-video-preview:-1"},"canonical":"https:\/\/www.topolis.se\/no\/handlagde-utemobler\/","og_locale":"nb_NO","og_type":"article","og_title":"Utem\u00f6bler","og_description":"Uppt\u00e4ck Topolis handgjorda utem\u00f6bler f\u00f6r balkong, terrass och uterum. Kvalitet och design som f\u00f6rh\u00f6jer din utomhusmilj\u00f6. Egen tillverkning! Ring oss idag!","og_url":"https:\/\/www.topolis.se\/no\/handlagde-utemobler\/","og_site_name":"Topolis","article_publisher":"https:\/\/www.facebook.com\/Topolis-AB-1481407308845438","article_modified_time":"2024-03-04T08:59:10+00:00","og_image":[{"url":"https:\/\/www.topolis.se\/wp-content\/uploads\/2023\/11\/0-02-05-da5802a9f7a5163b951819df0cc08174eefec3a3a2579440a4588ee20f6e4f4e_9417001aa7941a15.jpg","type":"","width":"","height":""}],"twitter_card":"summary_large_image","twitter_misc":{"Ansl. lesetid":"6 minutter"},"schema":{"@context":"https:\/\/schema.org","@graph":[{"@type":"WebPage","@id":"https:\/\/www.topolis.se\/handgjorda-utemobler\/","url":"https:\/\/www.topolis.se\/handgjorda-utemobler\/","name":"H\u00e5ndlagde utem\u00f8bler av h\u00f8y kvalitet - Topolis AB","isPartOf":{"@id":"https:\/\/www.topolis.se\/#website"},"primaryImageOfPage":{"@id":"https:\/\/www.topolis.se\/handgjorda-utemobler\/#primaryimage"},"image":{"@id":"https:\/\/www.topolis.se\/handgjorda-utemobler\/#primaryimage"},"thumbnailUrl":"https:\/\/www.topolis.se\/wp-content\/uploads\/2023\/11\/0-02-05-da5802a9f7a5163b951819df0cc08174eefec3a3a2579440a4588ee20f6e4f4e_9417001aa7941a15.jpg","datePublished":"2021-06-15T14:23:23+00:00","dateModified":"2024-03-04T08:59:10+00:00","description":"Oppdag Topolis h\u00e5ndlagde utem\u00f8bler til balkong, terrasse og vinterhage. Kvalitet og design som gj\u00f8r utemilj\u00f8et ditt enda bedre. Egen produksjon! Ring oss i dag!","breadcrumb":{"@id":"https:\/\/www.topolis.se\/handgjorda-utemobler\/#breadcrumb"},"inLanguage":"nb-NO","potentialAction":[{"@type":"ReadAction","target":["https:\/\/www.topolis.se\/handgjorda-utemobler\/"]}]},{"@type":"ImageObject","inLanguage":"nb-NO","@id":"https:\/\/www.topolis.se\/handgjorda-utemobler\/#primaryimage","url":"https:\/\/www.topolis.se\/wp-content\/uploads\/2023\/11\/0-02-05-da5802a9f7a5163b951819df0cc08174eefec3a3a2579440a4588ee20f6e4f4e_9417001aa7941a15.jpg","contentUrl":"https:\/\/www.topolis.se\/wp-content\/uploads\/2023\/11\/0-02-05-da5802a9f7a5163b951819df0cc08174eefec3a3a2579440a4588ee20f6e4f4e_9417001aa7941a15.jpg"},{"@type":"BreadcrumbList","@id":"https:\/\/www.topolis.se\/handgjorda-utemobler\/#breadcrumb","itemListElement":[{"@type":"ListItem","position":1,"name":"Home","item":"https:\/\/www.topolis.se\/"},{"@type":"ListItem","position":2,"name":"Utem\u00f6bler"}]},{"@type":"WebSite","@id":"https:\/\/www.topolis.se\/#website","url":"https:\/\/www.topolis.se\/","name":"Topolis","description":"Ekte t\u00f8mmerhus","publisher":{"@id":"https:\/\/www.topolis.se\/#organization"},"potentialAction":[{"@type":"SearchAction","target":{"@type":"EntryPoint","urlTemplate":"https:\/\/www.topolis.se\/?s={search_term_string}"},"query-input":{"@type":"PropertyValueSpecification","valueRequired":true,"valueName":"search_term_string"}}],"inLanguage":"nb-NO"},{"@type":"Organization","@id":"https:\/\/www.topolis.se\/#organization","name":"Topolis AB","url":"https:\/\/www.topolis.se\/","logo":{"@type":"ImageObject","inLanguage":"nb-NO","@id":"https:\/\/www.topolis.se\/#\/schema\/logo\/image\/","url":"https:\/\/www.topolis.se\/wp-content\/uploads\/2022\/01\/pilkash.jpg","contentUrl":"https:\/\/www.topolis.se\/wp-content\/uploads\/2022\/01\/pilkash.jpg","width":1482,"height":1110,"caption":"Topolis AB"},"image":{"@id":"https:\/\/www.topolis.se\/#\/schema\/logo\/image\/"},"sameAs":["https:\/\/www.facebook.com\/Topolis-AB-1481407308845438","https:\/\/www.instagram.com\/topolisab\/","https:\/\/www.youtube.com\/channel\/UCcOYf9nxQDMyAsTxDq2hMJg"]}]}},"_links":{"self":[{"href":"https:\/\/www.topolis.se\/no\/wp-json\/wp\/v2\/pages\/1452","targetHints":{"allow":["GET"]}}],"collection":[{"href":"https:\/\/www.topolis.se\/no\/wp-json\/wp\/v2\/pages"}],"about":[{"href":"https:\/\/www.topolis.se\/no\/wp-json\/wp\/v2\/types\/page"}],"author":[{"embeddable":true,"href":"https:\/\/www.topolis.se\/no\/wp-json\/wp\/v2\/users\/16"}],"replies":[{"embeddable":true,"href":"https:\/\/www.topolis.se\/no\/wp-json\/wp\/v2\/comments?post=1452"}],"version-history":[{"count":40,"href":"https:\/\/www.topolis.se\/no\/wp-json\/wp\/v2\/pages\/1452\/revisions"}],"predecessor-version":[{"id":8852,"href":"https:\/\/www.topolis.se\/no\/wp-json\/wp\/v2\/pages\/1452\/revisions\/8852"}],"wp:attachment":[{"href":"https:\/\/www.topolis.se\/no\/wp-json\/wp\/v2\/media?parent=1452"}],"curies":[{"name":"wp","href":"https:\/\/api.w.org\/{rel}","templated":true}]}}