{"id":1510,"date":"2021-06-02T13:26:35","date_gmt":"2021-06-02T13:26:35","guid":{"rendered":"https:\/\/www.topolis.se\/?post_type=product&#038;p=1510"},"modified":"2026-03-25T18:23:07","modified_gmt":"2026-03-25T18:23:07","slug":"vedfyrt-badestamp-med-ekstern-ovn","status":"publish","type":"product","link":"https:\/\/www.topolis.se\/no\/produkt\/vedeldad-badtunna-med-extern-kamin\/","title":{"rendered":"Vedfyrt badestamp Velv\u00e6reklassiker"},"content":{"rendered":"<p>Den st\u00f8rste fordelen med et massasjebad med utvendig komfyr er at du kan utnytte hele plassen i karet. Deluxe-innsatsen er designet med en litt tilbakelent stilling av ryggst\u00f8tten for \u00e5 gi ekstra komfort og mer plass.  Ovnen sitter ved siden av karet, og denne modellen er enkel \u00e5 montere p\u00e5 uteplassen.  Oppvarmingstid ca. 2 timer.<\/p>","protected":false},"excerpt":{"rendered":"<p>For 5-10 personer<\/p>","protected":false},"featured_media":7471,"comment_status":"open","ping_status":"closed","template":"","meta":{"_acf_changed":false,"_monsterinsights_skip_tracking":false,"_monsterinsights_sitenote_active":false,"_monsterinsights_sitenote_note":"","_monsterinsights_sitenote_category":0},"product_brand":[],"product_cat":[25],"product_tag":[],"class_list":{"0":"post-1510","1":"product","2":"type-product","3":"status-publish","4":"has-post-thumbnail","6":"product_cat-badtunna","8":"first","9":"onbackorder","10":"taxable","11":"shipping-taxable","12":"purchasable","13":"product-type-variable","14":"has-default-attributes"},"acf":[],"yoast_head":"<!-- This site is optimized with the Yoast SEO Premium plugin v27.0 (Yoast SEO v27.0) - https:\/\/yoast.com\/product\/yoast-seo-premium-wordpress\/ -->\n<title>Vedeldad badtunna Wellness classic med Utm\u00e4rkt Komfort &#187;<\/title>\n<meta name=\"description\" content=\"Uppt\u00e4ck en ny niv\u00e5 av avkoppling med Vedeldad badtunna Wellness classic! Perfekt f\u00f6r 5-7 personer och enkel att installera. Best\u00e4ll nu!\" \/>\n<meta name=\"robots\" content=\"index, follow, max-snippet:-1, max-image-preview:large, max-video-preview:-1\" \/>\n<link rel=\"canonical\" href=\"https:\/\/www.topolis.se\/no\/produkt\/vedfyrt-badestamp-med-ekstern-ovn\/\" \/>\n<meta property=\"og:locale\" content=\"nb_NO\" \/>\n<meta property=\"og:type\" content=\"article\" \/>\n<meta property=\"og:title\" content=\"Vedeldad badtunna Wellness classic\" \/>\n<meta property=\"og:description\" content=\"Uppt\u00e4ck en ny niv\u00e5 av avkoppling med Vedeldad badtunna Wellness classic! Perfekt f\u00f6r 5-7 personer och enkel att installera. Best\u00e4ll nu!\" \/>\n<meta property=\"og:url\" content=\"https:\/\/www.topolis.se\/no\/produkt\/vedfyrt-badestamp-med-ekstern-ovn\/\" \/>\n<meta property=\"og:site_name\" content=\"Topolis\" \/>\n<meta property=\"article:publisher\" content=\"https:\/\/www.facebook.com\/Topolis-AB-1481407308845438\" \/>\n<meta property=\"article:modified_time\" content=\"2026-03-25T18:23:07+00:00\" \/>\n<meta property=\"og:image\" content=\"https:\/\/www.topolis.se\/wp-content\/uploads\/2021\/06\/lark.jpg\" \/>\n\t<meta property=\"og:image:width\" content=\"1400\" \/>\n\t<meta property=\"og:image:height\" content=\"1367\" \/>\n\t<meta property=\"og:image:type\" content=\"image\/jpeg\" \/>\n<meta name=\"twitter:card\" content=\"summary_large_image\" \/>\n<meta name=\"twitter:label1\" content=\"Availability\" \/>\n\t<meta name=\"twitter:data1\" content=\"On backorder\" \/>\n<script type=\"application\/ld+json\" class=\"yoast-schema-graph\">{\"@context\":\"https:\/\/schema.org\",\"@graph\":[{\"@type\":\"WebPage\",\"@id\":\"https:\/\/www.topolis.se\/produkt\/vedeldad-badtunna-med-extern-kamin\/\",\"url\":\"https:\/\/www.topolis.se\/produkt\/vedeldad-badtunna-med-extern-kamin\/\",\"name\":\"Vedeldad badtunna Wellness classic med Utm\u00e4rkt Komfort &#187;\",\"isPartOf\":{\"@id\":\"https:\/\/www.topolis.se\/#website\"},\"primaryImageOfPage\":{\"@id\":\"https:\/\/www.topolis.se\/produkt\/vedeldad-badtunna-med-extern-kamin\/#primaryimage\"},\"image\":{\"@id\":\"https:\/\/www.topolis.se\/produkt\/vedeldad-badtunna-med-extern-kamin\/#primaryimage\"},\"thumbnailUrl\":\"https:\/\/www.topolis.se\/wp-content\/uploads\/2021\/06\/lark.jpg\",\"datePublished\":\"2021-06-02T13:26:35+00:00\",\"dateModified\":\"2026-03-25T18:23:07+00:00\",\"description\":\"Uppt\u00e4ck en ny niv\u00e5 av avkoppling med Vedeldad badtunna Wellness classic! Perfekt f\u00f6r 5-7 personer och enkel att installera. Best\u00e4ll nu!\",\"breadcrumb\":{\"@id\":\"https:\/\/www.topolis.se\/produkt\/vedeldad-badtunna-med-extern-kamin\/#breadcrumb\"},\"inLanguage\":\"nb-NO\",\"potentialAction\":[{\"@type\":\"ReadAction\",\"target\":[\"https:\/\/www.topolis.se\/produkt\/vedeldad-badtunna-med-extern-kamin\/\"]}]},{\"@type\":\"ImageObject\",\"inLanguage\":\"nb-NO\",\"@id\":\"https:\/\/www.topolis.se\/produkt\/vedeldad-badtunna-med-extern-kamin\/#primaryimage\",\"url\":\"https:\/\/www.topolis.se\/wp-content\/uploads\/2021\/06\/lark.jpg\",\"contentUrl\":\"https:\/\/www.topolis.se\/wp-content\/uploads\/2021\/06\/lark.jpg\",\"width\":1400,\"height\":1367,\"caption\":\"badtunna\"},{\"@type\":\"BreadcrumbList\",\"@id\":\"https:\/\/www.topolis.se\/produkt\/vedeldad-badtunna-med-extern-kamin\/#breadcrumb\",\"itemListElement\":[{\"@type\":\"ListItem\",\"position\":1,\"name\":\"Home\",\"item\":\"https:\/\/www.topolis.se\/\"},{\"@type\":\"ListItem\",\"position\":2,\"name\":\"Shop\",\"item\":\"http:\/\/www.topolis.se\/shop\/\"},{\"@type\":\"ListItem\",\"position\":3,\"name\":\"Vedeldad badtunna Wellness classic\"}]},{\"@type\":\"WebSite\",\"@id\":\"https:\/\/www.topolis.se\/#website\",\"url\":\"https:\/\/www.topolis.se\/\",\"name\":\"Topolis\",\"description\":\"\u00c4kta timmerhus\",\"publisher\":{\"@id\":\"https:\/\/www.topolis.se\/#organization\"},\"potentialAction\":[{\"@type\":\"SearchAction\",\"target\":{\"@type\":\"EntryPoint\",\"urlTemplate\":\"https:\/\/www.topolis.se\/?s={search_term_string}\"},\"query-input\":{\"@type\":\"PropertyValueSpecification\",\"valueRequired\":true,\"valueName\":\"search_term_string\"}}],\"inLanguage\":\"nb-NO\"},{\"@type\":\"Organization\",\"@id\":\"https:\/\/www.topolis.se\/#organization\",\"name\":\"Topolis AB\",\"url\":\"https:\/\/www.topolis.se\/\",\"logo\":{\"@type\":\"ImageObject\",\"inLanguage\":\"nb-NO\",\"@id\":\"https:\/\/www.topolis.se\/#\/schema\/logo\/image\/\",\"url\":\"https:\/\/www.topolis.se\/wp-content\/uploads\/2022\/01\/pilkash.jpg\",\"contentUrl\":\"https:\/\/www.topolis.se\/wp-content\/uploads\/2022\/01\/pilkash.jpg\",\"width\":1482,\"height\":1110,\"caption\":\"Topolis AB\"},\"image\":{\"@id\":\"https:\/\/www.topolis.se\/#\/schema\/logo\/image\/\"},\"sameAs\":[\"https:\/\/www.facebook.com\/Topolis-AB-1481407308845438\",\"https:\/\/www.instagram.com\/topolisab\/\",\"https:\/\/www.youtube.com\/channel\/UCcOYf9nxQDMyAsTxDq2hMJg\"]}]}<\/script>\n<meta property=\"og:availability\" content=\"backorder\" \/>\n<meta property=\"product:availability\" content=\"available for order\" \/>\n<meta property=\"product:condition\" content=\"new\" \/>\n<!-- \/ Yoast SEO Premium plugin. -->","yoast_head_json":{"title":"Wellness klassisk vedfyrt badestamp med utmerket komfort \u00bb","description":"Oppdag et nytt niv\u00e5 av avslapping med Wellness klassiske vedfyrte badestamp! Perfekt for 5-7 personer og enkel \u00e5 installere. Bestill n\u00e5!","robots":{"index":"index","follow":"follow","max-snippet":"max-snippet:-1","max-image-preview":"max-image-preview:large","max-video-preview":"max-video-preview:-1"},"canonical":"https:\/\/www.topolis.se\/no\/produkt\/vedfyrt-badestamp-med-ekstern-ovn\/","og_locale":"nb_NO","og_type":"article","og_title":"Vedeldad badtunna Wellness classic","og_description":"Uppt\u00e4ck en ny niv\u00e5 av avkoppling med Vedeldad badtunna Wellness classic! Perfekt f\u00f6r 5-7 personer och enkel att installera. Best\u00e4ll nu!","og_url":"https:\/\/www.topolis.se\/no\/produkt\/vedfyrt-badestamp-med-ekstern-ovn\/","og_site_name":"Topolis","article_publisher":"https:\/\/www.facebook.com\/Topolis-AB-1481407308845438","article_modified_time":"2026-03-25T18:23:07+00:00","og_image":[{"width":1400,"height":1367,"url":"https:\/\/www.topolis.se\/wp-content\/uploads\/2021\/06\/lark.jpg","type":"image\/jpeg"}],"twitter_card":"summary_large_image","twitter_misc":{"Availability":"On backorder"},"schema":{"@context":"https:\/\/schema.org","@graph":[{"@type":"WebPage","@id":"https:\/\/www.topolis.se\/produkt\/vedeldad-badtunna-med-extern-kamin\/","url":"https:\/\/www.topolis.se\/produkt\/vedeldad-badtunna-med-extern-kamin\/","name":"Wellness klassisk vedfyrt badestamp med utmerket komfort \u00bb","isPartOf":{"@id":"https:\/\/www.topolis.se\/#website"},"primaryImageOfPage":{"@id":"https:\/\/www.topolis.se\/produkt\/vedeldad-badtunna-med-extern-kamin\/#primaryimage"},"image":{"@id":"https:\/\/www.topolis.se\/produkt\/vedeldad-badtunna-med-extern-kamin\/#primaryimage"},"thumbnailUrl":"https:\/\/www.topolis.se\/wp-content\/uploads\/2021\/06\/lark.jpg","datePublished":"2021-06-02T13:26:35+00:00","dateModified":"2026-03-25T18:23:07+00:00","description":"Oppdag et nytt niv\u00e5 av avslapping med Wellness klassiske vedfyrte badestamp! Perfekt for 5-7 personer og enkel \u00e5 installere. Bestill n\u00e5!","breadcrumb":{"@id":"https:\/\/www.topolis.se\/produkt\/vedeldad-badtunna-med-extern-kamin\/#breadcrumb"},"inLanguage":"nb-NO","potentialAction":[{"@type":"ReadAction","target":["https:\/\/www.topolis.se\/produkt\/vedeldad-badtunna-med-extern-kamin\/"]}]},{"@type":"ImageObject","inLanguage":"nb-NO","@id":"https:\/\/www.topolis.se\/produkt\/vedeldad-badtunna-med-extern-kamin\/#primaryimage","url":"https:\/\/www.topolis.se\/wp-content\/uploads\/2021\/06\/lark.jpg","contentUrl":"https:\/\/www.topolis.se\/wp-content\/uploads\/2021\/06\/lark.jpg","width":1400,"height":1367,"caption":"badtunna"},{"@type":"BreadcrumbList","@id":"https:\/\/www.topolis.se\/produkt\/vedeldad-badtunna-med-extern-kamin\/#breadcrumb","itemListElement":[{"@type":"ListItem","position":1,"name":"Home","item":"https:\/\/www.topolis.se\/"},{"@type":"ListItem","position":2,"name":"Shop","item":"http:\/\/www.topolis.se\/shop\/"},{"@type":"ListItem","position":3,"name":"Vedeldad badtunna Wellness classic"}]},{"@type":"WebSite","@id":"https:\/\/www.topolis.se\/#website","url":"https:\/\/www.topolis.se\/","name":"Topolis","description":"Ekte t\u00f8mmerhus","publisher":{"@id":"https:\/\/www.topolis.se\/#organization"},"potentialAction":[{"@type":"SearchAction","target":{"@type":"EntryPoint","urlTemplate":"https:\/\/www.topolis.se\/?s={search_term_string}"},"query-input":{"@type":"PropertyValueSpecification","valueRequired":true,"valueName":"search_term_string"}}],"inLanguage":"nb-NO"},{"@type":"Organization","@id":"https:\/\/www.topolis.se\/#organization","name":"Topolis AB","url":"https:\/\/www.topolis.se\/","logo":{"@type":"ImageObject","inLanguage":"nb-NO","@id":"https:\/\/www.topolis.se\/#\/schema\/logo\/image\/","url":"https:\/\/www.topolis.se\/wp-content\/uploads\/2022\/01\/pilkash.jpg","contentUrl":"https:\/\/www.topolis.se\/wp-content\/uploads\/2022\/01\/pilkash.jpg","width":1482,"height":1110,"caption":"Topolis AB"},"image":{"@id":"https:\/\/www.topolis.se\/#\/schema\/logo\/image\/"},"sameAs":["https:\/\/www.facebook.com\/Topolis-AB-1481407308845438","https:\/\/www.instagram.com\/topolisab\/","https:\/\/www.youtube.com\/channel\/UCcOYf9nxQDMyAsTxDq2hMJg"]}]},"og_availability":"backorder","product_availability":"available for order","product_condition":"new"},"_links":{"self":[{"href":"https:\/\/www.topolis.se\/no\/wp-json\/wp\/v2\/product\/1510","targetHints":{"allow":["GET"]}}],"collection":[{"href":"https:\/\/www.topolis.se\/no\/wp-json\/wp\/v2\/product"}],"about":[{"href":"https:\/\/www.topolis.se\/no\/wp-json\/wp\/v2\/types\/product"}],"replies":[{"embeddable":true,"href":"https:\/\/www.topolis.se\/no\/wp-json\/wp\/v2\/comments?post=1510"}],"wp:featuredmedia":[{"embeddable":true,"href":"https:\/\/www.topolis.se\/no\/wp-json\/wp\/v2\/media\/7471"}],"wp:attachment":[{"href":"https:\/\/www.topolis.se\/no\/wp-json\/wp\/v2\/media?parent=1510"}],"wp:term":[{"taxonomy":"product_brand","embeddable":true,"href":"https:\/\/www.topolis.se\/no\/wp-json\/wp\/v2\/product_brand?post=1510"},{"taxonomy":"product_cat","embeddable":true,"href":"https:\/\/www.topolis.se\/no\/wp-json\/wp\/v2\/product_cat?post=1510"},{"taxonomy":"product_tag","embeddable":true,"href":"https:\/\/www.topolis.se\/no\/wp-json\/wp\/v2\/product_tag?post=1510"}],"curies":[{"name":"wp","href":"https:\/\/api.w.org\/{rel}","templated":true}]}}