{"id":3651,"date":"2021-06-03T09:52:08","date_gmt":"2021-06-03T09:52:08","guid":{"rendered":"https:\/\/www.topolis.se\/?post_type=product&#038;p=3651"},"modified":"2026-01-01T18:13:57","modified_gmt":"2026-01-01T18:13:57","slug":"vedfyrt-badestamp-velvaerekomfort","status":"publish","type":"product","link":"https:\/\/www.topolis.se\/no\/produkt\/vedeldad-badtunna-wellness-comfort\/","title":{"rendered":"Wellness comfort vedfyrt badestamp med akrylinnsats"},"content":{"rendered":"<p><strong>Wellness Comfort boblebad med akrylinnsats<\/strong><\/p>\n<p>Nyt en luksuri\u00f8s badeopplevelse med v\u00e5rt massasjebad Wellness Comfort, som er utstyrt med en elegant og slitesterk innsats i akryl. Dette massasjebadet er designet for \u00e5 gi maksimal komfort og avslapning, perfekt for b\u00e5de familier og sosiale sammenkomster.<\/p>\n<p><strong>Funksjoner og fordeler:<\/strong><\/p>\n<ul>\n<li><strong>Akrylinnsats av h\u00f8y kvalitet:<\/strong> Laget av slitesterk og lettstelt akryl som gir en luksuri\u00f8s f\u00f8lelse og lang holdbarhet.<\/li>\n<li><strong>Ergonomisk design:<\/strong> Komfortable seter og ryggst\u00f8tter som gir optimal komfort for opptil 7 personer.<\/li>\n<li><strong>Effektiv oppvarming:<\/strong> Utstyrt med en kraftig integrert komfyr som raskt varmer opp vannet til \u00f8nsket temperatur p\u00e5 bare 90 minutter.<\/li>\n<li><strong>Energieffektiv:<\/strong> Isolert for \u00e5 minimere varmetap og spare energi.<\/li>\n<li><strong>Enkel \u00e5 administrere:<\/strong> Enkel \u00e5 rengj\u00f8re og vedlikeholde takket v\u00e6re den glatte akryloverflaten.<\/li>\n<\/ul>","protected":false},"excerpt":{"rendered":"<p>For 5-7 personer<\/p>","protected":false},"featured_media":8449,"comment_status":"closed","ping_status":"closed","template":"","meta":{"_acf_changed":false,"_monsterinsights_skip_tracking":false,"_monsterinsights_sitenote_active":false,"_monsterinsights_sitenote_note":"","_monsterinsights_sitenote_category":0},"product_brand":[],"product_cat":[25],"product_tag":[],"class_list":{"0":"post-3651","1":"product","2":"type-product","3":"status-publish","4":"has-post-thumbnail","6":"product_cat-badtunna","8":"first","9":"onbackorder","10":"taxable","11":"shipping-taxable","12":"purchasable","13":"product-type-variable"},"acf":[],"yoast_head":"<!-- This site is optimized with the Yoast SEO Premium plugin v27.0 (Yoast SEO v27.0) - https:\/\/yoast.com\/product\/yoast-seo-premium-wordpress\/ -->\n<title>vedeldad badtunna Wellness comfort med akryl insats !!!NYHET!!!<\/title>\n<meta name=\"description\" content=\"Njut av en lyxig badupplevelse med v\u00e5r vedeldad badtunna Wellness comfort, utrustad med en h\u00e5llbar akryl insats. Skaffa din egen nu! \ud83c\udf1f\" \/>\n<meta name=\"robots\" content=\"index, follow, max-snippet:-1, max-image-preview:large, max-video-preview:-1\" \/>\n<link rel=\"canonical\" href=\"https:\/\/www.topolis.se\/no\/produkt\/vedfyrt-badestamp-velvaerekomfort\/\" \/>\n<meta property=\"og:locale\" content=\"nb_NO\" \/>\n<meta property=\"og:type\" content=\"article\" \/>\n<meta property=\"og:title\" content=\"Vedeldad badtunna Wellness comfort med akrylinsats\" \/>\n<meta property=\"og:description\" content=\"Njut av en lyxig badupplevelse med v\u00e5r vedeldad badtunna Wellness comfort, utrustad med en h\u00e5llbar akryl insats. Skaffa din egen nu! \ud83c\udf1f\" \/>\n<meta property=\"og:url\" content=\"https:\/\/www.topolis.se\/no\/produkt\/vedfyrt-badestamp-velvaerekomfort\/\" \/>\n<meta property=\"og:site_name\" content=\"Topolis\" \/>\n<meta property=\"article:publisher\" content=\"https:\/\/www.facebook.com\/Topolis-AB-1481407308845438\" \/>\n<meta property=\"article:modified_time\" content=\"2026-01-01T18:13:57+00:00\" \/>\n<meta property=\"og:image\" content=\"https:\/\/www.topolis.se\/wp-content\/uploads\/2021\/06\/kubilas_spalisnn.jpg\" \/>\n\t<meta property=\"og:image:width\" content=\"1546\" \/>\n\t<meta property=\"og:image:height\" content=\"1408\" \/>\n\t<meta property=\"og:image:type\" content=\"image\/jpeg\" \/>\n<meta name=\"twitter:card\" content=\"summary_large_image\" \/>\n<meta name=\"twitter:label1\" content=\"Availability\" \/>\n\t<meta name=\"twitter:data1\" content=\"On backorder\" \/>\n<script type=\"application\/ld+json\" class=\"yoast-schema-graph\">{\"@context\":\"https:\/\/schema.org\",\"@graph\":[{\"@type\":\"WebPage\",\"@id\":\"https:\/\/www.topolis.se\/produkt\/vedeldad-badtunna-wellness-comfort\/\",\"url\":\"https:\/\/www.topolis.se\/produkt\/vedeldad-badtunna-wellness-comfort\/\",\"name\":\"vedeldad badtunna Wellness comfort med akryl insats !!!NYHET!!!\",\"isPartOf\":{\"@id\":\"https:\/\/www.topolis.se\/#website\"},\"primaryImageOfPage\":{\"@id\":\"https:\/\/www.topolis.se\/produkt\/vedeldad-badtunna-wellness-comfort\/#primaryimage\"},\"image\":{\"@id\":\"https:\/\/www.topolis.se\/produkt\/vedeldad-badtunna-wellness-comfort\/#primaryimage\"},\"thumbnailUrl\":\"https:\/\/www.topolis.se\/wp-content\/uploads\/2021\/06\/kubilas_spalisnn.jpg\",\"datePublished\":\"2021-06-03T09:52:08+00:00\",\"dateModified\":\"2026-01-01T18:13:57+00:00\",\"description\":\"Njut av en lyxig badupplevelse med v\u00e5r vedeldad badtunna Wellness comfort, utrustad med en h\u00e5llbar akryl insats. Skaffa din egen nu! \ud83c\udf1f\",\"breadcrumb\":{\"@id\":\"https:\/\/www.topolis.se\/produkt\/vedeldad-badtunna-wellness-comfort\/#breadcrumb\"},\"inLanguage\":\"nb-NO\",\"potentialAction\":[{\"@type\":\"ReadAction\",\"target\":[\"https:\/\/www.topolis.se\/produkt\/vedeldad-badtunna-wellness-comfort\/\"]}]},{\"@type\":\"ImageObject\",\"inLanguage\":\"nb-NO\",\"@id\":\"https:\/\/www.topolis.se\/produkt\/vedeldad-badtunna-wellness-comfort\/#primaryimage\",\"url\":\"https:\/\/www.topolis.se\/wp-content\/uploads\/2021\/06\/kubilas_spalisnn.jpg\",\"contentUrl\":\"https:\/\/www.topolis.se\/wp-content\/uploads\/2021\/06\/kubilas_spalisnn.jpg\",\"width\":1546,\"height\":1408,\"caption\":\"badtunna\"},{\"@type\":\"BreadcrumbList\",\"@id\":\"https:\/\/www.topolis.se\/produkt\/vedeldad-badtunna-wellness-comfort\/#breadcrumb\",\"itemListElement\":[{\"@type\":\"ListItem\",\"position\":1,\"name\":\"Home\",\"item\":\"https:\/\/www.topolis.se\/\"},{\"@type\":\"ListItem\",\"position\":2,\"name\":\"Shop\",\"item\":\"http:\/\/www.topolis.se\/shop\/\"},{\"@type\":\"ListItem\",\"position\":3,\"name\":\"Vedeldad badtunna Wellness comfort med akrylinsats\"}]},{\"@type\":\"WebSite\",\"@id\":\"https:\/\/www.topolis.se\/#website\",\"url\":\"https:\/\/www.topolis.se\/\",\"name\":\"Topolis\",\"description\":\"\u00c4kta timmerhus\",\"publisher\":{\"@id\":\"https:\/\/www.topolis.se\/#organization\"},\"potentialAction\":[{\"@type\":\"SearchAction\",\"target\":{\"@type\":\"EntryPoint\",\"urlTemplate\":\"https:\/\/www.topolis.se\/?s={search_term_string}\"},\"query-input\":{\"@type\":\"PropertyValueSpecification\",\"valueRequired\":true,\"valueName\":\"search_term_string\"}}],\"inLanguage\":\"nb-NO\"},{\"@type\":\"Organization\",\"@id\":\"https:\/\/www.topolis.se\/#organization\",\"name\":\"Topolis AB\",\"url\":\"https:\/\/www.topolis.se\/\",\"logo\":{\"@type\":\"ImageObject\",\"inLanguage\":\"nb-NO\",\"@id\":\"https:\/\/www.topolis.se\/#\/schema\/logo\/image\/\",\"url\":\"https:\/\/www.topolis.se\/wp-content\/uploads\/2022\/01\/pilkash.jpg\",\"contentUrl\":\"https:\/\/www.topolis.se\/wp-content\/uploads\/2022\/01\/pilkash.jpg\",\"width\":1482,\"height\":1110,\"caption\":\"Topolis AB\"},\"image\":{\"@id\":\"https:\/\/www.topolis.se\/#\/schema\/logo\/image\/\"},\"sameAs\":[\"https:\/\/www.facebook.com\/Topolis-AB-1481407308845438\",\"https:\/\/www.instagram.com\/topolisab\/\",\"https:\/\/www.youtube.com\/channel\/UCcOYf9nxQDMyAsTxDq2hMJg\"]}]}<\/script>\n<meta property=\"og:availability\" content=\"backorder\" \/>\n<meta property=\"product:availability\" content=\"available for order\" \/>\n<meta property=\"product:condition\" content=\"new\" \/>\n<!-- \/ Yoast SEO Premium plugin. -->","yoast_head_json":{"title":"vedfyrt badestamp Wellness comfort med akrylinnsats !!!NY!!!","description":"Nyt en luksuri\u00f8s badeopplevelse med v\u00e5rt vedfyrte massasjebad Wellness comfort, utstyrt med en slitesterk innsats i akryl. Kj\u00f8p ditt eget n\u00e5! \ud83c\udf1f","robots":{"index":"index","follow":"follow","max-snippet":"max-snippet:-1","max-image-preview":"max-image-preview:large","max-video-preview":"max-video-preview:-1"},"canonical":"https:\/\/www.topolis.se\/no\/produkt\/vedfyrt-badestamp-velvaerekomfort\/","og_locale":"nb_NO","og_type":"article","og_title":"Vedeldad badtunna Wellness comfort med akrylinsats","og_description":"Njut av en lyxig badupplevelse med v\u00e5r vedeldad badtunna Wellness comfort, utrustad med en h\u00e5llbar akryl insats. Skaffa din egen nu! \ud83c\udf1f","og_url":"https:\/\/www.topolis.se\/no\/produkt\/vedfyrt-badestamp-velvaerekomfort\/","og_site_name":"Topolis","article_publisher":"https:\/\/www.facebook.com\/Topolis-AB-1481407308845438","article_modified_time":"2026-01-01T18:13:57+00:00","og_image":[{"width":1546,"height":1408,"url":"https:\/\/www.topolis.se\/wp-content\/uploads\/2021\/06\/kubilas_spalisnn.jpg","type":"image\/jpeg"}],"twitter_card":"summary_large_image","twitter_misc":{"Availability":"On backorder"},"schema":{"@context":"https:\/\/schema.org","@graph":[{"@type":"WebPage","@id":"https:\/\/www.topolis.se\/produkt\/vedeldad-badtunna-wellness-comfort\/","url":"https:\/\/www.topolis.se\/produkt\/vedeldad-badtunna-wellness-comfort\/","name":"vedfyrt badestamp Wellness comfort med akrylinnsats !!!NY!!!","isPartOf":{"@id":"https:\/\/www.topolis.se\/#website"},"primaryImageOfPage":{"@id":"https:\/\/www.topolis.se\/produkt\/vedeldad-badtunna-wellness-comfort\/#primaryimage"},"image":{"@id":"https:\/\/www.topolis.se\/produkt\/vedeldad-badtunna-wellness-comfort\/#primaryimage"},"thumbnailUrl":"https:\/\/www.topolis.se\/wp-content\/uploads\/2021\/06\/kubilas_spalisnn.jpg","datePublished":"2021-06-03T09:52:08+00:00","dateModified":"2026-01-01T18:13:57+00:00","description":"Nyt en luksuri\u00f8s badeopplevelse med v\u00e5rt vedfyrte massasjebad Wellness comfort, utstyrt med en slitesterk innsats i akryl. Kj\u00f8p ditt eget n\u00e5! \ud83c\udf1f","breadcrumb":{"@id":"https:\/\/www.topolis.se\/produkt\/vedeldad-badtunna-wellness-comfort\/#breadcrumb"},"inLanguage":"nb-NO","potentialAction":[{"@type":"ReadAction","target":["https:\/\/www.topolis.se\/produkt\/vedeldad-badtunna-wellness-comfort\/"]}]},{"@type":"ImageObject","inLanguage":"nb-NO","@id":"https:\/\/www.topolis.se\/produkt\/vedeldad-badtunna-wellness-comfort\/#primaryimage","url":"https:\/\/www.topolis.se\/wp-content\/uploads\/2021\/06\/kubilas_spalisnn.jpg","contentUrl":"https:\/\/www.topolis.se\/wp-content\/uploads\/2021\/06\/kubilas_spalisnn.jpg","width":1546,"height":1408,"caption":"badtunna"},{"@type":"BreadcrumbList","@id":"https:\/\/www.topolis.se\/produkt\/vedeldad-badtunna-wellness-comfort\/#breadcrumb","itemListElement":[{"@type":"ListItem","position":1,"name":"Home","item":"https:\/\/www.topolis.se\/"},{"@type":"ListItem","position":2,"name":"Shop","item":"http:\/\/www.topolis.se\/shop\/"},{"@type":"ListItem","position":3,"name":"Vedeldad badtunna Wellness comfort med akrylinsats"}]},{"@type":"WebSite","@id":"https:\/\/www.topolis.se\/#website","url":"https:\/\/www.topolis.se\/","name":"Topolis","description":"Ekte t\u00f8mmerhus","publisher":{"@id":"https:\/\/www.topolis.se\/#organization"},"potentialAction":[{"@type":"SearchAction","target":{"@type":"EntryPoint","urlTemplate":"https:\/\/www.topolis.se\/?s={search_term_string}"},"query-input":{"@type":"PropertyValueSpecification","valueRequired":true,"valueName":"search_term_string"}}],"inLanguage":"nb-NO"},{"@type":"Organization","@id":"https:\/\/www.topolis.se\/#organization","name":"Topolis AB","url":"https:\/\/www.topolis.se\/","logo":{"@type":"ImageObject","inLanguage":"nb-NO","@id":"https:\/\/www.topolis.se\/#\/schema\/logo\/image\/","url":"https:\/\/www.topolis.se\/wp-content\/uploads\/2022\/01\/pilkash.jpg","contentUrl":"https:\/\/www.topolis.se\/wp-content\/uploads\/2022\/01\/pilkash.jpg","width":1482,"height":1110,"caption":"Topolis AB"},"image":{"@id":"https:\/\/www.topolis.se\/#\/schema\/logo\/image\/"},"sameAs":["https:\/\/www.facebook.com\/Topolis-AB-1481407308845438","https:\/\/www.instagram.com\/topolisab\/","https:\/\/www.youtube.com\/channel\/UCcOYf9nxQDMyAsTxDq2hMJg"]}]},"og_availability":"backorder","product_availability":"available for order","product_condition":"new"},"_links":{"self":[{"href":"https:\/\/www.topolis.se\/no\/wp-json\/wp\/v2\/product\/3651","targetHints":{"allow":["GET"]}}],"collection":[{"href":"https:\/\/www.topolis.se\/no\/wp-json\/wp\/v2\/product"}],"about":[{"href":"https:\/\/www.topolis.se\/no\/wp-json\/wp\/v2\/types\/product"}],"replies":[{"embeddable":true,"href":"https:\/\/www.topolis.se\/no\/wp-json\/wp\/v2\/comments?post=3651"}],"wp:featuredmedia":[{"embeddable":true,"href":"https:\/\/www.topolis.se\/no\/wp-json\/wp\/v2\/media\/8449"}],"wp:attachment":[{"href":"https:\/\/www.topolis.se\/no\/wp-json\/wp\/v2\/media?parent=3651"}],"wp:term":[{"taxonomy":"product_brand","embeddable":true,"href":"https:\/\/www.topolis.se\/no\/wp-json\/wp\/v2\/product_brand?post=3651"},{"taxonomy":"product_cat","embeddable":true,"href":"https:\/\/www.topolis.se\/no\/wp-json\/wp\/v2\/product_cat?post=3651"},{"taxonomy":"product_tag","embeddable":true,"href":"https:\/\/www.topolis.se\/no\/wp-json\/wp\/v2\/product_tag?post=3651"}],"curies":[{"name":"wp","href":"https:\/\/api.w.org\/{rel}","templated":true}]}}