{"id":442,"date":"2021-05-30T22:31:03","date_gmt":"2021-05-30T22:31:03","guid":{"rendered":"http:\/\/www.topolis.se\/?post_type=product&#038;p=442"},"modified":"2025-12-03T12:05:40","modified_gmt":"2025-12-03T12:05:40","slug":"vedfyrt-badestamp-wellness-deluxe","status":"publish","type":"product","link":"https:\/\/www.topolis.se\/no\/produkt\/vedeldad-badtunna-wellness-deluxe\/","title":{"rendered":"Vedfyrt badestamp Wellness deluxe"},"content":{"rendered":"<p><strong>Opplev luksusen av avslapning med v\u00e5rt vedfyrte badestampbad Wellness Deluxe!<\/strong><br \/>\nNyt en unik badeopplevelse \u00e5ret rundt med v\u00e5r eksklusive Wellness Deluxe vedfyrte badestamp. Dette badestampen kombinerer tradisjonell sjarm med moderne bekvemmelighet, noe som gj\u00f8r den til et must for alle som elsker \u00e5 nyte et varmt bad under \u00e5pen himmel.<\/p>\n<p><strong>Integrert peis:<\/strong> Den innebygde komfyren varmer vannet raskt og effektivt, slik at du kan nyte et varmt bad p\u00e5 null komma niks.<\/p>\n<p><strong>Elegant design:<\/strong> Med sin stilige og moderne design passer Wellness Deluxe perfekt inn i enhver hage eller uteplass.<\/p>\n<p><strong>Romslig:<\/strong> Med plass til opptil 6 personer er den ideell for sosiale sammenkomster eller en avslappende stund p\u00e5 egen h\u00e5nd.<\/p>\n<p><strong>Brukervennlighet:<\/strong> Enkel \u00e5 installere og vedlikeholde, slik at du kan konsentrere deg om \u00e5 nyte badeopplevelsen.<\/p>","protected":false},"excerpt":{"rendered":"<p>For 5-7 personer<\/p>","protected":false},"featured_media":6497,"comment_status":"open","ping_status":"closed","template":"","meta":{"_acf_changed":false,"_monsterinsights_skip_tracking":false,"_monsterinsights_sitenote_active":false,"_monsterinsights_sitenote_note":"","_monsterinsights_sitenote_category":0},"product_brand":[],"product_cat":[25],"product_tag":[],"class_list":{"0":"post-442","1":"product","2":"type-product","3":"status-publish","4":"has-post-thumbnail","6":"product_cat-badtunna","8":"first","9":"onbackorder","10":"taxable","11":"shipping-taxable","12":"purchasable","13":"product-type-variable"},"acf":[],"yoast_head":"<!-- This site is optimized with the Yoast SEO Premium plugin v27.0 (Yoast SEO v27.0) - https:\/\/yoast.com\/product\/yoast-seo-premium-wordpress\/ -->\n<title>Vedeldad badtunna &#187; vedeldad badtunna wellness deluxe<\/title>\n<meta name=\"description\" content=\"Vedeldad badtunna wellness deluxe \u00e4r v\u00e5r mest s\u00e5lda och mest rekommenderade badtunna. Njut av en unik badupplevelse \u00e5ret runt med v\u00e5r exklusiva kolektion\" \/>\n<meta name=\"robots\" content=\"index, follow, max-snippet:-1, max-image-preview:large, max-video-preview:-1\" \/>\n<link rel=\"canonical\" href=\"https:\/\/www.topolis.se\/no\/produkt\/vedfyrt-badestamp-wellness-deluxe\/\" \/>\n<meta property=\"og:locale\" content=\"nb_NO\" \/>\n<meta property=\"og:type\" content=\"article\" \/>\n<meta property=\"og:title\" content=\"Vedeldad badtunna Wellness deluxe\" \/>\n<meta property=\"og:description\" content=\"Vedeldad badtunna wellness deluxe \u00e4r v\u00e5r mest s\u00e5lda och mest rekommenderade badtunna. Njut av en unik badupplevelse \u00e5ret runt med v\u00e5r exklusiva kolektion\" \/>\n<meta property=\"og:url\" content=\"https:\/\/www.topolis.se\/no\/produkt\/vedfyrt-badestamp-wellness-deluxe\/\" \/>\n<meta property=\"og:site_name\" content=\"Topolis\" \/>\n<meta property=\"article:publisher\" content=\"https:\/\/www.facebook.com\/Topolis-AB-1481407308845438\" \/>\n<meta property=\"article:modified_time\" content=\"2025-12-03T12:05:40+00:00\" \/>\n<meta property=\"og:image\" content=\"https:\/\/www.topolis.se\/wp-content\/uploads\/2021\/05\/1b.jpg\" \/>\n\t<meta property=\"og:image:width\" content=\"1500\" \/>\n\t<meta property=\"og:image:height\" content=\"1500\" \/>\n\t<meta property=\"og:image:type\" content=\"image\/jpeg\" \/>\n<meta name=\"twitter:card\" content=\"summary_large_image\" \/>\n<meta name=\"twitter:label1\" content=\"Availability\" \/>\n\t<meta name=\"twitter:data1\" content=\"On backorder\" \/>\n<script type=\"application\/ld+json\" class=\"yoast-schema-graph\">{\"@context\":\"https:\/\/schema.org\",\"@graph\":[{\"@type\":\"WebPage\",\"@id\":\"https:\/\/www.topolis.se\/produkt\/vedeldad-badtunna-wellness-deluxe\/\",\"url\":\"https:\/\/www.topolis.se\/produkt\/vedeldad-badtunna-wellness-deluxe\/\",\"name\":\"Vedeldad badtunna &#187; vedeldad badtunna wellness deluxe\",\"isPartOf\":{\"@id\":\"https:\/\/www.topolis.se\/#website\"},\"primaryImageOfPage\":{\"@id\":\"https:\/\/www.topolis.se\/produkt\/vedeldad-badtunna-wellness-deluxe\/#primaryimage\"},\"image\":{\"@id\":\"https:\/\/www.topolis.se\/produkt\/vedeldad-badtunna-wellness-deluxe\/#primaryimage\"},\"thumbnailUrl\":\"https:\/\/www.topolis.se\/wp-content\/uploads\/2021\/05\/1b.jpg\",\"datePublished\":\"2021-05-30T22:31:03+00:00\",\"dateModified\":\"2025-12-03T12:05:40+00:00\",\"description\":\"Vedeldad badtunna wellness deluxe \u00e4r v\u00e5r mest s\u00e5lda och mest rekommenderade badtunna. Njut av en unik badupplevelse \u00e5ret runt med v\u00e5r exklusiva kolektion\",\"breadcrumb\":{\"@id\":\"https:\/\/www.topolis.se\/produkt\/vedeldad-badtunna-wellness-deluxe\/#breadcrumb\"},\"inLanguage\":\"nb-NO\",\"potentialAction\":[{\"@type\":\"ReadAction\",\"target\":[\"https:\/\/www.topolis.se\/produkt\/vedeldad-badtunna-wellness-deluxe\/\"]}]},{\"@type\":\"ImageObject\",\"inLanguage\":\"nb-NO\",\"@id\":\"https:\/\/www.topolis.se\/produkt\/vedeldad-badtunna-wellness-deluxe\/#primaryimage\",\"url\":\"https:\/\/www.topolis.se\/wp-content\/uploads\/2021\/05\/1b.jpg\",\"contentUrl\":\"https:\/\/www.topolis.se\/wp-content\/uploads\/2021\/05\/1b.jpg\",\"width\":1500,\"height\":1500,\"caption\":\"badtunna\"},{\"@type\":\"BreadcrumbList\",\"@id\":\"https:\/\/www.topolis.se\/produkt\/vedeldad-badtunna-wellness-deluxe\/#breadcrumb\",\"itemListElement\":[{\"@type\":\"ListItem\",\"position\":1,\"name\":\"Home\",\"item\":\"https:\/\/www.topolis.se\/\"},{\"@type\":\"ListItem\",\"position\":2,\"name\":\"Shop\",\"item\":\"http:\/\/www.topolis.se\/shop\/\"},{\"@type\":\"ListItem\",\"position\":3,\"name\":\"Vedeldad badtunna Wellness deluxe\"}]},{\"@type\":\"WebSite\",\"@id\":\"https:\/\/www.topolis.se\/#website\",\"url\":\"https:\/\/www.topolis.se\/\",\"name\":\"Topolis\",\"description\":\"\u00c4kta timmerhus\",\"publisher\":{\"@id\":\"https:\/\/www.topolis.se\/#organization\"},\"potentialAction\":[{\"@type\":\"SearchAction\",\"target\":{\"@type\":\"EntryPoint\",\"urlTemplate\":\"https:\/\/www.topolis.se\/?s={search_term_string}\"},\"query-input\":{\"@type\":\"PropertyValueSpecification\",\"valueRequired\":true,\"valueName\":\"search_term_string\"}}],\"inLanguage\":\"nb-NO\"},{\"@type\":\"Organization\",\"@id\":\"https:\/\/www.topolis.se\/#organization\",\"name\":\"Topolis AB\",\"url\":\"https:\/\/www.topolis.se\/\",\"logo\":{\"@type\":\"ImageObject\",\"inLanguage\":\"nb-NO\",\"@id\":\"https:\/\/www.topolis.se\/#\/schema\/logo\/image\/\",\"url\":\"https:\/\/www.topolis.se\/wp-content\/uploads\/2022\/01\/pilkash.jpg\",\"contentUrl\":\"https:\/\/www.topolis.se\/wp-content\/uploads\/2022\/01\/pilkash.jpg\",\"width\":1482,\"height\":1110,\"caption\":\"Topolis AB\"},\"image\":{\"@id\":\"https:\/\/www.topolis.se\/#\/schema\/logo\/image\/\"},\"sameAs\":[\"https:\/\/www.facebook.com\/Topolis-AB-1481407308845438\",\"https:\/\/www.instagram.com\/topolisab\/\",\"https:\/\/www.youtube.com\/channel\/UCcOYf9nxQDMyAsTxDq2hMJg\"]}]}<\/script>\n<meta property=\"og:availability\" content=\"backorder\" \/>\n<meta property=\"product:availability\" content=\"available for order\" \/>\n<meta property=\"product:condition\" content=\"new\" \/>\n<!-- \/ Yoast SEO Premium plugin. -->","yoast_head_json":{"title":"Vedfyrt badestamp \u00bb vedfyrt badestamp wellness deluxe","description":"Wellness deluxe vedfyrt badestamp er v\u00e5r bestselgende og mest anbefalte badestamp. Nyt en unik badeopplevelse \u00e5ret rundt med v\u00e5r eksklusive kolleksjon","robots":{"index":"index","follow":"follow","max-snippet":"max-snippet:-1","max-image-preview":"max-image-preview:large","max-video-preview":"max-video-preview:-1"},"canonical":"https:\/\/www.topolis.se\/no\/produkt\/vedfyrt-badestamp-wellness-deluxe\/","og_locale":"nb_NO","og_type":"article","og_title":"Vedeldad badtunna Wellness deluxe","og_description":"Vedeldad badtunna wellness deluxe \u00e4r v\u00e5r mest s\u00e5lda och mest rekommenderade badtunna. Njut av en unik badupplevelse \u00e5ret runt med v\u00e5r exklusiva kolektion","og_url":"https:\/\/www.topolis.se\/no\/produkt\/vedfyrt-badestamp-wellness-deluxe\/","og_site_name":"Topolis","article_publisher":"https:\/\/www.facebook.com\/Topolis-AB-1481407308845438","article_modified_time":"2025-12-03T12:05:40+00:00","og_image":[{"width":1500,"height":1500,"url":"https:\/\/www.topolis.se\/wp-content\/uploads\/2021\/05\/1b.jpg","type":"image\/jpeg"}],"twitter_card":"summary_large_image","twitter_misc":{"Availability":"On backorder"},"schema":{"@context":"https:\/\/schema.org","@graph":[{"@type":"WebPage","@id":"https:\/\/www.topolis.se\/produkt\/vedeldad-badtunna-wellness-deluxe\/","url":"https:\/\/www.topolis.se\/produkt\/vedeldad-badtunna-wellness-deluxe\/","name":"Vedfyrt badestamp \u00bb vedfyrt badestamp wellness deluxe","isPartOf":{"@id":"https:\/\/www.topolis.se\/#website"},"primaryImageOfPage":{"@id":"https:\/\/www.topolis.se\/produkt\/vedeldad-badtunna-wellness-deluxe\/#primaryimage"},"image":{"@id":"https:\/\/www.topolis.se\/produkt\/vedeldad-badtunna-wellness-deluxe\/#primaryimage"},"thumbnailUrl":"https:\/\/www.topolis.se\/wp-content\/uploads\/2021\/05\/1b.jpg","datePublished":"2021-05-30T22:31:03+00:00","dateModified":"2025-12-03T12:05:40+00:00","description":"Wellness deluxe vedfyrt badestamp er v\u00e5r bestselgende og mest anbefalte badestamp. Nyt en unik badeopplevelse \u00e5ret rundt med v\u00e5r eksklusive kolleksjon","breadcrumb":{"@id":"https:\/\/www.topolis.se\/produkt\/vedeldad-badtunna-wellness-deluxe\/#breadcrumb"},"inLanguage":"nb-NO","potentialAction":[{"@type":"ReadAction","target":["https:\/\/www.topolis.se\/produkt\/vedeldad-badtunna-wellness-deluxe\/"]}]},{"@type":"ImageObject","inLanguage":"nb-NO","@id":"https:\/\/www.topolis.se\/produkt\/vedeldad-badtunna-wellness-deluxe\/#primaryimage","url":"https:\/\/www.topolis.se\/wp-content\/uploads\/2021\/05\/1b.jpg","contentUrl":"https:\/\/www.topolis.se\/wp-content\/uploads\/2021\/05\/1b.jpg","width":1500,"height":1500,"caption":"badtunna"},{"@type":"BreadcrumbList","@id":"https:\/\/www.topolis.se\/produkt\/vedeldad-badtunna-wellness-deluxe\/#breadcrumb","itemListElement":[{"@type":"ListItem","position":1,"name":"Home","item":"https:\/\/www.topolis.se\/"},{"@type":"ListItem","position":2,"name":"Shop","item":"http:\/\/www.topolis.se\/shop\/"},{"@type":"ListItem","position":3,"name":"Vedeldad badtunna Wellness deluxe"}]},{"@type":"WebSite","@id":"https:\/\/www.topolis.se\/#website","url":"https:\/\/www.topolis.se\/","name":"Topolis","description":"Ekte t\u00f8mmerhus","publisher":{"@id":"https:\/\/www.topolis.se\/#organization"},"potentialAction":[{"@type":"SearchAction","target":{"@type":"EntryPoint","urlTemplate":"https:\/\/www.topolis.se\/?s={search_term_string}"},"query-input":{"@type":"PropertyValueSpecification","valueRequired":true,"valueName":"search_term_string"}}],"inLanguage":"nb-NO"},{"@type":"Organization","@id":"https:\/\/www.topolis.se\/#organization","name":"Topolis AB","url":"https:\/\/www.topolis.se\/","logo":{"@type":"ImageObject","inLanguage":"nb-NO","@id":"https:\/\/www.topolis.se\/#\/schema\/logo\/image\/","url":"https:\/\/www.topolis.se\/wp-content\/uploads\/2022\/01\/pilkash.jpg","contentUrl":"https:\/\/www.topolis.se\/wp-content\/uploads\/2022\/01\/pilkash.jpg","width":1482,"height":1110,"caption":"Topolis AB"},"image":{"@id":"https:\/\/www.topolis.se\/#\/schema\/logo\/image\/"},"sameAs":["https:\/\/www.facebook.com\/Topolis-AB-1481407308845438","https:\/\/www.instagram.com\/topolisab\/","https:\/\/www.youtube.com\/channel\/UCcOYf9nxQDMyAsTxDq2hMJg"]}]},"og_availability":"backorder","product_availability":"available for order","product_condition":"new"},"_links":{"self":[{"href":"https:\/\/www.topolis.se\/no\/wp-json\/wp\/v2\/product\/442","targetHints":{"allow":["GET"]}}],"collection":[{"href":"https:\/\/www.topolis.se\/no\/wp-json\/wp\/v2\/product"}],"about":[{"href":"https:\/\/www.topolis.se\/no\/wp-json\/wp\/v2\/types\/product"}],"replies":[{"embeddable":true,"href":"https:\/\/www.topolis.se\/no\/wp-json\/wp\/v2\/comments?post=442"}],"wp:featuredmedia":[{"embeddable":true,"href":"https:\/\/www.topolis.se\/no\/wp-json\/wp\/v2\/media\/6497"}],"wp:attachment":[{"href":"https:\/\/www.topolis.se\/no\/wp-json\/wp\/v2\/media?parent=442"}],"wp:term":[{"taxonomy":"product_brand","embeddable":true,"href":"https:\/\/www.topolis.se\/no\/wp-json\/wp\/v2\/product_brand?post=442"},{"taxonomy":"product_cat","embeddable":true,"href":"https:\/\/www.topolis.se\/no\/wp-json\/wp\/v2\/product_cat?post=442"},{"taxonomy":"product_tag","embeddable":true,"href":"https:\/\/www.topolis.se\/no\/wp-json\/wp\/v2\/product_tag?post=442"}],"curies":[{"name":"wp","href":"https:\/\/api.w.org\/{rel}","templated":true}]}}