{"id":8630,"date":"2023-12-12T19:45:24","date_gmt":"2023-12-12T19:45:24","guid":{"rendered":"https:\/\/www.topolis.se\/?post_type=product&#038;p=8630"},"modified":"2025-11-28T11:05:41","modified_gmt":"2025-11-28T11:05:41","slug":"vedfyrt-bad","status":"publish","type":"product","link":"https:\/\/www.topolis.se\/no\/produkt\/vedeldad-badkar\/","title":{"rendered":"Vedfyrt badekar"},"content":{"rendered":"<p>&nbsp;<\/p>\n<p>Opplev den ultimate avslapning med v\u00e5rt vedfyrte badekar, som er designet for \u00e5 gi deg en luksuri\u00f8s og naturlig badeopplevelse.<\/p>\n<p>Et sv\u00e6rt praktisk vedfyrt badekar som er hele 10 cm h\u00f8yere enn et vanlig boblebad.<\/p>\n<p>Har to sv\u00e6rt komfortable seter der du kan slappe av og legge begge skuldrene under vannet og bare nyte!<\/p>\n<p>Karet er enkelt \u00e5 plassere og krever ikke store mengder vann. Rask oppvarming betyr at du kan bruke karet hver dag uten store forberedelser.<\/p>\n<p>Badekaret kan oppdateres med det samme tilbeh\u00f8ret som de st\u00f8rre modellene.<\/p>\n<p>&nbsp;<\/p>","protected":false},"excerpt":{"rendered":"<p>For 1-2 personer<\/p>","protected":false},"featured_media":8636,"comment_status":"closed","ping_status":"closed","template":"","meta":{"_acf_changed":false,"_monsterinsights_skip_tracking":false,"_monsterinsights_sitenote_active":false,"_monsterinsights_sitenote_note":"","_monsterinsights_sitenote_category":0},"product_brand":[],"product_cat":[25],"product_tag":[],"class_list":{"0":"post-8630","1":"product","2":"type-product","3":"status-publish","4":"has-post-thumbnail","6":"product_cat-badtunna","8":"first","9":"instock","10":"taxable","11":"shipping-taxable","12":"purchasable","13":"product-type-variable"},"acf":[],"yoast_head":"<!-- This site is optimized with the Yoast SEO Premium plugin v27.0 (Yoast SEO v27.0) - https:\/\/yoast.com\/product\/yoast-seo-premium-wordpress\/ -->\n<title>Vedeldad Badkar: Ultimat Avkoppling och Lyx !!!NYHET!!!<\/title>\n<meta name=\"description\" content=\"Ta din avkoppling till n\u00e4sta niv\u00e5 med v\u00e5rt vedeldade badkar, utformat f\u00f6r att ge ultimat komfort. F\u00e5nga din lyxiga stund idag! \u2728\" \/>\n<meta name=\"robots\" content=\"index, follow, max-snippet:-1, max-image-preview:large, max-video-preview:-1\" \/>\n<link rel=\"canonical\" href=\"https:\/\/www.topolis.se\/no\/produkt\/vedfyrt-bad\/\" \/>\n<meta property=\"og:locale\" content=\"nb_NO\" \/>\n<meta property=\"og:type\" content=\"article\" \/>\n<meta property=\"og:title\" content=\"Vedeldad badkar\" \/>\n<meta property=\"og:description\" content=\"Ta din avkoppling till n\u00e4sta niv\u00e5 med v\u00e5rt vedeldade badkar, utformat f\u00f6r att ge ultimat komfort. F\u00e5nga din lyxiga stund idag! \u2728\" \/>\n<meta property=\"og:url\" content=\"https:\/\/www.topolis.se\/no\/produkt\/vedfyrt-bad\/\" \/>\n<meta property=\"og:site_name\" content=\"Topolis\" \/>\n<meta property=\"article:publisher\" content=\"https:\/\/www.facebook.com\/Topolis-AB-1481407308845438\" \/>\n<meta property=\"article:modified_time\" content=\"2025-11-28T11:05:41+00:00\" \/>\n<meta property=\"og:image\" content=\"https:\/\/www.topolis.se\/wp-content\/uploads\/2023\/12\/Kubilas_staciakampis.jpg\" \/>\n\t<meta property=\"og:image:width\" content=\"1500\" \/>\n\t<meta property=\"og:image:height\" content=\"1500\" \/>\n\t<meta property=\"og:image:type\" content=\"image\/jpeg\" \/>\n<meta name=\"twitter:card\" content=\"summary_large_image\" \/>\n<meta name=\"twitter:label1\" content=\"Availability\" \/>\n\t<meta name=\"twitter:data1\" content=\"In stock\" \/>\n<script type=\"application\/ld+json\" class=\"yoast-schema-graph\">{\"@context\":\"https:\/\/schema.org\",\"@graph\":[{\"@type\":\"WebPage\",\"@id\":\"https:\/\/www.topolis.se\/produkt\/vedeldad-badkar\/\",\"url\":\"https:\/\/www.topolis.se\/produkt\/vedeldad-badkar\/\",\"name\":\"Vedeldad Badkar: Ultimat Avkoppling och Lyx !!!NYHET!!!\",\"isPartOf\":{\"@id\":\"https:\/\/www.topolis.se\/#website\"},\"primaryImageOfPage\":{\"@id\":\"https:\/\/www.topolis.se\/produkt\/vedeldad-badkar\/#primaryimage\"},\"image\":{\"@id\":\"https:\/\/www.topolis.se\/produkt\/vedeldad-badkar\/#primaryimage\"},\"thumbnailUrl\":\"https:\/\/www.topolis.se\/wp-content\/uploads\/2023\/12\/Kubilas_staciakampis.jpg\",\"datePublished\":\"2023-12-12T19:45:24+00:00\",\"dateModified\":\"2025-11-28T11:05:41+00:00\",\"description\":\"Ta din avkoppling till n\u00e4sta niv\u00e5 med v\u00e5rt vedeldade badkar, utformat f\u00f6r att ge ultimat komfort. F\u00e5nga din lyxiga stund idag! \u2728\",\"breadcrumb\":{\"@id\":\"https:\/\/www.topolis.se\/produkt\/vedeldad-badkar\/#breadcrumb\"},\"inLanguage\":\"nb-NO\",\"potentialAction\":[{\"@type\":\"ReadAction\",\"target\":[\"https:\/\/www.topolis.se\/produkt\/vedeldad-badkar\/\"]}]},{\"@type\":\"ImageObject\",\"inLanguage\":\"nb-NO\",\"@id\":\"https:\/\/www.topolis.se\/produkt\/vedeldad-badkar\/#primaryimage\",\"url\":\"https:\/\/www.topolis.se\/wp-content\/uploads\/2023\/12\/Kubilas_staciakampis.jpg\",\"contentUrl\":\"https:\/\/www.topolis.se\/wp-content\/uploads\/2023\/12\/Kubilas_staciakampis.jpg\",\"width\":1500,\"height\":1500,\"caption\":\"topolis badkar\"},{\"@type\":\"BreadcrumbList\",\"@id\":\"https:\/\/www.topolis.se\/produkt\/vedeldad-badkar\/#breadcrumb\",\"itemListElement\":[{\"@type\":\"ListItem\",\"position\":1,\"name\":\"Home\",\"item\":\"https:\/\/www.topolis.se\/\"},{\"@type\":\"ListItem\",\"position\":2,\"name\":\"Shop\",\"item\":\"http:\/\/www.topolis.se\/shop\/\"},{\"@type\":\"ListItem\",\"position\":3,\"name\":\"Vedeldad badkar\"}]},{\"@type\":\"WebSite\",\"@id\":\"https:\/\/www.topolis.se\/#website\",\"url\":\"https:\/\/www.topolis.se\/\",\"name\":\"Topolis\",\"description\":\"\u00c4kta timmerhus\",\"publisher\":{\"@id\":\"https:\/\/www.topolis.se\/#organization\"},\"potentialAction\":[{\"@type\":\"SearchAction\",\"target\":{\"@type\":\"EntryPoint\",\"urlTemplate\":\"https:\/\/www.topolis.se\/?s={search_term_string}\"},\"query-input\":{\"@type\":\"PropertyValueSpecification\",\"valueRequired\":true,\"valueName\":\"search_term_string\"}}],\"inLanguage\":\"nb-NO\"},{\"@type\":\"Organization\",\"@id\":\"https:\/\/www.topolis.se\/#organization\",\"name\":\"Topolis AB\",\"url\":\"https:\/\/www.topolis.se\/\",\"logo\":{\"@type\":\"ImageObject\",\"inLanguage\":\"nb-NO\",\"@id\":\"https:\/\/www.topolis.se\/#\/schema\/logo\/image\/\",\"url\":\"https:\/\/www.topolis.se\/wp-content\/uploads\/2022\/01\/pilkash.jpg\",\"contentUrl\":\"https:\/\/www.topolis.se\/wp-content\/uploads\/2022\/01\/pilkash.jpg\",\"width\":1482,\"height\":1110,\"caption\":\"Topolis AB\"},\"image\":{\"@id\":\"https:\/\/www.topolis.se\/#\/schema\/logo\/image\/\"},\"sameAs\":[\"https:\/\/www.facebook.com\/Topolis-AB-1481407308845438\",\"https:\/\/www.instagram.com\/topolisab\/\",\"https:\/\/www.youtube.com\/channel\/UCcOYf9nxQDMyAsTxDq2hMJg\"]}]}<\/script>\n<meta property=\"og:availability\" content=\"instock\" \/>\n<meta property=\"product:availability\" content=\"instock\" \/>\n<meta property=\"product:condition\" content=\"new\" \/>\n<!-- \/ Yoast SEO Premium plugin. -->","yoast_head_json":{"title":"Vedfyrt badekar: Ultimativ avslapning og luksus!!! NYHET!!!","description":"Ta avslapningen til neste niv\u00e5 med v\u00e5rt vedfyrte badekar, designet for \u00e5 gi deg den ultimate komforten. Fang ditt luksuri\u00f8se \u00f8yeblikk i dag! \u2728","robots":{"index":"index","follow":"follow","max-snippet":"max-snippet:-1","max-image-preview":"max-image-preview:large","max-video-preview":"max-video-preview:-1"},"canonical":"https:\/\/www.topolis.se\/no\/produkt\/vedfyrt-bad\/","og_locale":"nb_NO","og_type":"article","og_title":"Vedeldad badkar","og_description":"Ta din avkoppling till n\u00e4sta niv\u00e5 med v\u00e5rt vedeldade badkar, utformat f\u00f6r att ge ultimat komfort. F\u00e5nga din lyxiga stund idag! \u2728","og_url":"https:\/\/www.topolis.se\/no\/produkt\/vedfyrt-bad\/","og_site_name":"Topolis","article_publisher":"https:\/\/www.facebook.com\/Topolis-AB-1481407308845438","article_modified_time":"2025-11-28T11:05:41+00:00","og_image":[{"width":1500,"height":1500,"url":"https:\/\/www.topolis.se\/wp-content\/uploads\/2023\/12\/Kubilas_staciakampis.jpg","type":"image\/jpeg"}],"twitter_card":"summary_large_image","twitter_misc":{"Availability":"In stock"},"schema":{"@context":"https:\/\/schema.org","@graph":[{"@type":"WebPage","@id":"https:\/\/www.topolis.se\/produkt\/vedeldad-badkar\/","url":"https:\/\/www.topolis.se\/produkt\/vedeldad-badkar\/","name":"Vedfyrt badekar: Ultimativ avslapning og luksus!!! NYHET!!!","isPartOf":{"@id":"https:\/\/www.topolis.se\/#website"},"primaryImageOfPage":{"@id":"https:\/\/www.topolis.se\/produkt\/vedeldad-badkar\/#primaryimage"},"image":{"@id":"https:\/\/www.topolis.se\/produkt\/vedeldad-badkar\/#primaryimage"},"thumbnailUrl":"https:\/\/www.topolis.se\/wp-content\/uploads\/2023\/12\/Kubilas_staciakampis.jpg","datePublished":"2023-12-12T19:45:24+00:00","dateModified":"2025-11-28T11:05:41+00:00","description":"Ta avslapningen til neste niv\u00e5 med v\u00e5rt vedfyrte badekar, designet for \u00e5 gi deg den ultimate komforten. Fang ditt luksuri\u00f8se \u00f8yeblikk i dag! \u2728","breadcrumb":{"@id":"https:\/\/www.topolis.se\/produkt\/vedeldad-badkar\/#breadcrumb"},"inLanguage":"nb-NO","potentialAction":[{"@type":"ReadAction","target":["https:\/\/www.topolis.se\/produkt\/vedeldad-badkar\/"]}]},{"@type":"ImageObject","inLanguage":"nb-NO","@id":"https:\/\/www.topolis.se\/produkt\/vedeldad-badkar\/#primaryimage","url":"https:\/\/www.topolis.se\/wp-content\/uploads\/2023\/12\/Kubilas_staciakampis.jpg","contentUrl":"https:\/\/www.topolis.se\/wp-content\/uploads\/2023\/12\/Kubilas_staciakampis.jpg","width":1500,"height":1500,"caption":"topolis badkar"},{"@type":"BreadcrumbList","@id":"https:\/\/www.topolis.se\/produkt\/vedeldad-badkar\/#breadcrumb","itemListElement":[{"@type":"ListItem","position":1,"name":"Home","item":"https:\/\/www.topolis.se\/"},{"@type":"ListItem","position":2,"name":"Shop","item":"http:\/\/www.topolis.se\/shop\/"},{"@type":"ListItem","position":3,"name":"Vedeldad badkar"}]},{"@type":"WebSite","@id":"https:\/\/www.topolis.se\/#website","url":"https:\/\/www.topolis.se\/","name":"Topolis","description":"Ekte t\u00f8mmerhus","publisher":{"@id":"https:\/\/www.topolis.se\/#organization"},"potentialAction":[{"@type":"SearchAction","target":{"@type":"EntryPoint","urlTemplate":"https:\/\/www.topolis.se\/?s={search_term_string}"},"query-input":{"@type":"PropertyValueSpecification","valueRequired":true,"valueName":"search_term_string"}}],"inLanguage":"nb-NO"},{"@type":"Organization","@id":"https:\/\/www.topolis.se\/#organization","name":"Topolis AB","url":"https:\/\/www.topolis.se\/","logo":{"@type":"ImageObject","inLanguage":"nb-NO","@id":"https:\/\/www.topolis.se\/#\/schema\/logo\/image\/","url":"https:\/\/www.topolis.se\/wp-content\/uploads\/2022\/01\/pilkash.jpg","contentUrl":"https:\/\/www.topolis.se\/wp-content\/uploads\/2022\/01\/pilkash.jpg","width":1482,"height":1110,"caption":"Topolis AB"},"image":{"@id":"https:\/\/www.topolis.se\/#\/schema\/logo\/image\/"},"sameAs":["https:\/\/www.facebook.com\/Topolis-AB-1481407308845438","https:\/\/www.instagram.com\/topolisab\/","https:\/\/www.youtube.com\/channel\/UCcOYf9nxQDMyAsTxDq2hMJg"]}]},"og_availability":"instock","product_availability":"instock","product_condition":"new"},"_links":{"self":[{"href":"https:\/\/www.topolis.se\/no\/wp-json\/wp\/v2\/product\/8630","targetHints":{"allow":["GET"]}}],"collection":[{"href":"https:\/\/www.topolis.se\/no\/wp-json\/wp\/v2\/product"}],"about":[{"href":"https:\/\/www.topolis.se\/no\/wp-json\/wp\/v2\/types\/product"}],"replies":[{"embeddable":true,"href":"https:\/\/www.topolis.se\/no\/wp-json\/wp\/v2\/comments?post=8630"}],"wp:featuredmedia":[{"embeddable":true,"href":"https:\/\/www.topolis.se\/no\/wp-json\/wp\/v2\/media\/8636"}],"wp:attachment":[{"href":"https:\/\/www.topolis.se\/no\/wp-json\/wp\/v2\/media?parent=8630"}],"wp:term":[{"taxonomy":"product_brand","embeddable":true,"href":"https:\/\/www.topolis.se\/no\/wp-json\/wp\/v2\/product_brand?post=8630"},{"taxonomy":"product_cat","embeddable":true,"href":"https:\/\/www.topolis.se\/no\/wp-json\/wp\/v2\/product_cat?post=8630"},{"taxonomy":"product_tag","embeddable":true,"href":"https:\/\/www.topolis.se\/no\/wp-json\/wp\/v2\/product_tag?post=8630"}],"curies":[{"name":"wp","href":"https:\/\/api.w.org\/{rel}","templated":true}]}}